{"id":1042,"date":"2016-06-22T12:00:28","date_gmt":"2016-06-22T10:00:28","guid":{"rendered":"https:\/\/www.recolize.com\/de\/?page_id=1042"},"modified":"2023-05-26T13:55:45","modified_gmt":"2023-05-26T11:55:45","slug":"preise","status":"publish","type":"page","link":"https:\/\/www.recolize.com\/de\/recommendations\/preise\/","title":{"rendered":"Preise"},"content":{"rendered":"<section class=\"section  text-normal section-text-no-shadow section-inner-no-shadow section-normal section-opaque\"  id=\"pageHeader\" >\n    \n    <div class=\"background-overlay grid-overlay-0 \" style=\"background-color: rgba(0,130,160,1);\"><\/div>\n\n    <div class=\"container container-vertical-default\">\n        <div class=\"row vertical-default\">\n            <div class=\"col-md-12     text-center small-screen-default\"  ><div class=\"col-text-1 text-normal  element-top-0 element-bottom-0\" data-os-animation=\"none\" data-os-animation-delay=\"0s\">\n    <h1>Preise<\/h1>\n<p>Bitte w\u00e4hlen Sie eines der folgenden Pakete.<\/p>\n<\/div>\n<\/div>        <\/div>\n    <\/div>\n<\/section>\n<section class=\"section packagePricingContainer text-normal section-text-no-shadow section-inner-no-shadow section-normal section-opaque\"  >\n    \n    <div class=\"background-overlay grid-overlay-0 \" style=\"background-color: rgba(0,0,0,0);\"><\/div>\n\n    <div class=\"container container-vertical-default\">\n        <div class=\"row vertical-default\">\n            <div class=\"col-md-12     text-default small-screen-default\"  ><div class=\"row \"><div class=\"col-md-3     text-default small-screen-default\"  ><\/div><div class=\"col-md-6     text-center small-screen-default\"  >[vc_raw_html]JTNDZGl2JTIwY2xhc3MlM0QlMjJwcmljZVN3aXRjaGVyJTIyJTNFJTBBJTIwJTIwJTIwJTIwJTNDZGl2JTIwY2xhc3MlM0QlMjJwdWxsLWxlZnQlMjIlMjBzdHlsZSUzRCUyMnBhZGRpbmclM0ElMjAzcHglMjAxMHB4JTIwMCUyMDAlMjIlM0VNb25hdGxpY2hlJTIwWmFobHVuZyUzQyUyRmRpdiUzRSUwQSUzQ2xhYmVsJTIwY2xhc3MlM0QlMjJwYWNrYWdlVG9nZ2xlJTIwdG9nZ2xlJTIwcHVsbC1sZWZ0JTIyJTNFJTBBJTIwJTIwJTIwJTIwJTNDaW5wdXQlMjBjbGFzcyUzRCUyMmJ0biUyMHRvZ2dsZUlucHV0JTIwYWN0aXZlJTIyJTIwdHlwZSUzRCUyMmNoZWNrYm94JTIyJTIwY2hlY2tlZCUzRSUwQSUzQ3NwYW4lMjBjbGFzcyUzRCUyMnRvZ2dsZVNsaWRlciUyMHJvdW5kJTIyJTNFJTNDJTJGc3BhbiUzRSUwQSUyMCUyMCUyMCUyMCUzQyUyRmxhYmVsJTNFJTBBJTIwJTIwJTIwJTIwJTNDZGl2JTIwY2xhc3MlM0QlMjJwdWxsLWxlZnQlMjIlMjBzdHlsZSUzRCUyMnBhZGRpbmclM0ElMjAzcHglMjAwJTIwMCUyMDEwcHglMjIlM0VKJUMzJUE0aHJsaWNoZSUyMFphaGx1bmclM0MlMkZkaXYlM0UlMEElM0MlMkZkaXYlM0U=[\/vc_raw_html]<\/div><div class=\"col-md-3     text-default small-screen-default\"  ><\/div><\/div><div class=\"divider-wrapper \" style=\"visibility:hidden;background-color:#FFFFFF\">\n    <div class=\"visible-xs\" style=\"height:20px;\"><\/div>\n    <div class=\"visible-sm\" style=\"height:20px;\"><\/div>\n    <div class=\"visible-md\" style=\"height:20px;\"><\/div>\n    <div class=\"visible-lg\" style=\"height:20px;\"><\/div>\n<\/div><div class=\"row \"><div class=\"col-md-4     text-default small-screen-default\"  ><div class=\"starter element-top-20 element-bottom-20 pricing-col\" data-os-animation=\"none\" data-os-animation-delay=\"0s\">\n        <h2 class=\"pricing-head\" style=\"background: #ffffff; color:#00a5b2\">Starter<\/h2>\n        <div class=\"pricing-body\" style=\"background: #ffffff; color:#00a5b2\">\n                <div class=\"pricing-price\" >\n            <header style=\"background: #00a5b2; color: #FFFFFF;\">\n                <h2>\n                                        <small style=\"color: #FFFFFF;\">\u20ac<\/small>\n                                        83                <\/h2>\n                <p style=\"color: #FFFFFF;\">J\u00e4hrliche Zahlung<\/p>\n            <\/header>\n        <\/div>\n                <ul class=\"pricing-list\">\n                    <li style=\"border-color: rgba(0,165,178,0.1)\">Bis zu 100000 Page Impressions<\/li>\n                    <li style=\"border-color: rgba(0,165,178,0.1)\">Enterprise Support<\/li>\n                    <li style=\"border-color: rgba(0,165,178,0.1)\">Kostenlose Integration<\/li>\n                    <li style=\"border-color: rgba(0,165,178,0.1)\">Neue Features kostenlos<\/li>\n                <\/ul>\n                <a href=\"#\" class=\"btn btn-lg btn-primary\" style=\"background: #00a5b2; color: #ffffff;\">Testphase starten<\/a>\n            <\/div>\n<\/div><\/div><div class=\"col-md-4    pro text-default small-screen-default\"  ><div class=\"pro element-top-20 element-bottom-20 pricing-col pricing-featured\" data-os-animation=\"none\" data-os-animation-delay=\"0s\">\n        <h2 class=\"pricing-head\" style=\"background: #ffffff; color:#0082a0\">Pro<\/h2>\n        <div class=\"pricing-body\" style=\"background: #ffffff; color:#0082a0\">\n                <div class=\"pricing-price\" >\n            <header style=\"background: #0082a0; color: #FFFFFF;\">\n                <h2>\n                                        <small style=\"color: #FFFFFF;\">\u20ac<\/small>\n                                        355                <\/h2>\n                <p style=\"color: #FFFFFF;\">J\u00e4hrliche Zahlung<\/p>\n            <\/header>\n        <\/div>\n                <ul class=\"pricing-list\">\n                    <li style=\"border-color: rgba(0,130,160,0.1)\">Bis zu 500000 Page Impressions<\/li>\n                    <li style=\"border-color: rgba(0,130,160,0.1)\">Enterprise Support<\/li>\n                    <li style=\"border-color: rgba(0,130,160,0.1)\">Kostenlose Integration<\/li>\n                    <li style=\"border-color: rgba(0,130,160,0.1)\">Neue Features kostenlos<\/li>\n                <\/ul>\n                <a href=\"#subscribe\" class=\"btn btn-lg btn-primary\" style=\"background: #0082a0; color: #ffffff;\">Testphase starten<\/a>\n            <\/div>\n<\/div><\/div><div class=\"col-md-4     text-default small-screen-default\"  ><div class=\"enterprise element-top-20 element-bottom-20 pricing-col\" data-os-animation=\"none\" data-os-animation-delay=\"0s\">\n        <h2 class=\"pricing-head\" style=\"background: #ffffff; color:#00a5b2\">Enterprise<\/h2>\n        <div class=\"pricing-body\" style=\"background: #ffffff; color:#00a5b2\">\n                <div class=\"pricing-price\" >\n            <header style=\"background: #00a5b2; color: #FFFFFF;\">\n                <h2>\n                                        <small style=\"color: #FFFFFF;\">\u20ac<\/small>\n                                        899                <\/h2>\n                <p style=\"color: #FFFFFF;\">Billed Annually<\/p>\n            <\/header>\n        <\/div>\n                <ul class=\"pricing-list\">\n                    <li style=\"border-color: rgba(0,165,178,0.1)\">Bis zu 2000000 Page Impressions<\/li>\n                    <li style=\"border-color: rgba(0,165,178,0.1)\">Enterprise Support<\/li>\n                    <li style=\"border-color: rgba(0,165,178,0.1)\">Kostenlose Integration<\/li>\n                    <li style=\"border-color: rgba(0,165,178,0.1)\">Neue Features kostenlos<\/li>\n                <\/ul>\n                <a href=\"#subscribe\" class=\"btn btn-lg btn-primary\" style=\"background: #00a5b2; color: #ffffff;\">Testphase starten<\/a>\n            <\/div>\n<\/div><\/div><\/div><div class=\"row \"><div class=\"col-md-1     text-default small-screen-default\"  ><\/div><div class=\"col-md-10     text-default small-screen-default\"  ><div class=\"col-text-1 text-normal  element-top-20 element-bottom-20\" data-os-animation=\"none\" data-os-animation-delay=\"0s\">\n    <p style=\"text-align: center;\">14 Tage uneingeschr\u00e4nkter Testzeitraum.<\/p>\n<p>&nbsp;<\/p>\n<p style=\"text-align: center;\">Sie haben mehr als 2.000.000 Page Impressions pro Monat? Dann ben\u00f6tigen Sie unser ma\u00dfgeschneidertes Custom-Paket. Kontaktieren Sie uns\u00a0<a href=\"https:\/\/www.recolize.com\/de\/kontaktieren-sie-uns\/\">hier<\/a>.<\/p>\n<p>&nbsp;<\/p>\n<p style=\"text-align: center;\">Verbessern Sie Ihre Kundenbeziehungen und Konvertierungsraten, indem Sie personalisierte Empfehlungen auf Ihrer Website anbieten. Mit Recolize profitieren Sie von unserer innovativen Empfehlungstechnologie und einem einfachen, auf Ihre Bed\u00fcrfnisse ausgerichteten Tool. Wir stehen f\u00fcr eine faire Kundenbeziehung, von der vor allem kleine und mittelst\u00e4ndische Unternehmen profitieren.<\/p>\n<p style=\"text-align: center;\">Alle auf dieser Seite dargestellten Angebote richten sich ausschlie\u00dflich an gewerbliche Kunden.<br \/>\nAlle Preise in Euro zzgl. 19% MwSt.<\/p>\n<\/div>\n<\/div><div class=\"col-md-1     text-default small-screen-default\"  ><\/div><\/div><\/div>        <\/div>\n    <\/div>\n<\/section>\n","protected":false},"excerpt":{"rendered":"Preise Bitte w\u00e4hlen Sie eines der folgenden Pakete. [vc_raw_html]JTNDZGl2JTIwY2xhc3MlM0QlMjJwcmljZVN3aXRjaGVyJTIyJTNFJTBBJTIwJTIwJTIwJTIwJTNDZGl2JTIwY2xhc3MlM0QlMjJwdWxsLWxlZnQlMjIlMjBzdHlsZSUzRCUyMnBhZGRpbmclM0ElMjAzcHglMjAxMHB4JTIwMCUyMDAlMjIlM0VNb25hdGxpY2hlJTIwWmFobHVuZyUzQyUyRmRpdiUzRSUwQSUzQ2xhYmVsJTIwY2xhc3MlM0QlMjJwYWNrYWdlVG9nZ2xlJTIwdG9nZ2xlJTIwcHVsbC1sZWZ0JTIyJTNFJTBBJTIwJTIwJTIwJTIwJTNDaW5wdXQlMjBjbGFzcyUzRCUyMmJ0biUyMHRvZ2dsZUlucHV0JTIwYWN0aXZlJTIyJTIwdHlwZSUzRCUyMmNoZWNrYm94JTIyJTIwY2hlY2tlZCUzRSUwQSUzQ3NwYW4lMjBjbGFzcyUzRCUyMnRvZ2dsZVNsaWRlciUyMHJvdW5kJTIyJTNFJTNDJTJGc3BhbiUzRSUwQSUyMCUyMCUyMCUyMCUzQyUyRmxhYmVsJTNFJTBBJTIwJTIwJTIwJTIwJTNDZGl2JTIwY2xhc3MlM0QlMjJwdWxsLWxlZnQlMjIlMjBzdHlsZSUzRCUyMnBhZGRpbmclM0ElMjAzcHglMjAwJTIwMCUyMDEwcHglMjIlM0VKJUMzJUE0aHJsaWNoZSUyMFphaGx1bmclM0MlMkZkaXYlM0UlMEElM0MlMkZkaXYlM0U=[\/vc_raw_html] Starter \u20ac 83 J\u00e4hrliche Zahlung Bis zu 100000 Page Impressions Enterprise Support Kostenlose Integration Neue Features kostenlos Testphase starten Pro \u20ac 355 J\u00e4hrliche Zahlung Bis zu 500000 Page Impressions Enterprise Support Kostenlose Integration Neue Features kostenlos Testphase starten Enterprise \u20ac 899 Billed Annually Bis zu 2000000","protected":false},"author":1,"featured_media":0,"parent":2051,"menu_order":0,"comment_status":"closed","ping_status":"closed","template":"","meta":[],"tags":[],"_links":{"self":[{"href":"https:\/\/www.recolize.com\/de\/wp-json\/wp\/v2\/pages\/1042"}],"collection":[{"href":"https:\/\/www.recolize.com\/de\/wp-json\/wp\/v2\/pages"}],"about":[{"href":"https:\/\/www.recolize.com\/de\/wp-json\/wp\/v2\/types\/page"}],"author":[{"embeddable":true,"href":"https:\/\/www.recolize.com\/de\/wp-json\/wp\/v2\/users\/1"}],"replies":[{"embeddable":true,"href":"https:\/\/www.recolize.com\/de\/wp-json\/wp\/v2\/comments?post=1042"}],"version-history":[{"count":78,"href":"https:\/\/www.recolize.com\/de\/wp-json\/wp\/v2\/pages\/1042\/revisions"}],"predecessor-version":[{"id":8309,"href":"https:\/\/www.recolize.com\/de\/wp-json\/wp\/v2\/pages\/1042\/revisions\/8309"}],"up":[{"embeddable":true,"href":"https:\/\/www.recolize.com\/de\/wp-json\/wp\/v2\/pages\/2051"}],"wp:attachment":[{"href":"https:\/\/www.recolize.com\/de\/wp-json\/wp\/v2\/media?parent=1042"}],"wp:term":[{"taxonomy":"post_tag","embeddable":true,"href":"https:\/\/www.recolize.com\/de\/wp-json\/wp\/v2\/tags?post=1042"}],"curies":[{"name":"wp","href":"https:\/\/api.w.org\/{rel}","templated":true}]}}