{"id":1209,"date":"2016-08-09T18:24:29","date_gmt":"2016-08-09T16:24:29","guid":{"rendered":"https:\/\/www.recolize.com\/de\/register\/"},"modified":"2020-06-05T06:35:09","modified_gmt":"2020-06-05T04:35:09","slug":"registrieren","status":"publish","type":"page","link":"https:\/\/www.recolize.com\/de\/registrieren\/","title":{"rendered":"Registrierung"},"content":{"rendered":"<section class=\"section  text-normal section-text-no-shadow section-inner-no-shadow section-normal section-opaque\"  id=\"pageHeader\" >\n    \n    <div class=\"background-overlay grid-overlay-0 \" style=\"background-color: rgba(0,130,160,1);\"><\/div>\n\n    <div class=\"container-fullwidth container-vertical-default\">\n        <div class=\"row vertical-default\">\n            <div class=\"col-md-12     text-center small-screen-default\"  ><div class=\"col-text-1 text-normal  element-top-0 element-bottom-0\" data-os-animation=\"none\" data-os-animation-delay=\"0s\">\n    <h1>Registrieren<\/h1>\n<p>Recolize ist nur noch einen Schritt entfernt.<\/p>\n<\/div>\n<\/div>        <\/div>\n    <\/div>\n<\/section>\n<section class=\"section  text-normal section-text-no-shadow section-inner-no-shadow section-normal section-opaque\"  >\n    \n    <div class=\"background-overlay grid-overlay-0 \" style=\"background-color: rgba(0,0,0,0);\"><\/div>\n\n    <div class=\"container container-vertical-default\">\n        <div class=\"row vertical-default\">\n            <div class=\"col-md-7     text-default small-screen-default\"  ><div class=\"divider-wrapper  hidden-sm hidden-xs\" style=\"visibility:hidden;background-color:#FFFFFF\">\n    <div class=\"visible-xs\" style=\"height:0px;\"><\/div>\n    <div class=\"visible-sm\" style=\"height:0px;\"><\/div>\n    <div class=\"visible-md\" style=\"height:100px;\"><\/div>\n    <div class=\"visible-lg\" style=\"height:100px;\"><\/div>\n<\/div><div class=\"col-text-1 text-normal  element-top-0 element-bottom-0\" data-os-animation=\"none\" data-os-animation-delay=\"0s\">\n    <h2>Registrieren Sie sich ausschlie\u00dflich mit Ihrer E-Mail-Adresse.<br \/>\nOhne weitere Verpflichtungen.<\/h2>\n<ul>\n<li>Ohne Risiko: Es ist keine Angabe von Zahlungsdaten erforderlich.<\/li>\n<li>14 Tage uneingeschr\u00e4nkter Testzeitraum.<\/li>\n<li>Keine Verpflichtungen: Ihr Testzeitraum endet automatisch.<\/li>\n<li>Qualit\u00e4t: Recolize wird in Deutschland unter h\u00f6chsten Qualit\u00e4tsstandards entwickelt.<\/li>\n<\/ul>\n<\/div>\n<\/div><div class=\"col-md-5     text-default small-screen-default\"  ><div class=\"row \"><div class=\"col-md-12     text-default small-screen-default\"  ><div class=\"col-text-1 text-normal  element-top-0 element-bottom-0\" data-os-animation=\"none\" data-os-animation-delay=\"0s\">\n    <div class=\"recobotLeftSmall center-block\"><\/div>\n<\/div>\n<\/div><\/div><div class=\"row registerBox\"><div class=\"col-md-12    registerBoxColumn text-default small-screen-default\"  style=\"background:#8ee0e6;\"><div class=\"col-text-1 text-normal  element-top-20 element-bottom-20\" data-os-animation=\"none\" data-os-animation-delay=\"0s\">\n    <h3>Kostenlos registrieren<\/h3>\n<p>Sie ben\u00f6tigen nur Ihre E-Mail-Adresse und in 10 Minuten sind Ihre Empfehlungen einsatzbereit.<\/p>\n<\/div>\n<div><script src='https:\/\/www.google.com\/recaptcha\/api.js'><\/script><script type=\"text\/javascript\">if (typeof submitRegistrationAfterRecaptcha != 'function') {\n    var submitRegistrationAfterRecaptcha = function(response) {\n        Recolize.Register.submitRegistrationAfterRecaptcha(response);\n    };\n}<\/script><\/div>\n<div class=\"geniusFeaturesRegisterBox registerBox\">\n<div>\n<form class=\"registerForm\" action=\"\" method=\"post\"><input name=\"registerForm\" type=\"hidden\" value=\"1\" \/><input name=\"subscriptionProductId\" type=\"hidden\" value=\"\" \/><\/p>\n<div class=\"g-recaptcha\" data-sitekey=\"6LdGOBsUAAAAANc8UikiId_VT5mlkCb-KsXHLbOo\" data-callback=\"submitRegistrationAfterRecaptcha\" data-badge=\"bottomleft\" data-size=\"invisible\"><\/div>\n<div class=\"form-group\">\n<div class=\"row\">\n<div class=\"col-sm-12\">\n<p><input class=\"input-text form-control\" title=\"Registrierung\" name=\"email\" type=\"text\" placeholder=\"Geben Sie Ihre E-Mail Adresse ein\" \/><button class=\"registerButton btn btn-primary btn-lg\" onclick=\"Recolize.Register.submitRegistration()\" title=\"Start now\" type=\"button\">Jetzt starten<\/button><\/p>\n<div class=\"inv-recaptcha-holder\"><\/div>\n<div style=\"clear: both;\"><\/div>\n<p class=\"registerHint\">Bitte beachten Sie unsere <a href=\"\/de\/agb\/\" target=\"_blank\">AGB<\/a> sowie unsere Hinweise zum <a href=\"\/de\/datenschutz\" target=\"_blank\">Datenschutz<\/a>.<\/p>\n<p class=\"googleHint\">Diese Seite wird durch reCAPTCHA gesch\u00fctzt und es gelten die Google <a href=\"https:\/\/policies.google.com\/privacy\" target=\"_blank\">Datenschutzbestimmungen<\/a> und <a href=\"https:\/\/policies.google.com\/terms\" target=\"_blank\">Nutzungsbedingungen<\/a>.<\/p>\n<\/div>\n<\/div>\n<\/div>\n<\/form>\n<\/div>\n<\/div>\n<\/div><\/div><\/div>        <\/div>\n    <\/div>\n<\/section>\n","protected":false},"excerpt":{"rendered":"Registrieren Recolize ist nur noch einen Schritt entfernt. Registrieren Sie sich ausschlie\u00dflich mit Ihrer E-Mail-Adresse. Ohne weitere Verpflichtungen. Ohne Risiko: Es ist keine Angabe von Zahlungsdaten erforderlich. 14 Tage uneingeschr\u00e4nkter Testzeitraum. Keine Verpflichtungen: Ihr Testzeitraum endet automatisch. Qualit\u00e4t: Recolize wird in Deutschland unter h\u00f6chsten Qualit\u00e4tsstandards entwickelt. Kostenlos registrieren Sie ben\u00f6tigen nur Ihre E-Mail-Adresse und in","protected":false},"author":1,"featured_media":0,"parent":0,"menu_order":0,"comment_status":"closed","ping_status":"closed","template":"","meta":[],"tags":[],"_links":{"self":[{"href":"https:\/\/www.recolize.com\/de\/wp-json\/wp\/v2\/pages\/1209"}],"collection":[{"href":"https:\/\/www.recolize.com\/de\/wp-json\/wp\/v2\/pages"}],"about":[{"href":"https:\/\/www.recolize.com\/de\/wp-json\/wp\/v2\/types\/page"}],"author":[{"embeddable":true,"href":"https:\/\/www.recolize.com\/de\/wp-json\/wp\/v2\/users\/1"}],"replies":[{"embeddable":true,"href":"https:\/\/www.recolize.com\/de\/wp-json\/wp\/v2\/comments?post=1209"}],"version-history":[{"count":9,"href":"https:\/\/www.recolize.com\/de\/wp-json\/wp\/v2\/pages\/1209\/revisions"}],"predecessor-version":[{"id":7106,"href":"https:\/\/www.recolize.com\/de\/wp-json\/wp\/v2\/pages\/1209\/revisions\/7106"}],"wp:attachment":[{"href":"https:\/\/www.recolize.com\/de\/wp-json\/wp\/v2\/media?parent=1209"}],"wp:term":[{"taxonomy":"post_tag","embeddable":true,"href":"https:\/\/www.recolize.com\/de\/wp-json\/wp\/v2\/tags?post=1209"}],"curies":[{"name":"wp","href":"https:\/\/api.w.org\/{rel}","templated":true}]}}