{"id":1390,"date":"2016-08-22T16:49:15","date_gmt":"2016-08-22T14:49:15","guid":{"rendered":"https:\/\/www.recolize.com\/de\/shopify-successfully-installed\/"},"modified":"2017-05-09T17:07:32","modified_gmt":"2017-05-09T15:07:32","slug":"shopify-erfolgreich-installiert","status":"publish","type":"page","link":"https:\/\/www.recolize.com\/de\/shopify-erfolgreich-installiert\/","title":{"rendered":"Shopify Installation erfolgreich"},"content":{"rendered":"<section class=\"section  text-normal section-text-no-shadow section-inner-no-shadow section-normal section-opaque\"  >\n    \n    <div class=\"background-overlay grid-overlay-0 \" style=\"background-color: rgba(0,0,0,0);\"><\/div>\n\n    <div class=\"container container-vertical-default\">\n        <div class=\"row vertical-default\">\n            <div class=\"col-md-12     text-default small-screen-default\"  ><div class=\"col-text-1 text-normal  element-top-0 element-bottom-0\" data-os-animation=\"none\" data-os-animation-delay=\"0s\">\n    <h2>Wir haben Ihnen eine E-Mail\u00a0gesendet,<br \/>\num ein Passwort f\u00fcr Recolize festzulegen.<\/h2>\n<p>Die Installation des Recolize JavaScript Snippets in Ihrem Shopify-Store wurde erfolgreich abgeschlossen.<\/p>\n<p>Wir haben ein Recolize Account mit Ihrer Shopify E-Mail-Adresse angelegt und Ihnen eine E-Mail mit den Schritten zum Festlegen eines Passworts f\u00fcr Recolize gesendet.<\/p>\n<p>Bitte f\u00fchren Sie zus\u00e4tzlich noch folgende 2 Schritte in Ihrem Shopify Account durch.<\/p>\n<\/div>\n<\/div>        <\/div>\n    <\/div>\n<\/section>\n<section class=\"section  text-normal section-text-no-shadow section-inner-no-shadow section-normal section-opaque\"  >\n    \n    <div class=\"background-overlay grid-overlay-0 \" style=\"background-color: rgba(0,0,0,0);\"><\/div>\n\n    <div class=\"container container-vertical-default\">\n        <div class=\"row vertical-default\">\n            <div class=\"col-md-12     text-default small-screen-default\"  ><h2 class=\"text-left  element-top-0 element-bottom-0 text-normal normal default\" data-os-animation=\"none\" data-os-animation-delay=\"0s\" >\n    1. Aktivieren Sie das Recolize Conversion Tracking<\/h2><div class=\"figure element-top-20 element-bottom-0  \" data-os-animation=\"none\" data-os-animation-delay=\"0s\">\n            <a href=\"https:\/\/www.recolize.com\/wp-content\/uploads\/2016\/08\/shopify-add-checkout-success-tracking-script.png\" class=\"figure-image magnific\" target=\"_self\">\n        <img width=\"903\" height=\"582\" src=\"https:\/\/www.recolize.com\/wp-content\/uploads\/2016\/08\/shopify-add-checkout-success-tracking-script.png\" class=\"attachment-full size-full\" alt=\"\" decoding=\"async\" loading=\"lazy\" srcset=\"https:\/\/www.recolize.com\/wp-content\/uploads\/2016\/08\/shopify-add-checkout-success-tracking-script.png 903w, https:\/\/www.recolize.com\/wp-content\/uploads\/2016\/08\/shopify-add-checkout-success-tracking-script-300x193.png 300w, https:\/\/www.recolize.com\/wp-content\/uploads\/2016\/08\/shopify-add-checkout-success-tracking-script-768x495.png 768w\" sizes=\"(max-width: 903px) 100vw, 903px\" \/>            <\/a>\n    <\/div>\n<div class=\"col-text-1 text-normal  element-top-0 element-bottom-0\" data-os-animation=\"none\" data-os-animation-delay=\"0s\">\n    <p>Zur Aktivierung des Trackings Ihrer Verk\u00e4ufe\/Conversions f\u00fcgen Sie in Shopify unter <i>Settings &gt;<br \/>\nCheckout &gt; Order processing &gt; Additional scripts<\/i> folgendes Code-Snippet hinzu:<\/p>\n<p><code><br \/>\n{% if first_time_accessed %}<br \/>\n&lt;script type=\"text\/javascript\"&gt;<br \/>\nvar RecolizeParameters = RecolizeParameters || {};<br \/>\nRecolizeParameters['User'] = RecolizeParameters['User'] || {};<br \/>\nRecolizeParameters['User']['hash'] = '{{ attributes.Recolize }}';<br \/>\nRecolizeParameters['itemAction'] = 'sale';<br \/>\nRecolizeParameters['saleData'] = {};<br \/>\n{% for item in order.line_items %}<br \/>\nRecolizeParameters['saleData']['{{ item.product.id }}'] = '{{ item.line_price | money_without_currency }}';<br \/>\n{% endfor %}<br \/>\n&lt;\/script&gt;<br \/>\n{% endif %}<br \/>\n<\/code><\/p>\n<\/div>\n<\/div>        <\/div>\n    <\/div>\n<\/section>\n<section class=\"section  text-normal section-text-no-shadow section-inner-no-shadow section-normal section-opaque\"  >\n    \n    <div class=\"background-overlay grid-overlay-0 \" style=\"background-color: rgba(0,0,0,0);\"><\/div>\n\n    <div class=\"container container-vertical-default\">\n        <div class=\"row vertical-default\">\n            <div class=\"col-md-12     text-default small-screen-default\"  ><h2 class=\"text-left  element-top-0 element-bottom-0 text-normal normal default\" data-os-animation=\"none\" data-os-animation-delay=\"0s\" >\n    2. Einbindung der Recolize-Parameter<\/h2><div class=\"figure element-top-20 element-bottom-0  \" data-os-animation=\"none\" data-os-animation-delay=\"0s\">\n            <a href=\"https:\/\/www.recolize.com\/wp-content\/uploads\/2016\/08\/shopify-edit-theme.png\" class=\"figure-image magnific\" target=\"_self\">\n        <img width=\"741\" height=\"554\" src=\"https:\/\/www.recolize.com\/wp-content\/uploads\/2016\/08\/shopify-edit-theme.png\" class=\"attachment-full size-full\" alt=\"\" decoding=\"async\" loading=\"lazy\" srcset=\"https:\/\/www.recolize.com\/wp-content\/uploads\/2016\/08\/shopify-edit-theme.png 741w, https:\/\/www.recolize.com\/wp-content\/uploads\/2016\/08\/shopify-edit-theme-300x224.png 300w\" sizes=\"(max-width: 741px) 100vw, 741px\" \/>            <\/a>\n    <\/div>\n<div class=\"col-text-1 text-normal  element-top-0 element-bottom-0\" data-os-animation=\"none\" data-os-animation-delay=\"0s\">\n    <p>Bearbeiten Sie Ihr Theme unter <i>Online Store &gt; Themes &gt; Choose your theme &gt; Edit HTML\/CSS<\/i>.<\/p>\n<\/div>\n<div class=\"figure element-top-30 element-bottom-0  \" data-os-animation=\"none\" data-os-animation-delay=\"0s\">\n            <a href=\"https:\/\/www.recolize.com\/wp-content\/uploads\/2016\/08\/shopfiy-add-recolize-parameters.png\" class=\"figure-image magnific\" target=\"_self\">\n        <img width=\"870\" height=\"554\" src=\"https:\/\/www.recolize.com\/wp-content\/uploads\/2016\/08\/shopfiy-add-recolize-parameters.png\" class=\"attachment-full size-full\" alt=\"\" decoding=\"async\" loading=\"lazy\" srcset=\"https:\/\/www.recolize.com\/wp-content\/uploads\/2016\/08\/shopfiy-add-recolize-parameters.png 870w, https:\/\/www.recolize.com\/wp-content\/uploads\/2016\/08\/shopfiy-add-recolize-parameters-300x191.png 300w, https:\/\/www.recolize.com\/wp-content\/uploads\/2016\/08\/shopfiy-add-recolize-parameters-768x489.png 768w\" sizes=\"(max-width: 870px) 100vw, 870px\" \/>            <\/a>\n    <\/div>\n<div class=\"col-text-1 text-normal  element-top-0 element-bottom-0\" data-os-animation=\"none\" data-os-animation-delay=\"0s\">\n    <p>Klicken Sie auf <i>Layout &gt; theme.liquid<\/i> und f\u00fcgen Sie den folgenden Code vor dem abschlie\u00dfenden &lt;\/body&gt; Tag hinzu:<\/p>\n<p><code><br \/>\n{% include 'recolize-parameters' %}<br \/>\n<\/code><\/p>\n<\/div>\n<\/div>        <\/div>\n    <\/div>\n<\/section>\n","protected":false},"excerpt":{"rendered":"Wir haben Ihnen eine E-Mail\u00a0gesendet, um ein Passwort f\u00fcr Recolize festzulegen. Die Installation des Recolize JavaScript Snippets in Ihrem Shopify-Store wurde erfolgreich abgeschlossen. Wir haben ein Recolize Account mit Ihrer Shopify E-Mail-Adresse angelegt und Ihnen eine E-Mail mit den Schritten zum Festlegen eines Passworts f\u00fcr Recolize gesendet. Bitte f\u00fchren Sie zus\u00e4tzlich noch folgende 2 Schritte","protected":false},"author":1,"featured_media":0,"parent":0,"menu_order":0,"comment_status":"closed","ping_status":"closed","template":"","meta":[],"tags":[],"_links":{"self":[{"href":"https:\/\/www.recolize.com\/de\/wp-json\/wp\/v2\/pages\/1390"}],"collection":[{"href":"https:\/\/www.recolize.com\/de\/wp-json\/wp\/v2\/pages"}],"about":[{"href":"https:\/\/www.recolize.com\/de\/wp-json\/wp\/v2\/types\/page"}],"author":[{"embeddable":true,"href":"https:\/\/www.recolize.com\/de\/wp-json\/wp\/v2\/users\/1"}],"replies":[{"embeddable":true,"href":"https:\/\/www.recolize.com\/de\/wp-json\/wp\/v2\/comments?post=1390"}],"version-history":[{"count":6,"href":"https:\/\/www.recolize.com\/de\/wp-json\/wp\/v2\/pages\/1390\/revisions"}],"predecessor-version":[{"id":1705,"href":"https:\/\/www.recolize.com\/de\/wp-json\/wp\/v2\/pages\/1390\/revisions\/1705"}],"wp:attachment":[{"href":"https:\/\/www.recolize.com\/de\/wp-json\/wp\/v2\/media?parent=1390"}],"wp:term":[{"taxonomy":"post_tag","embeddable":true,"href":"https:\/\/www.recolize.com\/de\/wp-json\/wp\/v2\/tags?post=1390"}],"curies":[{"name":"wp","href":"https:\/\/api.w.org\/{rel}","templated":true}]}}