{"id":2010,"date":"2017-10-02T18:32:44","date_gmt":"2017-10-02T16:32:44","guid":{"rendered":"https:\/\/www.recolize.com\/?page_id=2010"},"modified":"2023-04-05T11:40:14","modified_gmt":"2023-04-05T09:40:14","slug":"funktionen","status":"publish","type":"page","link":"https:\/\/www.recolize.com\/de\/recommendations\/funktionen\/","title":{"rendered":"Recommendations Funktionen"},"content":{"rendered":"<section class=\"section  text-normal section-text-no-shadow section-inner-no-shadow section-normal section-opaque\"  id=\"pageHeader\" >\n    \n    <div class=\"background-overlay grid-overlay-0 \" style=\"background-color: rgba(0,130,160,1);\"><\/div>\n\n    <div class=\"container container-vertical-default\">\n        <div class=\"row vertical-default\">\n            <div class=\"col-md-12     text-center small-screen-default\"  ><div class=\"col-text-1 text-normal  element-top-0 element-bottom-0\" data-os-animation=\"none\" data-os-animation-delay=\"0s\">\n    <h1>Recommendations und Personalisierung einfach gemacht<\/h1>\n<p>Integriert in wenigen Minuten &#8211; ohne Entwickler und ohne Setup-Kosten.<\/p>\n<\/div>\n<\/div>        <\/div>\n    <\/div>\n<\/section>\n<section class=\"section mainArgumentRow text-normal section-text-no-shadow section-inner-no-shadow section-normal section-opaque\"  >\n    \n    <div class=\"background-overlay grid-overlay-0 \" style=\"background-color: rgba(0,0,0,0);\"><\/div>\n\n    <div class=\"container container-vertical-default\">\n        <div class=\"row vertical-default\">\n            <div class=\"col-md-5     text-default small-screen-default\"  ><div class=\"col-text-1 text-normal  element-top-40 element-bottom-0\" data-os-animation=\"none\" data-os-animation-delay=\"0s\">\n    <h2 id=\"NewFeaturePage9\/2017-PersonalizationEverywhere\">Alles personalisieren<\/h2>\n<p>Zeigen Sie eine unbegrenzte Anzahl an Empfehlungskarussellen auf jeder Seite an. Und teilen Sie die Personalisierung \u00fcber alle Ihre Domains wie Blog, Shop und Firmen-Website.<\/p>\n<\/div>\n<\/div><div class=\"col-md-1     text-default small-screen-default\"  ><\/div><div class=\"col-md-6     text-default small-screen-default\"  ><div class=\"figure element-top-0 element-bottom-0  \" data-os-animation=\"none\" data-os-animation-delay=\"0s\">\n            <span class=\"figure-image\">\n        <img width=\"1240\" height=\"680\" src=\"https:\/\/www.recolize.com\/wp-content\/uploads\/2017\/10\/integriere-deine-personalisierung-ueberall-1.png\" class=\"attachment-full size-full\" alt=\"\" decoding=\"async\" loading=\"lazy\" srcset=\"https:\/\/www.recolize.com\/wp-content\/uploads\/2017\/10\/integriere-deine-personalisierung-ueberall-1.png 1240w, https:\/\/www.recolize.com\/wp-content\/uploads\/2017\/10\/integriere-deine-personalisierung-ueberall-1-300x165.png 300w, https:\/\/www.recolize.com\/wp-content\/uploads\/2017\/10\/integriere-deine-personalisierung-ueberall-1-768x421.png 768w, https:\/\/www.recolize.com\/wp-content\/uploads\/2017\/10\/integriere-deine-personalisierung-ueberall-1-1024x562.png 1024w\" sizes=\"(max-width: 1240px) 100vw, 1240px\" \/>            <\/span>\n    <\/div>\n<\/div>        <\/div>\n    <\/div>\n<\/section>\n<section class=\"section mainArgumentRow text-normal section-text-no-shadow section-inner-no-shadow section-normal section-opaque\"  >\n    \n    <div class=\"background-overlay grid-overlay-0 \" style=\"background-color: rgba(0,0,0,0);\"><\/div>\n\n    <div class=\"container container-vertical-default\">\n        <div class=\"row vertical-default\">\n            <div class=\"col-md-6     text-center small-screen-default\"  ><div class=\"figure element-top-0 element-bottom-0  \" data-os-animation=\"none\" data-os-animation-delay=\"0s\">\n            <span class=\"figure-image\">\n        <img width=\"1240\" height=\"680\" src=\"https:\/\/www.recolize.com\/wp-content\/uploads\/2017\/10\/Konfiguration-.png\" class=\"attachment-full size-full\" alt=\"\" decoding=\"async\" loading=\"lazy\" srcset=\"https:\/\/www.recolize.com\/wp-content\/uploads\/2017\/10\/Konfiguration-.png 1240w, https:\/\/www.recolize.com\/wp-content\/uploads\/2017\/10\/Konfiguration--300x165.png 300w, https:\/\/www.recolize.com\/wp-content\/uploads\/2017\/10\/Konfiguration--768x421.png 768w, https:\/\/www.recolize.com\/wp-content\/uploads\/2017\/10\/Konfiguration--1024x562.png 1024w\" sizes=\"(max-width: 1240px) 100vw, 1240px\" \/>            <\/span>\n    <\/div>\n<\/div><div class=\"col-md-1     text-default small-screen-default\"  ><\/div><div class=\"col-md-5     text-default small-screen-default\"  ><div class=\"col-text-1 text-normal  element-top-40 element-bottom-0\" data-os-animation=\"none\" data-os-animation-delay=\"0s\">\n    <h2 id=\"NewFeaturePage9\/2017-Analytics-likeconfiguration\">Konfiguration wie Analytics<\/h2>\n<p>Kopieren Sie eine Ihrer Seitenadressen aus der Browser-Adresszeile und optimieren Sie die Empfehlungen daf\u00fcr.Definieren Sie Regeln wie &#8222;Empfehle rote Schuhe aus dem Sale f\u00fcr schwarze Schuhe&#8220; und f\u00fcgen Sie Empfehlungen auf saisonalen Landing Pages ein.<\/p>\n<\/div>\n<\/div>        <\/div>\n    <\/div>\n<\/section>\n<section class=\"section mainArgumentRow text-normal section-text-no-shadow section-inner-no-shadow section-normal section-opaque\"  >\n    \n    <div class=\"background-overlay grid-overlay-0 \" style=\"background-color: rgba(0,0,0,0);\"><\/div>\n\n    <div class=\"container container-vertical-default\">\n        <div class=\"row vertical-default\">\n            <div class=\"col-md-5     text-default small-screen-default\"  ><div class=\"col-text-1 text-normal  element-top-40 element-bottom-0\" data-os-animation=\"none\" data-os-animation-delay=\"0s\">\n    <h2 id=\"NewFeaturePage9\/2017-YourSmartAssistant\"><span class=\"auto-cursor-target\">Ihr smarter Assistent\u00a0<\/span><\/h2>\n<p>Analysieren Sie den Erfolg jeder Seite in Echtzeit. Verbessern Sie die Performance der Empfehlungen mit unseren intelligenten Tipps.<\/p>\n<h3><\/h3>\n<\/div>\n<\/div><div class=\"col-md-1     text-default small-screen-default\"  ><\/div><div class=\"col-md-6     text-default small-screen-default\"  ><div class=\"figure element-top-0 element-bottom-0  \" data-os-animation=\"none\" data-os-animation-delay=\"0s\">\n            <span class=\"figure-image\">\n        <img width=\"1240\" height=\"680\" src=\"https:\/\/www.recolize.com\/wp-content\/uploads\/2017\/10\/Dashboard-in-Echtzeit.png\" class=\"attachment-full size-full\" alt=\"\" decoding=\"async\" loading=\"lazy\" srcset=\"https:\/\/www.recolize.com\/wp-content\/uploads\/2017\/10\/Dashboard-in-Echtzeit.png 1240w, https:\/\/www.recolize.com\/wp-content\/uploads\/2017\/10\/Dashboard-in-Echtzeit-300x165.png 300w, https:\/\/www.recolize.com\/wp-content\/uploads\/2017\/10\/Dashboard-in-Echtzeit-768x421.png 768w, https:\/\/www.recolize.com\/wp-content\/uploads\/2017\/10\/Dashboard-in-Echtzeit-1024x562.png 1024w\" sizes=\"(max-width: 1240px) 100vw, 1240px\" \/>            <\/span>\n    <\/div>\n<\/div>        <\/div>\n    <\/div>\n<\/section>\n<section class=\"section textLarge text-normal section-text-no-shadow section-inner-no-shadow section-normal section-opaque\"  >\n    \n    <div class=\"background-overlay grid-overlay-0 \" style=\"background-color: rgba(0,0,0,0);\"><\/div>\n\n    <div class=\"container container-vertical-default\">\n        <div class=\"row vertical-default\">\n            <div class=\"col-md-2     text-default small-screen-default\"  ><\/div><div class=\"col-md-8     text-default small-screen-default\"  ><div class=\"row \"><div class=\"col-md-12     text-default small-screen-default\"  ><h2 class=\"text-center  element-top-0 element-bottom-20 text-normal normal default\" data-os-animation=\"none\" data-os-animation-delay=\"0s\" >\n    Ihre M\u00f6glichkeiten der Personalisierung<\/h2><\/div><\/div><div class=\"row \"><div class=\"col-md-6     text-default small-screen-default\"  ><div class=\"col-text-1 text-normal  element-top-0 element-bottom-0\" data-os-animation=\"none\" data-os-animation-delay=\"0s\">\n    <h3 style=\"text-align: center;\">Personalisiert<\/h3>\n<p style=\"text-align: center;\">Kunden, denen dieser Artikel gef\u00e4llt, m\u00f6gen auch jenen.<\/p>\n<\/div>\n<\/div><div class=\"col-md-6     text-default small-screen-default\"  ><div class=\"col-text-1 text-normal  element-top-0 element-bottom-0\" data-os-animation=\"none\" data-os-animation-delay=\"0s\">\n    <h3 style=\"text-align: center;\">Cross-Sells<\/h3>\n<p style=\"text-align: center;\">Zeigen Sie Ihren Kunden zugeh\u00f6rige Artikel.<\/p>\n<\/div>\n<\/div><\/div><div class=\"row \"><div class=\"col-md-12     text-default small-screen-default\"  ><div class=\"divider-wrapper \" style=\"visibility:hidden;background-color:#FFFFFF\">\n    <div class=\"visible-xs\" style=\"height:0px;\"><\/div>\n    <div class=\"visible-sm\" style=\"height:0px;\"><\/div>\n    <div class=\"visible-md\" style=\"height:0px;\"><\/div>\n    <div class=\"visible-lg\" style=\"height:0px;\"><\/div>\n<\/div><\/div><\/div><div class=\"row \"><div class=\"col-md-6     text-default small-screen-default\"  ><div class=\"col-text-1 text-normal  element-top-0 element-bottom-0\" data-os-animation=\"none\" data-os-animation-delay=\"0s\">\n    <h3 style=\"text-align: center;\">Upselling<\/h3>\n<p style=\"text-align: center;\">Bieten Sie zus\u00e4tzliche Produkte in Ihrem Warenkorb an, die genau zu den enthaltenen passen.<\/p>\n<\/div>\n<\/div><div class=\"col-md-6     text-default small-screen-default\"  ><div class=\"col-text-1 text-normal  element-top-0 element-bottom-0\" data-os-animation=\"none\" data-os-animation-delay=\"0s\">\n    <h3 style=\"text-align: center;\">Zuletzt angesehen<\/h3>\n<p style=\"text-align: center;\">Verbessern Sie die Navigation auf Ihrer Seite mit einer Historie aller besuchten Produkte.<\/p>\n<\/div>\n<\/div><\/div><div class=\"row \"><div class=\"col-md-12     text-default small-screen-default\"  ><div class=\"divider-wrapper \" style=\"visibility:hidden;background-color:#FFFFFF\">\n    <div class=\"visible-xs\" style=\"height:0px;\"><\/div>\n    <div class=\"visible-sm\" style=\"height:0px;\"><\/div>\n    <div class=\"visible-md\" style=\"height:0px;\"><\/div>\n    <div class=\"visible-lg\" style=\"height:0px;\"><\/div>\n<\/div><\/div><\/div><div class=\"row \"><div class=\"col-md-3     text-default small-screen-default\"  ><\/div><div class=\"col-md-6     text-default small-screen-default\"  ><div class=\"col-text-1 text-normal  element-top-0 element-bottom-0\" data-os-animation=\"none\" data-os-animation-delay=\"0s\">\n    <h3 style=\"text-align: center;\">Email Recommendations<\/h3>\n<p style=\"text-align: center;\">Nutzen Sie alle Personalisierungs-Features auch in Newslettern und Transaktions-E-Mails.<\/p>\n<\/div>\n<\/div><div class=\"col-md-3     text-default small-screen-default\"  ><\/div><\/div><\/div><div class=\"col-md-2     text-default small-screen-default\"  ><div class=\"figure element-top-0 element-bottom-0  \" data-os-animation=\"none\" data-os-animation-delay=\"0s\">\n            <span class=\"figure-image\">\n        <img width=\"506\" height=\"300\" src=\"https:\/\/www.recolize.com\/wp-content\/uploads\/2016\/07\/recobot-large-left.png\" class=\"attachment-full size-full\" alt=\"\" decoding=\"async\" loading=\"lazy\" srcset=\"https:\/\/www.recolize.com\/wp-content\/uploads\/2016\/07\/recobot-large-left.png 506w, https:\/\/www.recolize.com\/wp-content\/uploads\/2016\/07\/recobot-large-left-300x178.png 300w\" sizes=\"(max-width: 506px) 100vw, 506px\" \/>            <\/span>\n    <\/div>\n<\/div>        <\/div>\n    <\/div>\n<\/section>\n<section class=\"section featureList text-normal section-text-no-shadow section-inner-no-shadow section-normal section-opaque\"  >\n    \n    <div class=\"background-overlay grid-overlay-0 \" style=\"background-color: rgba(0,0,0,0);\"><\/div>\n\n    <div class=\"container container-vertical-default\">\n        <div class=\"row vertical-default\">\n            <div class=\"col-md-12     text-default small-screen-default\"  ><h2 class=\"text-left  element-top-0 element-bottom-20 text-normal normal regular\" data-os-animation=\"none\" data-os-animation-delay=\"0s\" >\n    Viele weitere tolle Features<\/h2><div class=\"row \"><div class=\"col-md-4     text-default small-screen-default\"  ><div class=\"col-text-1 text-normal  element-top-0 element-bottom-0\" data-os-animation=\"none\" data-os-animation-delay=\"0s\">\n    <h3>Kostenloses Klick-Kontingent<\/h3>\n<p>Wir schenken Ihnen 300 Klicks jeden Monat &#8211; komplett kostenlos.<\/p>\n<\/div>\n<\/div><div class=\"col-md-4     text-default small-screen-default\"  ><div class=\"col-text-1 text-normal  element-top-0 element-bottom-0\" data-os-animation=\"none\" data-os-animation-delay=\"0s\">\n    <h3>Unendliche Filter-M\u00f6glichkeiten<\/h3>\n<p>Alle Ihre Produkt-Attribute stehen in Recolize zur Verf\u00fcgung, um die Empfehlungen individuell zu beeinflussen.<\/p>\n<\/div>\n<\/div><div class=\"col-md-4     text-default small-screen-default\"  ><div class=\"col-text-1 text-normal  element-top-0 element-bottom-0\" data-os-animation=\"none\" data-os-animation-delay=\"0s\">\n    <h3>Teaser<\/h3>\n<p>Nutzen Sie vordefinierte Teaser, um spezielle Artikel zu promoten.<\/p>\n<\/div>\n<\/div><\/div><div class=\"row \"><div class=\"col-md-12     text-default small-screen-default\"  ><div class=\"divider-wrapper \" style=\"visibility:hidden;background-color:#FFFFFF\">\n    <div class=\"visible-xs\" style=\"height:0px;\"><\/div>\n    <div class=\"visible-sm\" style=\"height:0px;\"><\/div>\n    <div class=\"visible-md\" style=\"height:0px;\"><\/div>\n    <div class=\"visible-lg\" style=\"height:0px;\"><\/div>\n<\/div><\/div><\/div><div class=\"row \"><div class=\"col-md-4     text-default small-screen-default\"  ><div class=\"col-text-1 text-normal  element-top-0 element-bottom-0\" data-os-animation=\"none\" data-os-animation-delay=\"0s\">\n    <h3>Extrem schnell<\/h3>\n<p>Recolize hat keinerlei Einfluss auf die Ladezeit der Seite und die Empfehlungen werden blitzschnell angezeigt.<\/p>\n<\/div>\n<\/div><div class=\"col-md-4     text-default small-screen-default\"  ><div class=\"col-text-1 text-normal  element-top-0 element-bottom-0\" data-os-animation=\"none\" data-os-animation-delay=\"0s\">\n    <h3>Unabh\u00e4ngig vom Inhalt<\/h3>\n<p>Empfehlungen f\u00fcr alle Arten von Artikeln: Produkte, Blog-Eintr\u00e4ge, News, Navigationselemente, Bilder, etc.<\/p>\n<\/div>\n<\/div><div class=\"col-md-4     text-default small-screen-default\"  ><div class=\"col-text-1 text-normal  element-top-0 element-bottom-0\" data-os-animation=\"none\" data-os-animation-delay=\"0s\">\n    <h3>Mobil-optimiert<\/h3>\n<p>Unsere responsiven Karusselle passen perfekt f\u00fcr alle Mobile Devices und k\u00f6nnen intuitiv \u00fcber Wisch-Gesten gesteuert werden.<\/p>\n<\/div>\n<\/div><\/div><div class=\"row \"><div class=\"col-md-12     text-default small-screen-default\"  ><div class=\"divider-wrapper \" style=\"visibility:hidden;background-color:#FFFFFF\">\n    <div class=\"visible-xs\" style=\"height:0px;\"><\/div>\n    <div class=\"visible-sm\" style=\"height:0px;\"><\/div>\n    <div class=\"visible-md\" style=\"height:0px;\"><\/div>\n    <div class=\"visible-lg\" style=\"height:0px;\"><\/div>\n<\/div><\/div><\/div><div class=\"row \"><div class=\"col-md-4     text-default small-screen-default\"  ><div class=\"col-text-1 text-normal  element-top-0 element-bottom-0\" data-os-animation=\"none\" data-os-animation-delay=\"0s\">\n    <h3>Qualit\u00e4t aus Deutschland<\/h3>\n<p>Recolize wurde vollst\u00e4ndig im sch\u00f6nen M\u00fcnchen entwickelt.<\/p>\n<\/div>\n<\/div><div class=\"col-md-4     text-default small-screen-default\"  ><div class=\"col-text-1 text-normal  element-top-0 element-bottom-0\" data-os-animation=\"none\" data-os-animation-delay=\"0s\">\n    <h3>Domain, Feed, Ready<\/h3>\n<p>Alle verbreiteten Artikelfeed-Formate wie Google Merchant, CSV oder RSS werden unterst\u00fctzt.<\/p>\n<\/div>\n<\/div><div class=\"col-md-4     text-default small-screen-default\"  ><div class=\"col-text-1 text-normal  element-top-0 element-bottom-0\" data-os-animation=\"none\" data-os-animation-delay=\"0s\">\n    <h3>&#8230; und noch viel mehr.<\/h3>\n<\/div>\n<\/div><\/div><\/div>        <\/div>\n    <\/div>\n<\/section>\n","protected":false},"excerpt":{"rendered":"Recommendations und Personalisierung einfach gemacht Integriert in wenigen Minuten - ohne Entwickler und ohne Setup-Kosten. Alles personalisieren Zeigen Sie eine unbegrenzte Anzahl an Empfehlungskarussellen auf jeder Seite an. Und teilen Sie die Personalisierung \u00fcber alle Ihre Domains wie Blog, Shop und Firmen-Website. Konfiguration wie Analytics Kopieren Sie eine Ihrer Seitenadressen aus der Browser-Adresszeile und optimieren","protected":false},"author":3,"featured_media":0,"parent":2051,"menu_order":0,"comment_status":"closed","ping_status":"closed","template":"","meta":[],"tags":[],"_links":{"self":[{"href":"https:\/\/www.recolize.com\/de\/wp-json\/wp\/v2\/pages\/2010"}],"collection":[{"href":"https:\/\/www.recolize.com\/de\/wp-json\/wp\/v2\/pages"}],"about":[{"href":"https:\/\/www.recolize.com\/de\/wp-json\/wp\/v2\/types\/page"}],"author":[{"embeddable":true,"href":"https:\/\/www.recolize.com\/de\/wp-json\/wp\/v2\/users\/3"}],"replies":[{"embeddable":true,"href":"https:\/\/www.recolize.com\/de\/wp-json\/wp\/v2\/comments?post=2010"}],"version-history":[{"count":26,"href":"https:\/\/www.recolize.com\/de\/wp-json\/wp\/v2\/pages\/2010\/revisions"}],"predecessor-version":[{"id":8287,"href":"https:\/\/www.recolize.com\/de\/wp-json\/wp\/v2\/pages\/2010\/revisions\/8287"}],"up":[{"embeddable":true,"href":"https:\/\/www.recolize.com\/de\/wp-json\/wp\/v2\/pages\/2051"}],"wp:attachment":[{"href":"https:\/\/www.recolize.com\/de\/wp-json\/wp\/v2\/media?parent=2010"}],"wp:term":[{"taxonomy":"post_tag","embeddable":true,"href":"https:\/\/www.recolize.com\/de\/wp-json\/wp\/v2\/tags?post=2010"}],"curies":[{"name":"wp","href":"https:\/\/api.w.org\/{rel}","templated":true}]}}