{"id":3027,"date":"2018-06-21T07:29:50","date_gmt":"2018-06-21T05:29:50","guid":{"rendered":"https:\/\/www.recolize.com\/?page_id=3027"},"modified":"2018-11-22T16:08:07","modified_gmt":"2018-11-22T15:08:07","slug":"integrationen","status":"publish","type":"page","link":"https:\/\/www.recolize.com\/de\/recommendations\/integrationen\/","title":{"rendered":"Integrationen"},"content":{"rendered":"<section class=\"section  text-normal section-text-no-shadow section-inner-no-shadow section-normal section-opaque\"  id=\"pageHeader\" >\n    \n    <div class=\"background-overlay grid-overlay-0 \" style=\"background-color: rgba(0,130,160,1);\"><\/div>\n\n    <div class=\"container container-vertical-default\">\n        <div class=\"row vertical-default\">\n            <div class=\"col-md-12     text-center small-screen-default\"  ><div class=\"col-text-1 text-normal  element-top-0 element-bottom-0\" data-os-animation=\"none\" data-os-animation-delay=\"0s\">\n    <h1>Integrationen<\/h1>\n<p>Verwenden Sie Recolize mit jeder verf\u00fcgbaren Plattform &#8211; und f\u00fcr jede individuelle Website.<\/p>\n<\/div>\n<\/div>        <\/div>\n    <\/div>\n<\/section>\n<section class=\"section mainArgumentRow text-normal section-text-no-shadow section-inner-no-shadow section-normal section-opaque\"  >\n    \n    <div class=\"background-overlay grid-overlay-0 \" style=\"background-color: rgba(0,0,0,0);\"><\/div>\n\n    <div class=\"container container-vertical-default\">\n        <div class=\"row vertical-default\">\n            <div class=\"col-md-5     text-default small-screen-default\"  ><div class=\"col-text-1 text-normal  element-top-0 element-bottom-0\" data-os-animation=\"none\" data-os-animation-delay=\"0s\">\n    <h2>Integration in jegliche Plattform, jedes System und jede Website<\/h2>\n<p>Recolize kann in jegliche Plattform, Website oder App integriert werden. Die personalisierten Empfehlungen sind Content-unabh\u00e4ngig, k\u00f6nnen also f\u00fcr alle Arten von Inhalten generiert werden.<\/p>\n<\/div>\n<\/div><div class=\"col-md-1     text-default small-screen-default\"  ><\/div><div class=\"col-md-2     text-center small-screen-default\"  ><i class=\"fa fa-shopping-bag text-normal \" style=\"font-size:48px\"><\/i><div class=\"col-text-1 text-normal  element-top-20 element-bottom-20\" data-os-animation=\"none\" data-os-animation-delay=\"0s\">\n    <p>Produkte<\/p>\n<\/div>\n<i class=\"fa fa-image text-normal \" style=\"font-size:48px\"><\/i><div class=\"col-text-1 text-normal  element-top-20 element-bottom-20\" data-os-animation=\"none\" data-os-animation-delay=\"0s\">\n    <p>Bilder und Teaser<\/p>\n<\/div>\n<\/div><div class=\"col-md-2     text-center small-screen-default\"  ><i class=\"fa fa-newspaper-o text-normal \" style=\"font-size:48px\"><\/i><div class=\"col-text-1 text-normal  element-top-20 element-bottom-20\" data-os-animation=\"none\" data-os-animation-delay=\"0s\">\n    <p>News<\/p>\n<\/div>\n<i class=\"fa fa-font text-normal \" style=\"font-size:48px\"><\/i><div class=\"col-text-1 text-normal  element-top-20 element-bottom-20\" data-os-animation=\"none\" data-os-animation-delay=\"0s\">\n    <p>Texte<\/p>\n<\/div>\n<\/div><div class=\"col-md-2     text-center small-screen-default\"  ><i class=\"fa fa-columns text-normal \" style=\"font-size:48px\"><\/i><div class=\"col-text-1 text-normal  element-top-20 element-bottom-20\" data-os-animation=\"none\" data-os-animation-delay=\"0s\">\n    <p>CMS Seiten<\/p>\n<\/div>\n<i class=\"fa fa-arrows text-normal \" style=\"font-size:48px\"><\/i><div class=\"col-text-1 text-normal  element-top-20 element-bottom-20\" data-os-animation=\"none\" data-os-animation-delay=\"0s\">\n    <p>Alles andere<\/p>\n<\/div>\n<\/div>        <\/div>\n    <\/div>\n<\/section>\n<section class=\"section  text-normal section-text-no-shadow section-inner-no-shadow section-normal section-opaque\"  >\n    \n    <div class=\"background-overlay grid-overlay-0 \" style=\"background-color: rgba(0,0,0,0);\"><\/div>\n\n    <div class=\"container container-vertical-default\">\n        <div class=\"row vertical-default\">\n            <div class=\"col-md-12     text-center small-screen-default\"  ><div class=\"row \"><div class=\"col-md-12     text-default small-screen-default\"  ><div class=\"divider-wrapper \" style=\"visibility:hidden;background-color:#FFFFFF\">\n    <div class=\"visible-xs\" style=\"height:30px;\"><\/div>\n    <div class=\"visible-sm\" style=\"height:30px;\"><\/div>\n    <div class=\"visible-md\" style=\"height:30px;\"><\/div>\n    <div class=\"visible-lg\" style=\"height:30px;\"><\/div>\n<\/div><\/div><\/div><div class=\"row \"><div class=\"col-md-4     text-default small-screen-default\"  ><div class=\"figure element-top-30 element-bottom-20  \" data-os-animation=\"none\" data-os-animation-delay=\"0s\">\n            <a href=\"https:\/\/www.recolize.com\/de\/integrationen\/magento-1\/\" class=\"figure-image \" target=\"_self\">\n        <img width=\"300\" height=\"92\" src=\"https:\/\/www.recolize.com\/wp-content\/uploads\/2017\/10\/magento-300x92.png\" class=\"attachment-medium size-medium\" alt=\"\" decoding=\"async\" loading=\"lazy\" srcset=\"https:\/\/www.recolize.com\/wp-content\/uploads\/2017\/10\/magento-300x92.png 300w, https:\/\/www.recolize.com\/wp-content\/uploads\/2017\/10\/magento-768x236.png 768w, https:\/\/www.recolize.com\/wp-content\/uploads\/2017\/10\/magento-1024x314.png 1024w, https:\/\/www.recolize.com\/wp-content\/uploads\/2017\/10\/magento.png 1434w\" sizes=\"(max-width: 300px) 100vw, 300px\" \/>            <\/a>\n    <\/div>\n<\/div><div class=\"col-md-4     text-default small-screen-default\"  ><div class=\"figure element-top-40 element-bottom-20  \" data-os-animation=\"none\" data-os-animation-delay=\"0s\">\n            <a href=\"https:\/\/www.recolize.com\/de\/integrationen\/magento-2\/\" class=\"figure-image \" target=\"_self\">\n        <img width=\"300\" height=\"74\" src=\"https:\/\/www.recolize.com\/wp-content\/uploads\/2018\/06\/magento2-logo-2-300x74.png\" class=\"attachment-medium size-medium\" alt=\"\" decoding=\"async\" loading=\"lazy\" srcset=\"https:\/\/www.recolize.com\/wp-content\/uploads\/2018\/06\/magento2-logo-2-300x74.png 300w, https:\/\/www.recolize.com\/wp-content\/uploads\/2018\/06\/magento2-logo-2-768x189.png 768w, https:\/\/www.recolize.com\/wp-content\/uploads\/2018\/06\/magento2-logo-2-1024x252.png 1024w, https:\/\/www.recolize.com\/wp-content\/uploads\/2018\/06\/magento2-logo-2.png 1819w\" sizes=\"(max-width: 300px) 100vw, 300px\" \/>            <\/a>\n    <\/div>\n<\/div><div class=\"col-md-4     text-default small-screen-default\"  ><div class=\"figure element-top-50 element-bottom-30  \" data-os-animation=\"none\" data-os-animation-delay=\"0s\">\n            <a href=\"https:\/\/addons.prestashop.com\/en\/cross-selling-product-bundles\/28358-recolize-the-plug-play-personalization.html\" class=\"figure-image \" target=\"_blank\">\n        <img width=\"300\" height=\"49\" src=\"https:\/\/www.recolize.com\/wp-content\/uploads\/2016\/07\/logo-300x49.png\" class=\"attachment-medium size-medium\" alt=\"\" decoding=\"async\" loading=\"lazy\" srcset=\"https:\/\/www.recolize.com\/wp-content\/uploads\/2016\/07\/logo-300x49.png 300w, https:\/\/www.recolize.com\/wp-content\/uploads\/2016\/07\/logo.png 712w\" sizes=\"(max-width: 300px) 100vw, 300px\" \/>            <\/a>\n    <\/div>\n<\/div><\/div><div class=\"divider-wrapper \" style=\"visibility:hidden;background-color:#FFFFFF\">\n    <div class=\"visible-xs\" style=\"height:30px;\"><\/div>\n    <div class=\"visible-sm\" style=\"height:30px;\"><\/div>\n    <div class=\"visible-md\" style=\"height:70px;\"><\/div>\n    <div class=\"visible-lg\" style=\"height:70px;\"><\/div>\n<\/div><div class=\"row \"><div class=\"col-md-4     text-default small-screen-default\"  ><div class=\"figure element-top-0 element-bottom-20  \" data-os-animation=\"none\" data-os-animation-delay=\"0s\">\n            <a href=\"https:\/\/apps.shopify.com\/recolize\" class=\"figure-image \" target=\"_blank\">\n        <img width=\"300\" height=\"86\" src=\"https:\/\/www.recolize.com\/wp-content\/uploads\/2016\/07\/shopify_logo_black-300x86.png\" class=\"attachment-medium size-medium\" alt=\"\" decoding=\"async\" loading=\"lazy\" srcset=\"https:\/\/www.recolize.com\/wp-content\/uploads\/2016\/07\/shopify_logo_black-300x86.png 300w, https:\/\/www.recolize.com\/wp-content\/uploads\/2016\/07\/shopify_logo_black-768x220.png 768w, https:\/\/www.recolize.com\/wp-content\/uploads\/2016\/07\/shopify_logo_black.png 1000w\" sizes=\"(max-width: 300px) 100vw, 300px\" \/>            <\/a>\n    <\/div>\n<\/div><div class=\"col-md-4     text-default small-screen-default\"  ><div class=\"figure element-top-0 element-bottom-30  \" data-os-animation=\"none\" data-os-animation-delay=\"0s\">\n            <a href=\"https:\/\/wordpress.org\/plugins\/recolize\/\" class=\"figure-image \" target=\"_blank\">\n        <img width=\"300\" height=\"88\" src=\"https:\/\/www.recolize.com\/wp-content\/uploads\/2018\/06\/woocommerce-logo-300x88.png\" class=\"attachment-medium size-medium\" alt=\"\" decoding=\"async\" loading=\"lazy\" srcset=\"https:\/\/www.recolize.com\/wp-content\/uploads\/2018\/06\/woocommerce-logo-300x88.png 300w, https:\/\/www.recolize.com\/wp-content\/uploads\/2018\/06\/woocommerce-logo-768x224.png 768w, https:\/\/www.recolize.com\/wp-content\/uploads\/2018\/06\/woocommerce-logo-1024x299.png 1024w, https:\/\/www.recolize.com\/wp-content\/uploads\/2018\/06\/woocommerce-logo.png 1996w\" sizes=\"(max-width: 300px) 100vw, 300px\" \/>            <\/a>\n    <\/div>\n<\/div><div class=\"col-md-4     text-default small-screen-default\"  ><div class=\"figure element-top-0 element-bottom-0  \" data-os-animation=\"none\" data-os-animation-delay=\"0s\">\n            <a href=\"https:\/\/wordpress.org\/plugins\/recolize\/\" class=\"figure-image \" target=\"_blank\">\n        <img width=\"300\" height=\"68\" src=\"https:\/\/www.recolize.com\/wp-content\/uploads\/2016\/07\/wordpress-logo-hoz-rgb-300x68.png\" class=\"attachment-medium size-medium\" alt=\"\" decoding=\"async\" loading=\"lazy\" srcset=\"https:\/\/www.recolize.com\/wp-content\/uploads\/2016\/07\/wordpress-logo-hoz-rgb-300x68.png 300w, https:\/\/www.recolize.com\/wp-content\/uploads\/2016\/07\/wordpress-logo-hoz-rgb.png 498w\" sizes=\"(max-width: 300px) 100vw, 300px\" \/>            <\/a>\n    <\/div>\n<\/div><\/div><\/div>        <\/div>\n    <\/div>\n<\/section>\n","protected":false},"excerpt":{"rendered":"Integrationen Verwenden Sie Recolize mit jeder verf\u00fcgbaren Plattform - und f\u00fcr jede individuelle Website. Integration in jegliche Plattform, jedes System und jede Website Recolize kann in jegliche Plattform, Website oder App integriert werden. Die personalisierten Empfehlungen sind Content-unabh\u00e4ngig, k\u00f6nnen also f\u00fcr alle Arten von Inhalten generiert werden. Produkte Bilder und Teaser News Texte CMS Seiten","protected":false},"author":1,"featured_media":0,"parent":2051,"menu_order":0,"comment_status":"closed","ping_status":"closed","template":"","meta":[],"tags":[],"_links":{"self":[{"href":"https:\/\/www.recolize.com\/de\/wp-json\/wp\/v2\/pages\/3027"}],"collection":[{"href":"https:\/\/www.recolize.com\/de\/wp-json\/wp\/v2\/pages"}],"about":[{"href":"https:\/\/www.recolize.com\/de\/wp-json\/wp\/v2\/types\/page"}],"author":[{"embeddable":true,"href":"https:\/\/www.recolize.com\/de\/wp-json\/wp\/v2\/users\/1"}],"replies":[{"embeddable":true,"href":"https:\/\/www.recolize.com\/de\/wp-json\/wp\/v2\/comments?post=3027"}],"version-history":[{"count":12,"href":"https:\/\/www.recolize.com\/de\/wp-json\/wp\/v2\/pages\/3027\/revisions"}],"predecessor-version":[{"id":4156,"href":"https:\/\/www.recolize.com\/de\/wp-json\/wp\/v2\/pages\/3027\/revisions\/4156"}],"up":[{"embeddable":true,"href":"https:\/\/www.recolize.com\/de\/wp-json\/wp\/v2\/pages\/2051"}],"wp:attachment":[{"href":"https:\/\/www.recolize.com\/de\/wp-json\/wp\/v2\/media?parent=3027"}],"wp:term":[{"taxonomy":"post_tag","embeddable":true,"href":"https:\/\/www.recolize.com\/de\/wp-json\/wp\/v2\/tags?post=3027"}],"curies":[{"name":"wp","href":"https:\/\/api.w.org\/{rel}","templated":true}]}}