{"id":3275,"date":"2018-07-06T15:38:46","date_gmt":"2018-07-06T13:38:46","guid":{"rendered":"https:\/\/www.recolize.com\/?page_id=3275"},"modified":"2018-09-07T08:04:03","modified_gmt":"2018-09-07T06:04:03","slug":"magento-1","status":"publish","type":"page","link":"https:\/\/www.recolize.com\/de\/recommendations\/integrationen\/magento-1\/","title":{"rendered":"Magento 1"},"content":{"rendered":"<section class=\"section  text-normal section-text-no-shadow section-inner-no-shadow section-normal section-opaque\"  id=\"pageHeader\" >\n    \n    <div class=\"background-overlay grid-overlay-0 \" style=\"background-color: rgba(0,130,160,1);\"><\/div>\n\n    <div class=\"container container-vertical-default\">\n        <div class=\"row vertical-default\">\n            <div class=\"col-md-12     text-center small-screen-default\"  ><div class=\"col-text-1 text-normal  element-top-0 element-bottom-0\" data-os-animation=\"none\" data-os-animation-delay=\"0s\">\n    <h1>Magento 1<\/h1>\n<p>Eines der besten E-Commerce-Systeme, das je gebaut wurde. Sogar noch besser mit Recolize.<\/p>\n<\/div>\n<\/div>        <\/div>\n    <\/div>\n<\/section>\n<section class=\"section  text-normal section-text-no-shadow section-inner-no-shadow section-normal section-opaque\"  >\n    \n    <div class=\"background-overlay grid-overlay-0 \" style=\"background-color: rgba(0,0,0,0);\"><\/div>\n\n    <div class=\"container container-vertical-default\">\n        <div class=\"row vertical-default\">\n            <div class=\"col-md-1     text-default small-screen-default\"  ><\/div><div class=\"col-md-10     text-default small-screen-default\"  ><div class=\"figure element-top-0 element-bottom-0  \" data-os-animation=\"none\" data-os-animation-delay=\"0s\">\n            <span class=\"figure-image\">\n        <img width=\"2222\" height=\"266\" src=\"https:\/\/www.recolize.com\/wp-content\/uploads\/2018\/07\/magento-1-and-recolize.png\" class=\"attachment-full size-full\" alt=\"\" decoding=\"async\" loading=\"lazy\" srcset=\"https:\/\/www.recolize.com\/wp-content\/uploads\/2018\/07\/magento-1-and-recolize.png 2222w, https:\/\/www.recolize.com\/wp-content\/uploads\/2018\/07\/magento-1-and-recolize-300x36.png 300w, https:\/\/www.recolize.com\/wp-content\/uploads\/2018\/07\/magento-1-and-recolize-768x92.png 768w, https:\/\/www.recolize.com\/wp-content\/uploads\/2018\/07\/magento-1-and-recolize-1024x123.png 1024w\" sizes=\"(max-width: 2222px) 100vw, 2222px\" \/>            <\/span>\n    <\/div>\n<\/div><div class=\"col-md-1     text-default small-screen-default\"  ><\/div>        <\/div>\n    <\/div>\n<\/section>\n<section class=\"section mainArgumentRow text-normal section-text-no-shadow section-inner-no-shadow section-normal section-opaque\"  >\n    \n    <div class=\"background-overlay grid-overlay-0 \" style=\"background-color: rgba(0,0,0,0);\"><\/div>\n\n    <div class=\"container container-vertical-default\">\n        <div class=\"row vertical-default\">\n            <div class=\"col-md-5     text-default small-screen-default\"  ><div class=\"col-text-1 text-normal  element-top-40 element-bottom-0\" data-os-animation=\"none\" data-os-animation-delay=\"0s\">\n    <h2 id=\"NewFeaturePage9\/2017-PersonalizationEverywhere\">Mehr als 250.000 Shops<\/h2>\n<p>Eine riesige Anzahl von mehr als 250.000 Online-Shops verwenden Magento 1. Das macht Magento neben\u00a0<a href=\"https:\/\/apps.shopify.com\/recolize\">Shopify<\/a>\u00a0und <a href=\"https:\/\/addons.prestashop.com\/en\/remarketing-shopping-cart-abandonment\/28358-recolize-the-plug-play-personalization.html\">PrestaShop<\/a>\u00a0zu einem der gr\u00f6\u00dften und am meisten unterst\u00fctzten E-Commerce-Systeme weltweit.<\/p>\n<\/div>\n<\/div><div class=\"col-md-1     text-default small-screen-default\"  ><\/div><div class=\"col-md-6    iconHuge text-center small-screen-default\"  ><i class=\"fa fa-signal text-normal \" style=\"font-size:0px\"><\/i><\/div>        <\/div>\n    <\/div>\n<\/section>\n<section class=\"section mainArgumentRow text-normal section-text-no-shadow section-inner-no-shadow section-normal section-opaque\"  >\n    \n    <div class=\"background-overlay grid-overlay-0 \" style=\"background-color: rgba(0,0,0,0);\"><\/div>\n\n    <div class=\"container container-vertical-default\">\n        <div class=\"row vertical-default\">\n            <div class=\"col-md-6     text-center small-screen-default\"  ><div class=\"figure element-top-0 element-bottom-0  \" data-os-animation=\"none\" data-os-animation-delay=\"0s\">\n            <a href=\"https:\/\/marketplace.magento.com\/recolize-recolize-recommendation-engine.html\" class=\"figure-image \" target=\"_self\">\n        <img width=\"1550\" height=\"1228\" src=\"https:\/\/www.recolize.com\/wp-content\/uploads\/2018\/07\/recolize-magento-1-marketplace.png\" class=\"attachment-full size-full\" alt=\"\" decoding=\"async\" loading=\"lazy\" srcset=\"https:\/\/www.recolize.com\/wp-content\/uploads\/2018\/07\/recolize-magento-1-marketplace.png 1550w, https:\/\/www.recolize.com\/wp-content\/uploads\/2018\/07\/recolize-magento-1-marketplace-300x238.png 300w, https:\/\/www.recolize.com\/wp-content\/uploads\/2018\/07\/recolize-magento-1-marketplace-768x608.png 768w, https:\/\/www.recolize.com\/wp-content\/uploads\/2018\/07\/recolize-magento-1-marketplace-1024x811.png 1024w\" sizes=\"(max-width: 1550px) 100vw, 1550px\" \/>            <\/a>\n    <\/div>\n<\/div><div class=\"col-md-1     text-default small-screen-default\"  ><\/div><div class=\"col-md-5     text-default small-screen-default\"  ><div class=\"col-text-1 text-normal  element-top-40 element-bottom-0\" data-os-animation=\"none\" data-os-animation-delay=\"0s\">\n    <h2 id=\"NewFeaturePage9\/2017-Analytics-likeconfiguration\">Plug &amp; Play Personalisierung mit Recolize<\/h2>\n<p>Die sofort einsatzbereite\u00a0<a href=\"https:\/\/marketplace.magento.com\/recolize-recolize-recommendation-engine.html\">Magento 1 Extension<\/a>\u00a0integriert das gesamte Feature-Set mit einen Klick in Magento 1. Installieren Sie einfach <a href=\"https:\/\/marketplace.magento.com\/recolize-recolize-recommendation-engine.html\">die Extension<\/a>\u00a0und starten Sie ohne Aufwand mit den Recolize Recommendations.<\/p>\n<\/div>\n<\/div>        <\/div>\n    <\/div>\n<\/section>\n<section class=\"section mainArgumentRow text-normal section-text-no-shadow section-inner-no-shadow section-normal section-opaque\"  >\n    \n    <div class=\"background-overlay grid-overlay-0 \" style=\"background-color: rgba(0,0,0,0);\"><\/div>\n\n    <div class=\"container container-vertical-default\">\n        <div class=\"row vertical-default\">\n            <div class=\"col-md-5     text-default small-screen-default\"  ><div class=\"col-text-1 text-normal  element-top-40 element-bottom-0\" data-os-animation=\"none\" data-os-animation-delay=\"0s\">\n    <h2 id=\"NewFeaturePage9\/2017-PersonalizationEverywhere\">Einfache Konfiguration &#8211; in 2 Minuten starten<\/h2>\n<p>Nach der Installation der sofort einsatzf\u00e4higen Extension m\u00fcssen Sie nur eine Option im Magento Adminbereich vornehmen und alles wird automatisch aufgesetzt. Die Extension generiert einen Produkt-Feed, der alle Ihre Magento Produkte enth\u00e4lt und dieser Feed wird zum\u00a0<a href=\"https:\/\/tool.recolize.com\">Recolize Tool<\/a>\u00a0hinzugef\u00fcgt. Einfach und schnell.<\/p>\n<\/div>\n<\/div><div class=\"col-md-1     text-default small-screen-default\"  ><\/div><div class=\"col-md-6     text-default small-screen-default\"  ><div class=\"figure element-top-0 element-bottom-0  \" data-os-animation=\"none\" data-os-animation-delay=\"0s\">\n            <a href=\"https:\/\/www.recolize.com\/wp-content\/uploads\/2018\/07\/recolize-magento-1-easy-integration.png\" class=\"figure-image magnific\" target=\"_self\">\n        <img width=\"1051\" height=\"954\" src=\"https:\/\/www.recolize.com\/wp-content\/uploads\/2018\/07\/recolize-magento-1-easy-integration.png\" class=\"attachment-full size-full\" alt=\"\" decoding=\"async\" loading=\"lazy\" srcset=\"https:\/\/www.recolize.com\/wp-content\/uploads\/2018\/07\/recolize-magento-1-easy-integration.png 1051w, https:\/\/www.recolize.com\/wp-content\/uploads\/2018\/07\/recolize-magento-1-easy-integration-300x272.png 300w, https:\/\/www.recolize.com\/wp-content\/uploads\/2018\/07\/recolize-magento-1-easy-integration-768x697.png 768w, https:\/\/www.recolize.com\/wp-content\/uploads\/2018\/07\/recolize-magento-1-easy-integration-1024x929.png 1024w\" sizes=\"(max-width: 1051px) 100vw, 1051px\" \/>            <\/a>\n    <\/div>\n<\/div>        <\/div>\n    <\/div>\n<\/section>\n<section class=\"section mainArgumentRow text-normal section-text-no-shadow section-inner-no-shadow section-normal section-opaque\"  >\n    \n    <div class=\"background-overlay grid-overlay-0 \" style=\"background-color: rgba(0,0,0,0);\"><\/div>\n\n    <div class=\"container container-vertical-default\">\n        <div class=\"row vertical-default\">\n            <div class=\"col-md-6     text-center small-screen-default\"  ><div class=\"figure element-top-0 element-bottom-0  \" data-os-animation=\"none\" data-os-animation-delay=\"0s\">\n            <a href=\"https:\/\/www.recolize.com\/wp-content\/uploads\/2018\/07\/recolize-magento-1-recommendation-widget.png\" class=\"figure-image magnific\" target=\"_self\">\n        <img width=\"371\" height=\"383\" src=\"https:\/\/www.recolize.com\/wp-content\/uploads\/2018\/07\/recolize-magento-1-recommendation-widget.png\" class=\"attachment-full size-full\" alt=\"\" decoding=\"async\" loading=\"lazy\" srcset=\"https:\/\/www.recolize.com\/wp-content\/uploads\/2018\/07\/recolize-magento-1-recommendation-widget.png 371w, https:\/\/www.recolize.com\/wp-content\/uploads\/2018\/07\/recolize-magento-1-recommendation-widget-291x300.png 291w\" sizes=\"(max-width: 371px) 100vw, 371px\" \/>            <\/a>\n    <\/div>\n<\/div><div class=\"col-md-1     text-default small-screen-default\"  ><\/div><div class=\"col-md-5     text-default small-screen-default\"  ><div class=\"col-text-1 text-normal  element-top-40 element-bottom-0\" data-os-animation=\"none\" data-os-animation-delay=\"0s\">\n    <h2 id=\"NewFeaturePage9\/2017-Analytics-likeconfiguration\">Besuchen Sie die Demo<\/h2>\n<p>\u00dcberzeugen Sie sich selbst und werfen Sie einen Blick in unsere Magento 1 Demo.<br \/>\nAuf Produktseiten k\u00f6nnen Sie zwei Recolize Widgets sehen.<\/p>\n<\/div>\n<a href=\"http:\/\/demo.magento.recolize.com\/accessories\/eyewear\/aviator-sunglasses.html\" class=\"btn btn-default   text-normal   element-left-0 element-right-0 element-top-0 element-bottom-10\" target=\"_blank\"   data-os-animation=\"none\" data-os-animation-delay=\"0s\">\n\t    Shop Demo     <\/a><div class=\"col-text-1 text-normal  element-top-20 element-bottom-20\" data-os-animation=\"none\" data-os-animation-delay=\"0s\">\n    <p>Sie wollen das Recolize Tool in Aktion sehen?<br \/>\nBenutzer: demo-magento@recolize.com<br \/>\nPasswort: magento<\/p>\n<\/div>\n<a href=\"https:\/\/tool.recolize.com\" class=\"btn btn-default   text-normal   element-left-0 element-right-0 element-top-0 element-bottom-0\" target=\"_blank\"   data-os-animation=\"none\" data-os-animation-delay=\"0s\">\n\t    Recolize Tool Demo     <\/a><\/div>        <\/div>\n    <\/div>\n<\/section>\n<section class=\"section  text-normal section-text-no-shadow section-inner-no-shadow section-normal section-opaque\"  >\n    \n    <div class=\"background-overlay grid-overlay-0 \" style=\"background-color: rgba(0,0,0,0);\"><\/div>\n\n    <div class=\"container container-vertical-default\">\n        <div class=\"row vertical-default\">\n            <div class=\"col-md-6     text-default small-screen-default\"  ><h2 class=\"text-left  element-top-0 element-bottom-20 text-normal normal default\" data-os-animation=\"none\" data-os-animation-delay=\"0s\" >\n    Magento 1 Blog Posts<\/h2>[vc_basic_grid post_type=&#8220;post&#8220; max_items=&#8220;3&#8243; element_width=&#8220;12&#8243; item=&#8220;3252&#8243; initial_loading_animation=&#8220;none&#8220; grid_id=&#8220;vc_gid:1536300222823-8f393acf-07bb-4&#8243; taxonomies=&#8220;170&#8243;]<\/div><div class=\"col-md-6     text-default small-screen-default\"  ><h2 class=\"text-left  element-top-0 element-bottom-20 text-normal normal default\" data-os-animation=\"none\" data-os-animation-delay=\"0s\" >\n    Top Magento 1 FAQs<\/h2><\/div>        <\/div>\n    <\/div>\n<\/section>\n<section class=\"section  text-normal section-text-no-shadow section-inner-no-shadow section-normal section-opaque\"  >\n    \n    <div class=\"background-overlay grid-overlay-0 \" style=\"background-color: rgba(0,0,0,0);\"><\/div>\n\n    <div class=\"container container-vertical-default\">\n        <div class=\"row vertical-default\">\n            <div class=\"col-md-12     text-default small-screen-default\"  ><div class=\"col-text-1 text-normal  element-top-20 element-bottom-20\" data-os-animation=\"none\" data-os-animation-delay=\"0s\">\n    <p>Recolize ist komplett optimiert f\u00fcr Magento 1. Mit der sofort einsatzbereiten Recolize\u00a0<a href=\"https:\/\/marketplace.magento.com\/recolize-recolize-recommendation-engine.html\">Magento Extension<\/a>\u00a0k\u00f6nnen Sie alles innerhalb von Minuten installieren. Recolize wird direkt danach auf Produktseiten, auf Kategorieseiten, im Warenkorb, auf der Bestellbest\u00e4tigungsseite, auf Suchergebnisseiten und auf <a href=\"https:\/\/www.recolize.com\/de\/blog\/empfehlungen-404-seiten\/\">404-Seiten<\/a> angezeigt. So k\u00f6nnen zus\u00e4tzlich so viele Recommendation Widgets wie sie m\u00f6chten im <a href=\"https:\/\/tool.recolize.com\">Recolize Tool<\/a>\u00a0konfigurieren. Viele Kunden f\u00fcgen auch Recommendation Widgets zu ihren\u00a0<a href=\"https:\/\/wordpress.org\/plugins\/tags\/recolize\/\">WordPress Blogs<\/a>\u00a0neben Magento hinzu und bieten auch dort Produktempfehlungen an, um ihre Kunden zur\u00fcck zum Online-Shop zu leiten und auch die Conversion Rate des Blogs zu optimieren. Das ist auch ganz einfach m\u00f6glich mit unserem\u00a0<a href=\"https:\/\/www.recolize.com\/de\/features\/\">Cross-Domain Feature<\/a>.<\/p>\n<\/div>\n<\/div>        <\/div>\n    <\/div>\n<\/section>\n","protected":false},"excerpt":{"rendered":"Magento 1 Eines der besten E-Commerce-Systeme, das je gebaut wurde. Sogar noch besser mit Recolize. Mehr als 250.000 Shops Eine riesige Anzahl von mehr als 250.000 Online-Shops verwenden Magento 1. Das macht Magento neben\u00a0Shopify\u00a0und PrestaShop\u00a0zu einem der gr\u00f6\u00dften und am meisten unterst\u00fctzten E-Commerce-Systeme weltweit. Plug &amp; Play Personalisierung mit Recolize Die sofort einsatzbereite\u00a0Magento 1 Extension\u00a0integriert","protected":false},"author":1,"featured_media":3381,"parent":3027,"menu_order":0,"comment_status":"closed","ping_status":"closed","template":"","meta":[],"tags":[],"_links":{"self":[{"href":"https:\/\/www.recolize.com\/de\/wp-json\/wp\/v2\/pages\/3275"}],"collection":[{"href":"https:\/\/www.recolize.com\/de\/wp-json\/wp\/v2\/pages"}],"about":[{"href":"https:\/\/www.recolize.com\/de\/wp-json\/wp\/v2\/types\/page"}],"author":[{"embeddable":true,"href":"https:\/\/www.recolize.com\/de\/wp-json\/wp\/v2\/users\/1"}],"replies":[{"embeddable":true,"href":"https:\/\/www.recolize.com\/de\/wp-json\/wp\/v2\/comments?post=3275"}],"version-history":[{"count":8,"href":"https:\/\/www.recolize.com\/de\/wp-json\/wp\/v2\/pages\/3275\/revisions"}],"predecessor-version":[{"id":4158,"href":"https:\/\/www.recolize.com\/de\/wp-json\/wp\/v2\/pages\/3275\/revisions\/4158"}],"up":[{"embeddable":true,"href":"https:\/\/www.recolize.com\/de\/wp-json\/wp\/v2\/pages\/3027"}],"wp:featuredmedia":[{"embeddable":true,"href":"https:\/\/www.recolize.com\/de\/wp-json\/wp\/v2\/media\/3381"}],"wp:attachment":[{"href":"https:\/\/www.recolize.com\/de\/wp-json\/wp\/v2\/media?parent=3275"}],"wp:term":[{"taxonomy":"post_tag","embeddable":true,"href":"https:\/\/www.recolize.com\/de\/wp-json\/wp\/v2\/tags?post=3275"}],"curies":[{"name":"wp","href":"https:\/\/api.w.org\/{rel}","templated":true}]}}