{"id":4083,"date":"2018-09-05T11:31:42","date_gmt":"2018-09-05T09:31:42","guid":{"rendered":"https:\/\/www.recolize.com\/?page_id=4083"},"modified":"2018-09-07T08:05:54","modified_gmt":"2018-09-07T06:05:54","slug":"magento-2","status":"publish","type":"page","link":"https:\/\/www.recolize.com\/de\/recommendations\/integrationen\/magento-2\/","title":{"rendered":"Magento 2"},"content":{"rendered":"<section class=\"section  text-normal section-text-no-shadow section-inner-no-shadow section-normal section-opaque\"  id=\"pageHeader\" >\n    \n    <div class=\"background-overlay grid-overlay-0 \" style=\"background-color: rgba(0,130,160,1);\"><\/div>\n\n    <div class=\"container container-vertical-default\">\n        <div class=\"row vertical-default\">\n            <div class=\"col-md-12     text-center small-screen-default\"  ><div class=\"col-text-1 text-normal  element-top-0 element-bottom-0\" data-os-animation=\"none\" data-os-animation-delay=\"0s\">\n    <h1>Magento 2<\/h1>\n<p>Der Nachfolger eines der erfolgreichsten E-Commerce-Systeme, das je gebaut wurde.<br \/>\nNoch personalisierter mit Recolize.<\/p>\n<\/div>\n<\/div>        <\/div>\n    <\/div>\n<\/section>\n<section class=\"section  text-normal section-text-no-shadow section-inner-no-shadow section-normal section-opaque\"  >\n    \n    <div class=\"background-overlay grid-overlay-0 \" style=\"background-color: rgba(0,0,0,0);\"><\/div>\n\n    <div class=\"container container-vertical-default\">\n        <div class=\"row vertical-default\">\n            <div class=\"col-md-1     text-default small-screen-default\"  ><\/div><div class=\"col-md-10     text-default small-screen-default\"  ><div class=\"figure element-top-0 element-bottom-0  \" data-os-animation=\"none\" data-os-animation-delay=\"0s\">\n            <span class=\"figure-image\">\n        <img width=\"2222\" height=\"266\" src=\"https:\/\/www.recolize.com\/wp-content\/uploads\/magento-2-and-recolize.png\" class=\"attachment-full size-full\" alt=\"\" decoding=\"async\" loading=\"lazy\" srcset=\"https:\/\/www.recolize.com\/wp-content\/uploads\/magento-2-and-recolize.png 2222w, https:\/\/www.recolize.com\/wp-content\/uploads\/magento-2-and-recolize-300x36.png 300w, https:\/\/www.recolize.com\/wp-content\/uploads\/magento-2-and-recolize-768x92.png 768w, https:\/\/www.recolize.com\/wp-content\/uploads\/magento-2-and-recolize-1024x123.png 1024w\" sizes=\"(max-width: 2222px) 100vw, 2222px\" \/>            <\/span>\n    <\/div>\n<\/div><div class=\"col-md-1     text-default small-screen-default\"  ><\/div>        <\/div>\n    <\/div>\n<\/section>\n<section class=\"section mainArgumentRow text-normal section-text-no-shadow section-inner-no-shadow section-normal section-opaque\"  >\n    \n    <div class=\"background-overlay grid-overlay-0 \" style=\"background-color: rgba(0,0,0,0);\"><\/div>\n\n    <div class=\"container container-vertical-default\">\n        <div class=\"row vertical-default\">\n            <div class=\"col-md-5     text-default small-screen-default\"  ><div class=\"col-text-1 text-normal  element-top-0 element-bottom-0\" data-os-animation=\"none\" data-os-animation-delay=\"0s\">\n    <h2 id=\"NewFeaturePage9\/2017-PersonalizationEverywhere\">Magento 2 Enterprise Level<\/h2>\n<p>Magento 2 hebt die ganze Magento-Plattform auf ein neues Level. Mit einer neuen Code-Basis und viel besserer Performance konkurriert Magento 2 jetzt mit anderen Enterprise E-Commerce-Systemen.<\/p>\n<\/div>\n<\/div><div class=\"col-md-1     text-default small-screen-default\"  ><\/div><div class=\"col-md-6    iconHuge text-center small-screen-default\"  ><i class=\"fa fa-area-chart text-normal \" style=\"font-size:0px\"><\/i><\/div>        <\/div>\n    <\/div>\n<\/section>\n<section class=\"section mainArgumentRow text-normal section-text-no-shadow section-inner-no-shadow section-normal section-opaque\"  >\n    \n    <div class=\"background-overlay grid-overlay-0 \" style=\"background-color: rgba(0,0,0,0);\"><\/div>\n\n    <div class=\"container container-vertical-default\">\n        <div class=\"row vertical-default\">\n            <div class=\"col-md-6     text-center small-screen-default\"  ><div class=\"figure element-top-0 element-bottom-0  \" data-os-animation=\"none\" data-os-animation-delay=\"0s\">\n            <a href=\"https:\/\/marketplace.magento.com\/recolize-recolize-recommendation-engine.html\" class=\"figure-image \" target=\"_self\">\n        <img width=\"764\" height=\"582\" src=\"https:\/\/www.recolize.com\/wp-content\/uploads\/recolize-magento-2-marketplace.png\" class=\"attachment-full size-full\" alt=\"\" decoding=\"async\" loading=\"lazy\" srcset=\"https:\/\/www.recolize.com\/wp-content\/uploads\/recolize-magento-2-marketplace.png 764w, https:\/\/www.recolize.com\/wp-content\/uploads\/recolize-magento-2-marketplace-300x229.png 300w\" sizes=\"(max-width: 764px) 100vw, 764px\" \/>            <\/a>\n    <\/div>\n<\/div><div class=\"col-md-1     text-default small-screen-default\"  ><\/div><div class=\"col-md-5     text-default small-screen-default\"  ><div class=\"col-text-1 text-normal  element-top-40 element-bottom-0\" data-os-animation=\"none\" data-os-animation-delay=\"0s\">\n    <h2 id=\"NewFeaturePage9\/2017-Analytics-likeconfiguration\">Plug &amp; Play Personalisierung mit Recolize<\/h2>\n<p>Die sofort einsatzbereite\u00a0<a class=\"snppopup\" href=\"https:\/\/marketplace.magento.com\/recolize-module-recommendation-engine-magento2.html\">Magento 2 Extension<\/a>\u00a0integriert das gesamte Feature-Set mit einen Klick in Magento 2. Installieren Sie einfach\u00a0<a class=\"snppopup\" href=\"https:\/\/marketplace.magento.com\/recolize-module-recommendation-engine-magento2.html\">die Extension<\/a>\u00a0und starten Sie ohne Aufwand mit den Recolize Recommendations.<\/p>\n<\/div>\n<\/div>        <\/div>\n    <\/div>\n<\/section>\n<section class=\"section mainArgumentRow text-normal section-text-no-shadow section-inner-no-shadow section-normal section-opaque\"  >\n    \n    <div class=\"background-overlay grid-overlay-0 \" style=\"background-color: rgba(0,0,0,0);\"><\/div>\n\n    <div class=\"container container-vertical-default\">\n        <div class=\"row vertical-default\">\n            <div class=\"col-md-5     text-default small-screen-default\"  ><div class=\"col-text-1 text-normal  element-top-40 element-bottom-0\" data-os-animation=\"none\" data-os-animation-delay=\"0s\">\n    <h2 id=\"NewFeaturePage9\/2017-PersonalizationEverywhere\">Automatische Konfiguration<\/h2>\n<p>Die Installation wird komplett automatisch ausgef\u00fchrt. Nach der Installation m\u00fcssen Sie nur eine Option im Magento-Adminbereich festlegen und alles andere wird ohne zus\u00e4tzlichen Aufwand installiert. Ein Produktfeed mit all Ihren Magento-Produkten auf Lager wird generiert. Der Feed wird im\u00a0<a href=\"https:\/\/tool.recolize.com\">Recolize Tool<\/a>\u00a0hinzugef\u00fcgt. Simpel und schnell erledigt in Minuten.<\/p>\n<\/div>\n<\/div><div class=\"col-md-1     text-default small-screen-default\"  ><\/div><div class=\"col-md-6     text-default small-screen-default\"  ><div class=\"figure element-top-0 element-bottom-0  \" data-os-animation=\"none\" data-os-animation-delay=\"0s\">\n            <a href=\"https:\/\/www.recolize.com\/wp-content\/uploads\/magento-2-admin-interface.png\" class=\"figure-image magnific\" target=\"_self\">\n        <img width=\"2222\" height=\"1210\" src=\"https:\/\/www.recolize.com\/wp-content\/uploads\/magento-2-admin-interface.png\" class=\"attachment-full size-full\" alt=\"\" decoding=\"async\" loading=\"lazy\" srcset=\"https:\/\/www.recolize.com\/wp-content\/uploads\/magento-2-admin-interface.png 2222w, https:\/\/www.recolize.com\/wp-content\/uploads\/magento-2-admin-interface-300x163.png 300w, https:\/\/www.recolize.com\/wp-content\/uploads\/magento-2-admin-interface-768x418.png 768w, https:\/\/www.recolize.com\/wp-content\/uploads\/magento-2-admin-interface-1024x558.png 1024w\" sizes=\"(max-width: 2222px) 100vw, 2222px\" \/>            <\/a>\n    <\/div>\n<\/div>        <\/div>\n    <\/div>\n<\/section>\n<section class=\"section mainArgumentRow text-normal section-text-no-shadow section-inner-no-shadow section-normal section-opaque\"  >\n    \n    <div class=\"background-overlay grid-overlay-0 \" style=\"background-color: rgba(0,0,0,0);\"><\/div>\n\n    <div class=\"container container-vertical-default\">\n        <div class=\"row vertical-default\">\n            <div class=\"col-md-6     text-center small-screen-default\"  ><div class=\"figure element-top-0 element-bottom-0  \" data-os-animation=\"none\" data-os-animation-delay=\"0s\">\n            <a href=\"https:\/\/www.recolize.com\/wp-content\/uploads\/magento-2-recommendation-widget-mobile.png\" class=\"figure-image magnific\" target=\"_self\">\n        <img width=\"366\" height=\"356\" src=\"https:\/\/www.recolize.com\/wp-content\/uploads\/magento-2-recommendation-widget-mobile.png\" class=\"attachment-full size-full\" alt=\"\" decoding=\"async\" loading=\"lazy\" srcset=\"https:\/\/www.recolize.com\/wp-content\/uploads\/magento-2-recommendation-widget-mobile.png 366w, https:\/\/www.recolize.com\/wp-content\/uploads\/magento-2-recommendation-widget-mobile-300x292.png 300w\" sizes=\"(max-width: 366px) 100vw, 366px\" \/>            <\/a>\n    <\/div>\n<\/div><div class=\"col-md-1     text-default small-screen-default\"  ><\/div><div class=\"col-md-5     text-default small-screen-default\"  ><div class=\"col-text-1 text-normal  element-top-40 element-bottom-0\" data-os-animation=\"none\" data-os-animation-delay=\"0s\">\n    <h2 id=\"NewFeaturePage9\/2017-Analytics-likeconfiguration\">Besuchen Sie die Demo<\/h2>\n<p>\u00dcberzeugen Sie sich selbst und werfen Sie einen Blick in unsere Magento 2 Demo.<br \/>\nAuf Produktseiten k\u00f6nnen Sie zwei Recolize Widgets sehen.<\/p>\n<\/div>\n<a href=\"http:\/\/demo.magento2.recolize.com\/logan-heattec-reg-tee.html\" class=\"btn btn-default   text-normal   element-left-0 element-right-0 element-top-0 element-bottom-10\" target=\"_blank\"   data-os-animation=\"none\" data-os-animation-delay=\"0s\">\n\t    Shop Demo     <\/a><div class=\"col-text-1 text-normal  element-top-20 element-bottom-20\" data-os-animation=\"none\" data-os-animation-delay=\"0s\">\n    <p>Sie wollen das Recolize Tool in Aktion sehen?<br \/>\nBenutzer: demo-magento2@recolize.com<br \/>\nPasswort: magento<\/p>\n<\/div>\n<a href=\"https:\/\/tool.recolize.com\" class=\"btn btn-default   text-normal   element-left-0 element-right-0 element-top-0 element-bottom-0\" target=\"_blank\"   data-os-animation=\"none\" data-os-animation-delay=\"0s\">\n\t    Recolize Tool Demo     <\/a><\/div>        <\/div>\n    <\/div>\n<\/section>\n<section class=\"section  text-normal section-text-no-shadow section-inner-no-shadow section-normal section-opaque\"  >\n    \n    <div class=\"background-overlay grid-overlay-0 \" style=\"background-color: rgba(0,0,0,0);\"><\/div>\n\n    <div class=\"container container-vertical-default\">\n        <div class=\"row vertical-default\">\n            <div class=\"col-md-12     text-default small-screen-default\"  ><div class=\"col-text-1 text-normal  element-top-20 element-bottom-20\" data-os-animation=\"none\" data-os-animation-delay=\"0s\">\n    <p>Recolize ist bereit f\u00fcr das neue Enterprise Level von Magento 2. Mit unserer Recolize\u00a0<a href=\"https:\/\/marketplace.magento.com\/recolize-module-recommendation-engine-magento2.html\">Magento 2 Extension<\/a>\u00a0funktionieren personalisierte Produktempfehlungen out of the box. Das Setup ist mit 2 Klicks erledigt und direkt danach werden die Empfehlungen auf Produktseiten, Kategorieseiten, im Warenkorb, auf der Bestellbest\u00e4tigungsseite, auf Suchergebnisseiten und auf 404-Seiten angezeigt. Verwenden Sie die Recommendations auch f\u00fcr den Blog Ihres Magento 2 Shops, um Ihre Produkte auch in Blog Posts, auf CMS-Seiten oder Landingpages mit unserem <a href=\"https:\/\/www.recolize.com\/de\/features\/\">Cross-Domain-Feature<\/a> zu cross-sellen. Und verwenden Sie Recolize <a href=\"https:\/\/www.recolize.com\/de\/blog\/recolize-launcht-e-mail-recommendations\/\">E-Mail Recommendations,<\/a>\u00a0um die Nutzererfahrung und Conversion Rate Ihrer Transaktions-E-Mails und Ihrer Newsletter zu verbessern. Die Performance Ihrer Recommendations k\u00f6nnen Sie ganz einfach in unserem intuitiven Recolize Dashboard analysieren und die Empfehlungen danach mit ausgefeilten Filter-M\u00f6glichkeiten optimieren. Dabei sind alle Ihre Magento Produktattribute f\u00fcr Filter verwendbar und Sie sind somit extrem flexibel.<\/p>\n<\/div>\n<\/div>        <\/div>\n    <\/div>\n<\/section>\n","protected":false},"excerpt":{"rendered":"Magento 2 Der Nachfolger eines der erfolgreichsten E-Commerce-Systeme, das je gebaut wurde. Noch personalisierter mit Recolize. Magento 2 Enterprise Level Magento 2 hebt die ganze Magento-Plattform auf ein neues Level. Mit einer neuen Code-Basis und viel besserer Performance konkurriert Magento 2 jetzt mit anderen Enterprise E-Commerce-Systemen. Plug &amp; Play Personalisierung mit Recolize Die sofort einsatzbereite\u00a0Magento","protected":false},"author":1,"featured_media":4085,"parent":3027,"menu_order":0,"comment_status":"closed","ping_status":"closed","template":"","meta":[],"tags":[],"_links":{"self":[{"href":"https:\/\/www.recolize.com\/de\/wp-json\/wp\/v2\/pages\/4083"}],"collection":[{"href":"https:\/\/www.recolize.com\/de\/wp-json\/wp\/v2\/pages"}],"about":[{"href":"https:\/\/www.recolize.com\/de\/wp-json\/wp\/v2\/types\/page"}],"author":[{"embeddable":true,"href":"https:\/\/www.recolize.com\/de\/wp-json\/wp\/v2\/users\/1"}],"replies":[{"embeddable":true,"href":"https:\/\/www.recolize.com\/de\/wp-json\/wp\/v2\/comments?post=4083"}],"version-history":[{"count":8,"href":"https:\/\/www.recolize.com\/de\/wp-json\/wp\/v2\/pages\/4083\/revisions"}],"predecessor-version":[{"id":4161,"href":"https:\/\/www.recolize.com\/de\/wp-json\/wp\/v2\/pages\/4083\/revisions\/4161"}],"up":[{"embeddable":true,"href":"https:\/\/www.recolize.com\/de\/wp-json\/wp\/v2\/pages\/3027"}],"wp:featuredmedia":[{"embeddable":true,"href":"https:\/\/www.recolize.com\/de\/wp-json\/wp\/v2\/media\/4085"}],"wp:attachment":[{"href":"https:\/\/www.recolize.com\/de\/wp-json\/wp\/v2\/media?parent=4083"}],"wp:term":[{"taxonomy":"post_tag","embeddable":true,"href":"https:\/\/www.recolize.com\/de\/wp-json\/wp\/v2\/tags?post=4083"}],"curies":[{"name":"wp","href":"https:\/\/api.w.org\/{rel}","templated":true}]}}