{"id":6308,"date":"2019-09-25T08:38:12","date_gmt":"2019-09-25T06:38:12","guid":{"rendered":"https:\/\/www.recolize.com\/?page_id=6308"},"modified":"2020-05-29T08:07:43","modified_gmt":"2020-05-29T06:07:43","slug":"features","status":"publish","type":"page","link":"https:\/\/www.recolize.com\/de\/features\/","title":{"rendered":"Geniale Onlineshop-Features"},"content":{"rendered":"<section class=\"section  text-normal section-text-no-shadow section-inner-no-shadow section-normal section-opaque\"  id=\"pageHeader\" >\n    \n    <div class=\"background-overlay grid-overlay-0 \" style=\"background-color: rgba(0,130,160,1);\"><\/div>\n\n    <div class=\"container container-vertical-default\">\n        <div class=\"row vertical-default\">\n            <div class=\"col-md-12     text-center small-screen-default\"  ><div class=\"col-text-1 text-normal  element-top-0 element-bottom-0\" data-os-animation=\"none\" data-os-animation-delay=\"0s\">\n    <h1>Geniale Onlineshop-Features<\/h1>\n<p>F\u00fcgen Sie Features zu Ihrem Onlineshop ohne Entwickler hinzu. Verpassen Sie nie mehr ein neues Feature.<\/p>\n<\/div>\n<\/div>        <\/div>\n    <\/div>\n<\/section>\n<section class=\"section mainArgumentRow text-normal section-text-no-shadow section-inner-no-shadow section-normal section-opaque\"  >\n    \n    <div class=\"background-overlay grid-overlay-0 \" style=\"background-color: rgba(0,0,0,0);\"><\/div>\n\n    <div class=\"container container-vertical-default\">\n        <div class=\"row vertical-default\">\n            <div class=\"col-md-4    col-md-push-8 text-center small-screen-default\"  ><div class=\"box box-round box-huge box-simple  element-top-20 element-bottom-20 os-animation\" data-os-animation=\"bounce\" data-os-animation-delay=\"0s\">\n    <div class=\"box-dummy\"><\/div>\n            <a class=\"box-inner  grid-overlay-0\" href=\"\/genius-online-shop-badges\" target=\"_self\" >\n        <div class=\"box-animate\" data-animation=\"none\">\n        <img width=\"600\" height=\"600\" src=\"https:\/\/www.recolize.com\/wp-content\/uploads\/badges-icon-600x600.png\" class=\"attachment-square-image size-square-image\" alt=\"\" decoding=\"async\" loading=\"lazy\" srcset=\"https:\/\/www.recolize.com\/wp-content\/uploads\/badges-icon-600x600.png 600w, https:\/\/www.recolize.com\/wp-content\/uploads\/badges-icon-150x150.png 150w, https:\/\/www.recolize.com\/wp-content\/uploads\/badges-icon-250x250.png 250w\" sizes=\"(max-width: 600px) 100vw, 600px\" \/>    <\/div>\n            <\/a>\n    <\/div><\/div><div class=\"col-md-1     text-default small-screen-default\"  ><\/div><div class=\"col-md-7    col-md-pull-5 text-default small-screen-default\"  ><div class=\"col-text-1 text-normal  element-top-40 element-bottom-0\" data-os-animation=\"none\" data-os-animation-delay=\"0s\">\n    <h2 id=\"NewFeaturePage9\/2017-PersonalizationEverywhere\">Cookie Consent<\/h2>\n<p>DSGVO und das\u00a0neueste Urteil\u00a0des Europ\u00e4ischen Gerichtshofs: ein Cookie Consent Layer wird bald verpflichtend. Aktivieren Sie ganz einfach einen Cookie Consent Layer f\u00fcr Ihren Onlineshop. W\u00e4hlen Sie, welche Services Sie verwenden, gruppieren Sie diese und legen Sie komplett frei das Design Ihres Cookie Consent Layers fest.<\/p>\n<\/div>\n<a href=\"\/de\/features\/cookie-consent\/\" class=\"btn btn-primary btn-lg  text-normal   element-left-0 element-right-0 element-top-0 element-bottom-0\" target=\"_self\"   data-os-animation=\"none\" data-os-animation-delay=\"0s\">\n\t    Mehr erfahren     <\/a><\/div>        <\/div>\n    <\/div>\n<\/section>\n<section class=\"section mainArgumentRow text-normal section-text-no-shadow section-inner-no-shadow section-normal section-opaque\"  >\n    \n    <div class=\"background-overlay grid-overlay-0 \" style=\"background-color: rgba(0,0,0,0);\"><\/div>\n\n    <div class=\"container container-vertical-default\">\n        <div class=\"row vertical-default\">\n            <div class=\"col-md-4     text-center small-screen-default\"  ><div class=\"box box-round box-huge box-simple  element-top-20 element-bottom-20 os-animation\" data-os-animation=\"bounce\" data-os-animation-delay=\"0s\">\n    <div class=\"box-dummy\"><\/div>\n            <a class=\"box-inner  grid-overlay-0\" href=\"\/genius-online-shop-badges\" target=\"_self\" >\n        <div class=\"box-animate\" data-animation=\"none\">\n        <img width=\"600\" height=\"600\" src=\"https:\/\/www.recolize.com\/wp-content\/uploads\/types-transactional-emails-recommendations-600x600.png\" class=\"attachment-square-image size-square-image\" alt=\"\" decoding=\"async\" loading=\"lazy\" srcset=\"https:\/\/www.recolize.com\/wp-content\/uploads\/types-transactional-emails-recommendations-600x600.png 600w, https:\/\/www.recolize.com\/wp-content\/uploads\/types-transactional-emails-recommendations-150x150.png 150w, https:\/\/www.recolize.com\/wp-content\/uploads\/types-transactional-emails-recommendations-250x250.png 250w\" sizes=\"(max-width: 600px) 100vw, 600px\" \/>    <\/div>\n            <\/a>\n    <\/div><\/div><div class=\"col-md-1     text-default small-screen-default\"  ><\/div><div class=\"col-md-7     text-default small-screen-default\"  ><div class=\"col-text-1 text-normal  element-top-40 element-bottom-0\" data-os-animation=\"none\" data-os-animation-delay=\"0s\">\n    <h2 id=\"NewFeaturePage9\/2017-PersonalizationEverywhere\">Email Recommendations<\/h2>\n<p>Zeigen sie personalisierte Produkte in E-Mails aller Art an. Egal ob Newsletter oder Transaktions-E-Mails aus Onlineshops, mit unseren Email Recommendations funktionieren Ihre Empfehlungen \u00fcbergreifend \u00fcber Ihren Onlineshop, alle Ihre E-Mails und mit beliebigen E-Mail-Clients auf allen Endger\u00e4ten.<\/p>\n<\/div>\n<a href=\"\/de\/blog\/recolize-launcht-e-mail-recommendations\/\" class=\"btn btn-primary btn-lg  text-normal   element-left-0 element-right-0 element-top-0 element-bottom-0\" target=\"_self\"   data-os-animation=\"none\" data-os-animation-delay=\"0s\">\n\t    Mehr erfahren     <\/a><\/div>        <\/div>\n    <\/div>\n<\/section>\n<section class=\"section mainArgumentRow text-normal section-text-no-shadow section-inner-no-shadow section-normal section-opaque\"  >\n    \n    <div class=\"background-overlay grid-overlay-0 \" style=\"background-color: rgba(0,0,0,0);\"><\/div>\n\n    <div class=\"container container-vertical-default\">\n        <div class=\"row vertical-default\">\n            <div class=\"col-md-4    col-md-push-8 text-center small-screen-default\"  ><div class=\"box box-round box-huge box-simple  element-top-20 element-bottom-20 os-animation\" data-os-animation=\"bounce\" data-os-animation-delay=\"0s\">\n    <div class=\"box-dummy\"><\/div>\n            <a class=\"box-inner  grid-overlay-0\" href=\"\/genius-online-shop-badges\" target=\"_self\" >\n        <div class=\"box-animate\" data-animation=\"none\">\n        <img width=\"600\" height=\"600\" src=\"https:\/\/www.recolize.com\/wp-content\/uploads\/badges-icon-600x600.png\" class=\"attachment-square-image size-square-image\" alt=\"\" decoding=\"async\" loading=\"lazy\" srcset=\"https:\/\/www.recolize.com\/wp-content\/uploads\/badges-icon-600x600.png 600w, https:\/\/www.recolize.com\/wp-content\/uploads\/badges-icon-150x150.png 150w, https:\/\/www.recolize.com\/wp-content\/uploads\/badges-icon-250x250.png 250w\" sizes=\"(max-width: 600px) 100vw, 600px\" \/>    <\/div>\n            <\/a>\n    <\/div><\/div><div class=\"col-md-1     text-default small-screen-default\"  ><\/div><div class=\"col-md-7    col-md-pull-5 text-default small-screen-default\"  ><div class=\"col-text-1 text-normal  element-top-40 element-bottom-0\" data-os-animation=\"none\" data-os-animation-delay=\"0s\">\n    <h2 id=\"NewFeaturePage9\/2017-PersonalizationEverywhere\">St\u00f6rer<\/h2>\n<p>Aktivieren Sie St\u00f6rer f\u00fcr Produktlisten, Produktseiten und \u00fcberall sonst, wo Produkte angezeigt werden &#8211; mit nur 1 Klick. Die St\u00f6rer k\u00f6nnen in Form, Farbe, Text und Typ konfiguriert werden. Zeigen Sie so viele St\u00f6rer an, wie sie wollen und definieren Sie ganz einfach Regeln wie &#8222;zeige diesen St\u00f6rer nur f\u00fcr Produkte im Sale an&#8220;.<\/p>\n<\/div>\n<a href=\"\/de\/features\/stoerer\/\" class=\"btn btn-primary btn-lg  text-normal   element-left-0 element-right-0 element-top-0 element-bottom-0\" target=\"_self\"   data-os-animation=\"none\" data-os-animation-delay=\"0s\">\n\t    Mehr erfahren     <\/a><\/div>        <\/div>\n    <\/div>\n<\/section>\n<section class=\"section mainArgumentRow text-normal section-text-no-shadow section-inner-no-shadow section-normal section-opaque\"  >\n    \n    <div class=\"background-overlay grid-overlay-0 \" style=\"background-color: rgba(0,0,0,0);\"><\/div>\n\n    <div class=\"container container-vertical-default\">\n        <div class=\"row vertical-default\">\n            <div class=\"col-md-4     text-default small-screen-default\"  ><div class=\"box box-round box-huge box-simple  element-top-20 element-bottom-20 os-animation\" data-os-animation=\"bounce\" data-os-animation-delay=\"0s\">\n    <div class=\"box-dummy\"><\/div>\n            <a class=\"box-inner  grid-overlay-0\" href=\"\/genius-online-shop-usp-bar\" target=\"_self\" >\n        <div class=\"box-animate\" data-animation=\"none\">\n        <img width=\"600\" height=\"600\" src=\"https:\/\/www.recolize.com\/wp-content\/uploads\/usp-bar-icon-600x600.png\" class=\"attachment-square-image size-square-image\" alt=\"\" decoding=\"async\" loading=\"lazy\" srcset=\"https:\/\/www.recolize.com\/wp-content\/uploads\/usp-bar-icon-600x600.png 600w, https:\/\/www.recolize.com\/wp-content\/uploads\/usp-bar-icon-150x150.png 150w, https:\/\/www.recolize.com\/wp-content\/uploads\/usp-bar-icon-250x250.png 250w\" sizes=\"(max-width: 600px) 100vw, 600px\" \/>    <\/div>\n            <\/a>\n    <\/div><\/div><div class=\"col-md-1     text-default small-screen-default\"  ><\/div><div class=\"col-md-7     text-default small-screen-default\"  ><div class=\"col-text-1 text-normal  element-top-40 element-bottom-0\" data-os-animation=\"none\" data-os-animation-delay=\"0s\">\n    <h2 id=\"NewFeaturePage9\/2017-PersonalizationEverywhere\">USP Bar<\/h2>\n<p>Zeigen Sie ganz einfach eine USP Bar in Ihrem Onlineshop-Header an. Konfigurieren Sie diese unterschiedlich f\u00fcr verschiedene Kategorien, benutzerdefinierte URLs oder Seitentypen wie Produktseiten oder die Warenkorb-Seite. Mit nur 1 Klick.<br \/>\nDie Texte, Farben, Formen und das komplette Design ist frei konfigurierbar.<\/p>\n<\/div>\n<a href=\"\/genius-online-shop-usp-bar\/\" class=\"btn btn-primary btn-lg  text-normal   element-left-0 element-right-0 element-top-0 element-bottom-0\" target=\"_self\"   data-os-animation=\"none\" data-os-animation-delay=\"0s\">\n\t    Mehr erfahren     <\/a><\/div>        <\/div>\n    <\/div>\n<\/section>\n<section class=\"section mainArgumentRow text-normal section-text-no-shadow section-inner-no-shadow section-normal section-opaque\"  >\n    \n    <div class=\"background-overlay grid-overlay-0 \" style=\"background-color: rgba(0,0,0,0);\"><\/div>\n\n    <div class=\"container container-vertical-default\">\n        <div class=\"row vertical-default\">\n            <div class=\"col-md-4    col-md-push-8 text-center small-screen-default\"  ><div class=\"box box-round box-huge box-simple  element-top-20 element-bottom-20 os-animation\" data-os-animation=\"bounce\" data-os-animation-delay=\"0s\">\n    <div class=\"box-dummy\"><\/div>\n            <a class=\"box-inner  grid-overlay-0\" href=\"\/genius-online-shop-previous-next-buttons\" target=\"_self\" >\n        <div class=\"box-animate\" data-animation=\"none\">\n        <img width=\"600\" height=\"600\" src=\"https:\/\/www.recolize.com\/wp-content\/uploads\/previous-next-buttons-icon-600x600.png\" class=\"attachment-square-image size-square-image\" alt=\"\" decoding=\"async\" loading=\"lazy\" srcset=\"https:\/\/www.recolize.com\/wp-content\/uploads\/previous-next-buttons-icon-600x600.png 600w, https:\/\/www.recolize.com\/wp-content\/uploads\/previous-next-buttons-icon-150x150.png 150w, https:\/\/www.recolize.com\/wp-content\/uploads\/previous-next-buttons-icon-250x250.png 250w\" sizes=\"(max-width: 600px) 100vw, 600px\" \/>    <\/div>\n            <\/a>\n    <\/div><\/div><div class=\"col-md-1     text-default small-screen-default\"  ><\/div><div class=\"col-md-7    col-md-pull-5 text-default small-screen-default\"  ><div class=\"col-text-1 text-normal  element-top-40 element-bottom-0\" data-os-animation=\"none\" data-os-animation-delay=\"0s\">\n    <h2 id=\"NewFeaturePage9\/2017-PersonalizationEverywhere\">Zur\u00fcck- und Weiter-Buttons f\u00fcr Produktseiten<\/h2>\n<p>Zeiten Sie Zur\u00fcck- und Weiter-Buttons auf Ihren Onlineshop Produktseiten an. Mit nur 1 Klick. Wenn ein Benutzer auf eine Produkt auf einer Kategorieseite oder in der Suche klickt, dann kann er \u00fcber zum letzten oder n\u00e4chsten Produkt der letzten Produktliste durch Klick auf diese Buttons auf Produktseiten navigieren.<br \/>\nDie Farben, Formen, Position und das komplette Design sind frei konfigurierbar.<\/p>\n<\/div>\n<a href=\"\/genius-online-shop-previous-next-buttons\/\" class=\"btn btn-primary btn-lg  text-normal   element-left-0 element-right-0 element-top-0 element-bottom-0\" target=\"_self\"   data-os-animation=\"none\" data-os-animation-delay=\"0s\">\n\t    Mehr erfahren     <\/a><\/div>        <\/div>\n    <\/div>\n<\/section>\n","protected":false},"excerpt":{"rendered":"Geniale Onlineshop-Features F\u00fcgen Sie Features zu Ihrem Onlineshop ohne Entwickler hinzu. Verpassen Sie nie mehr ein neues Feature. Cookie Consent DSGVO und das\u00a0neueste Urteil\u00a0des Europ\u00e4ischen Gerichtshofs: ein Cookie Consent Layer wird bald verpflichtend. Aktivieren Sie ganz einfach einen Cookie Consent Layer f\u00fcr Ihren Onlineshop. W\u00e4hlen Sie, welche Services Sie verwenden, gruppieren Sie diese und legen","protected":false},"author":1,"featured_media":0,"parent":0,"menu_order":0,"comment_status":"closed","ping_status":"closed","template":"","meta":[],"tags":[],"_links":{"self":[{"href":"https:\/\/www.recolize.com\/de\/wp-json\/wp\/v2\/pages\/6308"}],"collection":[{"href":"https:\/\/www.recolize.com\/de\/wp-json\/wp\/v2\/pages"}],"about":[{"href":"https:\/\/www.recolize.com\/de\/wp-json\/wp\/v2\/types\/page"}],"author":[{"embeddable":true,"href":"https:\/\/www.recolize.com\/de\/wp-json\/wp\/v2\/users\/1"}],"replies":[{"embeddable":true,"href":"https:\/\/www.recolize.com\/de\/wp-json\/wp\/v2\/comments?post=6308"}],"version-history":[{"count":11,"href":"https:\/\/www.recolize.com\/de\/wp-json\/wp\/v2\/pages\/6308\/revisions"}],"predecessor-version":[{"id":7114,"href":"https:\/\/www.recolize.com\/de\/wp-json\/wp\/v2\/pages\/6308\/revisions\/7114"}],"wp:attachment":[{"href":"https:\/\/www.recolize.com\/de\/wp-json\/wp\/v2\/media?parent=6308"}],"wp:term":[{"taxonomy":"post_tag","embeddable":true,"href":"https:\/\/www.recolize.com\/de\/wp-json\/wp\/v2\/tags?post=6308"}],"curies":[{"name":"wp","href":"https:\/\/api.w.org\/{rel}","templated":true}]}}