{"id":6784,"date":"2019-09-24T08:32:31","date_gmt":"2019-09-24T06:32:31","guid":{"rendered":"https:\/\/www.recolize.com\/features\/badges\/"},"modified":"2019-10-22T20:01:32","modified_gmt":"2019-10-22T18:01:32","slug":"stoerer","status":"publish","type":"page","link":"https:\/\/www.recolize.com\/de\/features\/stoerer\/","title":{"rendered":"St\u00f6rer"},"content":{"rendered":"<section class=\"section  text-normal section-text-no-shadow section-inner-no-shadow section-normal section-opaque\"  id=\"pageHeader\" >\n    \n    <div class=\"background-overlay grid-overlay-0 \" style=\"background-color: rgba(0,130,160,1);\"><\/div>\n\n    <div class=\"container-fullwidth container-vertical-default\">\n        <div class=\"row vertical-default\">\n            <div class=\"col-md-12     text-center small-screen-default\"  ><div class=\"col-text-1 text-normal  element-top-0 element-bottom-0\" data-os-animation=\"none\" data-os-animation-delay=\"0s\">\n    <h1>St\u00f6rer<\/h1>\n<p>Helfen Sie Ihren Kunden die besten Angebote mit genialen Onlineshop Badges zu finden.<\/p>\n<\/div>\n<div class=\"row \"><div class=\"col-md-3     text-default small-screen-default\"  ><\/div><div class=\"col-md-6     text-default small-screen-default\"  ><div class=\"col-text-1 text-normal  element-top-0 element-bottom-0\" data-os-animation=\"none\" data-os-animation-delay=\"0s\">\n    <div class=\"dm-stacked\">\n<div class=\"dm-device dm-scroll\" data-device=\"macbook\" data-orientation=\"\" data-color=\"white\">\n<div class=\"device\">\n<div class=\"screen\">\n<img decoding=\"async\" loading=\"lazy\" class=\"alignnone size-full wp-image-4604\" src=\"https:\/\/www.recolize.com\/wp-content\/uploads\/badges-background-desktop.png\" alt=\"Geniale Onlineshop St\u00f6rer Desktop\" width=\"1200\" height=\"1600\" \/><img decoding=\"async\" loading=\"lazy\" class=\"badgeIcons desktop alignnone size-full wp-image-4604\" style=\"margin-top: -760px;\" src=\"https:\/\/www.recolize.com\/wp-content\/uploads\/stoerer-icons-desktop.png\" alt=\"Geniale Onlineshop St\u00f6rer Desktop\" width=\"1200\" height=\"1600\" \/>\n<\/div><!-- \/.screen -->\n<\/div><!-- \/.device -->\n<\/div><!-- \/.dm-device -->\n<br \/>\n<div class=\" dm-stacked-left iphone6 \">\n<div class=\"dm-device dm-scroll\" data-device=\"iphone6\" data-orientation=\"\" data-color=\"\">\n<div class=\"device\">\n<div class=\"screen\">\n<img decoding=\"async\" loading=\"lazy\" class=\"alignnone size-full wp-image-4606\" src=\"https:\/\/www.recolize.com\/wp-content\/uploads\/badges-background-mobile.png\" alt=\"Geniale Onlineshop St\u00f6rer Mobile\" width=\"187\" height=\"1520\" \/><img decoding=\"async\" loading=\"lazy\" class=\"badgeIcons mobile alignnone size-full wp-image-4606\" style=\"margin-top: -331px;\" src=\"https:\/\/www.recolize.com\/wp-content\/uploads\/stoerer-icons-mobile.png\" alt=\"Geniale Onlineshop St\u00f6rer Mobile\" width=\"187\" height=\"1520\" \/>\n<\/div><!-- \/.screen -->\n<\/div><!-- \/.device -->\n<\/div><!-- \/.dm-device -->\n<\/div><!-- \/.dm-stacked- -->\n<\/div><!-- \/.dm-stacked -->\n<\/p>\n<\/div>\n<\/div><div class=\"col-md-3     text-default small-screen-default\"  ><\/div><\/div><\/div>        <\/div>\n    <\/div>\n<\/section>\n<section class=\"section whatSection text-normal section-text-no-shadow section-inner-no-shadow section-normal section-opaque\"  >\n    \n    <div class=\"background-overlay grid-overlay-0 \" style=\"background-color: rgba(0,0,0,0);\"><\/div>\n\n    <div class=\"container container-vertical-default\">\n        <div class=\"row vertical-default\">\n            <div class=\"col-md-12     text-center small-screen-default\"  ><div class=\"row \"><div class=\"col-md-6     text-default small-screen-default\"  ><div class=\"col-text-1 text-normal  element-top-0 element-bottom-0\" data-os-animation=\"none\" data-os-animation-delay=\"0s\">\n    <h2>Was sind St\u00f6rer?<\/h2>\n<p>St\u00f6rer sind kleine Icons, die sich \u00fcber das Produkt in Produktlisten, auf Produktseiten, im Warenkorb legen &#8211; ganz einfach \u00fcberall, wo das Produkt angezeigt wird. Mit einem St\u00f6rer wird das Produkt als spezielles Produkt markiert, z.B. f\u00fcr einen Sale. Das Icon zeigt dem Kunden, dass dieses Produkt spezielle Aufmerksamkeit verdient.<\/p>\n<\/div>\n<\/div><div class=\"col-md-6     text-default small-screen-default\"  ><div class=\"col-text-1 text-normal  element-top-0 element-bottom-0\" data-os-animation=\"none\" data-os-animation-delay=\"0s\">\n    <h2>Wieso\u00a0St\u00f6rer?<\/h2>\n<p>Falls Sie viele Produkte anbieten (z.B. mehr als 500), dann ist es immer schwierig f\u00fcr Kunden zu differenzieren und das richtige Produkt zu finden. St\u00f6rer helfen den Kunden die Produkte abh\u00e4ngig von spezifischen Merkmalen zu finden: z.B. es ist heute g\u00fcnstiger oder hat eine einzigartige Eigenschaft.<\/p>\n<\/div>\n<\/div><\/div><div class=\"row \"><div class=\"col-md-12     text-default small-screen-default\"  ><div class=\"col-text-1 text-normal  element-top-50 element-bottom-0\" data-os-animation=\"none\" data-os-animation-delay=\"0s\">\n    <h2>St\u00f6rer Beispiele<\/h2>\n<\/div>\n<ul class=\"fa-ul badgesExamplesIconList text-normal element-top-20 element-bottom-20\" data-os-animation=\"none\" data-os-animation-delay=\"0s\">\n    <li class=\"\">\n            <i class=\"fa-li fa fa-dollar\">\n        <\/i>\n        Sale St\u00f6rer<\/li><li class=\"\">\n            <i class=\"fa-li fa fa-newspaper-o\">\n        <\/i>\n        Neu St\u00f6rer<\/li><li class=\"\">\n            <i class=\"fa-li fa fa-percent\">\n        <\/i>\n        Rabatt Prozent St\u00f6rer<\/li><li class=\"\">\n            <i class=\"fa-li fa fa-rocket\">\n        <\/i>\n        Spezielle Eigenschaft St\u00f6rer<\/li><li class=\"\">\n            <i class=\"fa-li fa fa-shopping-bag\">\n        <\/i>\n        Bereits gekauft St\u00f6rer<\/li><li class=\"\">\n            <i class=\"fa-li fa fa-cart-arrow-down\">\n        <\/i>\n        Ausverkauft St\u00f6rer<\/li><\/ul><\/div><\/div><\/div>        <\/div>\n    <\/div>\n<\/section>\n<section class=\"section outOfTheBoxSection text-normal section-text-no-shadow section-inner-no-shadow section-normal section-opaque\"  >\n    \n    <div class=\"background-overlay grid-overlay-0 \" style=\"background-color: rgba(0,0,0,0);\"><\/div>\n\n    <div class=\"container-fullwidth container-vertical-default\">\n        <div class=\"row vertical-default\">\n            <div class=\"col-md-12     text-default small-screen-default\"  ><div class=\"row \"><div class=\"col-md-12     text-center small-screen-default\"  ><div class=\"col-text-1 text-normal  element-top-20 element-bottom-20\" data-os-animation=\"none\" data-os-animation-delay=\"0s\">\n    <h2>Sofort einsatzf\u00e4hige St\u00f6rer<\/h2>\n<p>Die folgenden Standard-St\u00f6rer sind sofort in Recolize verf\u00fcgbar ohne weitere Konfiguration.<br \/>\nNat\u00fcrlich k\u00f6nnen Sie die Farben, Formen und Texte frei definieren.<\/p>\n<\/div>\n<\/div><\/div><div class=\"row \"><div class=\"col-md-4    badgeIconColumn text-center small-screen-default\"  style=\"background:#d0e2ec;\"><div class=\"figure element-top-0 element-bottom-0  badgeExampleIcon new\" data-os-animation=\"none\" data-os-animation-delay=\"0s\">\n            <span class=\"figure-image\">\n        <img width=\"282\" height=\"266\" src=\"https:\/\/www.recolize.com\/wp-content\/uploads\/badge-new.png\" class=\"attachment-medium size-medium\" alt=\"\" decoding=\"async\" loading=\"lazy\" \/>            <\/span>\n    <\/div>\n<div class=\"col-text-1 text-normal  element-top-0 element-bottom-0\" data-os-animation=\"none\" data-os-animation-delay=\"0s\">\n    <h3>Neu St\u00f6rer f\u00fcr neue Produkte<\/h3>\n<p>Zeigen Sie einen Neu St\u00f6rer an, wenn ein Produkt neu ist. Sie definieren einfach die Regel, was &#8222;neu&#8220; f\u00fcr Sie bedeutet. Z.B. wenn ein Produkt in den vergangenen 2 Wochen aktiviert wurde.<\/p>\n<\/div>\n<div class=\"figure element-top-0 element-bottom-30  \" data-os-animation=\"none\" data-os-animation-delay=\"0s\">\n            <a href=\"https:\/\/www.recolize.com\/wp-content\/uploads\/stoerer-neu-beispiel-produkt.png\" class=\"figure-image magnific\" target=\"_self\">\n        <img width=\"243\" height=\"300\" src=\"https:\/\/www.recolize.com\/wp-content\/uploads\/stoerer-neu-beispiel-produkt-243x300.png\" class=\"attachment-medium size-medium\" alt=\"\" decoding=\"async\" loading=\"lazy\" srcset=\"https:\/\/www.recolize.com\/wp-content\/uploads\/stoerer-neu-beispiel-produkt-243x300.png 243w, https:\/\/www.recolize.com\/wp-content\/uploads\/stoerer-neu-beispiel-produkt.png 684w\" sizes=\"(max-width: 243px) 100vw, 243px\" \/>            <\/a>\n    <\/div>\n<\/div><div class=\"col-md-4    badgeIconColumn text-center small-screen-default\"  style=\"background:#a6daef;\"><div class=\"figure element-top-0 element-bottom-0  badgeExampleIcon sale\" data-os-animation=\"none\" data-os-animation-delay=\"0s\">\n            <span class=\"figure-image\">\n        <img width=\"300\" height=\"133\" src=\"https:\/\/www.recolize.com\/wp-content\/uploads\/badge-sale-300x133.png\" class=\"attachment-medium size-medium\" alt=\"\" decoding=\"async\" loading=\"lazy\" srcset=\"https:\/\/www.recolize.com\/wp-content\/uploads\/badge-sale-300x133.png 300w, https:\/\/www.recolize.com\/wp-content\/uploads\/badge-sale.png 312w\" sizes=\"(max-width: 300px) 100vw, 300px\" \/>            <\/span>\n    <\/div>\n<div class=\"col-text-1 text-normal  element-top-0 element-bottom-0\" data-os-animation=\"none\" data-os-animation-delay=\"0s\">\n    <h3>Sale St\u00f6rer f\u00fcr Produkte im Sale<\/h3>\n<p>Zeigen Sie einen Sale St\u00f6rer f\u00fcr alle Produkte im Sale an. Wenn der reduzierte Preis des Produkts geringer ist als der Originalpreis, dann wird der St\u00f6rer angezeigt.<\/p>\n<\/div>\n<div class=\"figure element-top-0 element-bottom-30  \" data-os-animation=\"none\" data-os-animation-delay=\"0s\">\n            <a href=\"https:\/\/www.recolize.com\/wp-content\/uploads\/badge-sale-example-product.png\" class=\"figure-image magnific\" target=\"_self\">\n        <img width=\"243\" height=\"300\" src=\"https:\/\/www.recolize.com\/wp-content\/uploads\/badge-sale-example-product-243x300.png\" class=\"attachment-medium size-medium\" alt=\"\" decoding=\"async\" loading=\"lazy\" srcset=\"https:\/\/www.recolize.com\/wp-content\/uploads\/badge-sale-example-product-243x300.png 243w, https:\/\/www.recolize.com\/wp-content\/uploads\/badge-sale-example-product.png 684w\" sizes=\"(max-width: 243px) 100vw, 243px\" \/>            <\/a>\n    <\/div>\n<\/div><div class=\"col-md-4    badgeIconColumn text-center small-screen-default\"  style=\"background:#bfe2ca;\"><div class=\"figure element-top-0 element-bottom-0  badgeExampleIcon salePercentage\" data-os-animation=\"none\" data-os-animation-delay=\"0s\">\n            <span class=\"figure-image\">\n        <img width=\"300\" height=\"133\" src=\"https:\/\/www.recolize.com\/wp-content\/uploads\/badge-sale-percentage-300x133.png\" class=\"attachment-medium size-medium\" alt=\"\" decoding=\"async\" loading=\"lazy\" srcset=\"https:\/\/www.recolize.com\/wp-content\/uploads\/badge-sale-percentage-300x133.png 300w, https:\/\/www.recolize.com\/wp-content\/uploads\/badge-sale-percentage.png 312w\" sizes=\"(max-width: 300px) 100vw, 300px\" \/>            <\/span>\n    <\/div>\n<div class=\"col-text-1 text-normal  element-top-0 element-bottom-0\" data-os-animation=\"none\" data-os-animation-delay=\"0s\">\n    <h3>Rabatt Prozent St\u00f6rer<\/h3>\n<p>Stellen Sie die H\u00f6he des Rabatts der Produkte im Sale als St\u00f6rer dar. Die H\u00f6he wird automatisch berechnet durch den Vergleich des reduzierten Preises mit dem Originalpreis des Produkts.<\/p>\n<\/div>\n<div class=\"figure element-top-0 element-bottom-30  \" data-os-animation=\"none\" data-os-animation-delay=\"0s\">\n            <a href=\"https:\/\/www.recolize.com\/wp-content\/uploads\/badge-sale-percentage-example-product.png\" class=\"figure-image magnific\" target=\"_self\">\n        <img width=\"243\" height=\"300\" src=\"https:\/\/www.recolize.com\/wp-content\/uploads\/badge-sale-percentage-example-product-243x300.png\" class=\"attachment-medium size-medium\" alt=\"\" decoding=\"async\" loading=\"lazy\" srcset=\"https:\/\/www.recolize.com\/wp-content\/uploads\/badge-sale-percentage-example-product-243x300.png 243w, https:\/\/www.recolize.com\/wp-content\/uploads\/badge-sale-percentage-example-product.png 684w\" sizes=\"(max-width: 243px) 100vw, 243px\" \/>            <\/a>\n    <\/div>\n<\/div><\/div><\/div>        <\/div>\n    <\/div>\n<\/section>\n<section class=\"section  text-normal section-text-no-shadow section-inner-no-shadow section-normal section-opaque\"  >\n    \n    <div class=\"background-overlay grid-overlay-0 \" style=\"background-color: rgba(0,0,0,0);\"><\/div>\n\n    <div class=\"container container-vertical-default\">\n        <div class=\"row vertical-default\">\n            <div class=\"col-md-12     text-default small-screen-default\"  ><div class=\"row \"><div class=\"col-md-12     text-default small-screen-default\"  ><div class=\"col-text-1 text-normal  element-top-20 element-bottom-20\" data-os-animation=\"none\" data-os-animation-delay=\"0s\">\n    <h2>Wie funktioniert es?<\/h2>\n<p>Nur 1 Klick klingt wirklich gro\u00dfartig. Aber wie funktioniert es?<\/p>\n<\/div>\n<\/div><\/div><div class=\"row \"><div class=\"col-md-6     text-default small-screen-default\"  ><div class=\"col-text-1 text-normal  element-top-0 element-bottom-0\" data-os-animation=\"none\" data-os-animation-delay=\"0s\">\n    <h3>Sie konfigurieren einfach<\/h3>\n<ol>\n<li>Ihre Domain in unserem Tool<\/li>\n<li>und die Standard-St\u00f6rer werden sofort automatisch angezeigt.<\/li>\n<li>Das war es schon!<\/li>\n<\/ol>\n<\/div>\n<\/div><div class=\"col-md-6     text-default small-screen-default\"  ><div class=\"col-text-1 text-normal howToSecondList element-top-20 element-bottom-20\" data-os-animation=\"none\" data-os-animation-delay=\"0s\">\n    <h3>Optional k\u00f6nnen Sie<\/h3>\n<ol>\n<li>festlegen, welche St\u00f6rer Sie benutzen wollen und welche nicht,<\/li>\n<li>wo die St\u00f6rer angezeigt werden (z.B. auf Kategorie- und Produktseiten)<\/li>\n<li>und wie diese aussehen (Farben, Texte und Formen).<\/li>\n<\/ol>\n<\/div>\n<\/div><\/div><\/div>        <\/div>\n    <\/div>\n<\/section>\n<section class=\"section  text-normal section-text-no-shadow section-inner-no-shadow section-normal section-opaque\"  >\n    \n    <div class=\"background-overlay grid-overlay-0 \" style=\"background-color: rgba(0,0,0,0);\"><\/div>\n\n    <div class=\"container container-vertical-default\">\n        <div class=\"row vertical-default\">\n            <div class=\"col-md-12     text-default small-screen-default\"  ><h2 class=\"text-left  element-top-0 element-bottom-0 text-normal normal default\" data-os-animation=\"none\" data-os-animation-delay=\"0s\" >\n    St\u00f6rer Features<\/h2><div class=\"row \"><div class=\"col-md-6     text-default small-screen-default\"  ><ul class=\"features-list  text-normal element-top-20 element-bottom-20\" data-os-animation=\"none\" data-os-animation-delay=\"0s\">\n    <li class=\" element-top-0 element-bottom-0\"  data-os-animation=\"none\" data-os-animation-delay=\"0s\">\n            <div class=\"features-list-icon box-animate\" data-animation=\" \">\n            <i class=\"fa fa-user\" style=\"color:#0082a0;\"><\/i>\n        <\/div>\n        <h3>\n        Kombinieren Sie mehrere St\u00f6rer    <\/h3>\n    <p>\n        Ein Produkt kann gleichzeitig neu und im Sale sein. Definieren Sie Regeln f\u00fcr diese F\u00e4lle, um festzulegen, welcher St\u00f6rer bevorzugt wird.    <\/p>\n<\/li><li class=\" element-top-0 element-bottom-0\"  data-os-animation=\"none\" data-os-animation-delay=\"0s\">\n            <div class=\"features-list-icon box-animate\" data-animation=\" \">\n            <i class=\"fa fa-mobile\" style=\"color:#0082a0;\"><\/i>\n        <\/div>\n        <h3>\n        Responsive    <\/h3>\n    <p>\n        Alle St\u00f6rer werden perfekt auf allen Arten von Devices dargestellt. Egal ob TV-Bildschirm, Desktop, Tablet oder Mobile.    <\/p>\n<\/li><li class=\" element-top-20 element-bottom-20\"  data-os-animation=\"none\" data-os-animation-delay=\"0s\">\n            <div class=\"features-list-icon box-animate\" data-animation=\" \">\n            <i class=\"fa fa-braille\"><\/i>\n        <\/div>\n        <h3>\n        Individuelles Design    <\/h3>\n    <p>\n        Das komplette Design der St\u00f6rer ist frei konfigurierbar: die Form, Schriftart, Texte und Farben sind frei festlegbar. Sie k\u00f6nnen sogar Ihr eigenes CSS hinzuf\u00fcgen.    <\/p>\n<\/li><\/ul><\/div><div class=\"col-md-6     text-default small-screen-default\"  ><ul class=\"features-list  text-normal element-top-20 element-bottom-20\" data-os-animation=\"none\" data-os-animation-delay=\"0s\">\n    <li class=\" element-top-20 element-bottom-20\"  data-os-animation=\"none\" data-os-animation-delay=\"0s\">\n            <div class=\"features-list-icon box-animate\" data-animation=\" \">\n            <i class=\"fa fa-arrows\"><\/i>\n        <\/div>\n        <h3>\n        Freie Positionierung    <\/h3>\n    <p>\n        Sie legen mit Regeln fest, wo die St\u00f6rer angezeigt werden. Standardm\u00e4\u00dfig werden St\u00f6rer \u00fcberall dort angezeigt, wo auch ein Produkt dargestellt wird. Aber Sie wollen diese z.B. im Warenkorb ausblenden? Das ist einfach konfigurierbar.    <\/p>\n<\/li><li class=\" element-top-20 element-bottom-20\"  data-os-animation=\"none\" data-os-animation-delay=\"0s\">\n            <div class=\"features-list-icon box-animate\" data-animation=\" \">\n            <i class=\"fa fa-stop\"><\/i>\n        <\/div>\n        <h3>\n        St\u00f6rer ausblenden    <\/h3>\n    <p>\n        Sie k\u00f6nnen die St\u00f6rer auch nach konfigurierbaren Regeln ausblenden. Beispiel: keine St\u00f6rer anzeigen, wenn der Sale-Rabatt gr\u00f6\u00dfer als 50 % ist.    <\/p>\n<\/li><li class=\" element-top-20 element-bottom-20\"  data-os-animation=\"none\" data-os-animation-delay=\"0s\">\n            <div class=\"features-list-icon box-animate\" data-animation=\" \">\n            <i class=\"icon-bag\"><\/i>\n        <\/div>\n        <h3>\n        Eigene St\u00f6rer erstellen    <\/h3>\n    <p>\n        Erstellen Sie Ihre eigenen St\u00f6rer im Recolize Tool. Definieren Sie alles von der Regel basierend auf Produktattribute bis hin zur Farbe der St\u00f6rer und wo sie angezeigt werden sollen.    <\/p>\n<\/li><\/ul><\/div><\/div><\/div>        <\/div>\n    <\/div>\n<\/section>\n<section class=\"section  hidden-lg hidden-md hidden-sm hidden-xs text-normal section-text-no-shadow section-inner-no-shadow section-normal section-opaque\"  >\n    \n    <div class=\"background-overlay grid-overlay-0 \" style=\"background-color: rgba(0,0,0,0);\"><\/div>\n\n    <div class=\"container container-vertical-default\">\n        <div class=\"row vertical-default\">\n            <div class=\"col-md-12     text-default small-screen-default\"  ><div class=\"col-text-1 text-normal  element-top-20 element-bottom-20\" data-os-animation=\"none\" data-os-animation-delay=\"0s\">\n    <h2 style=\"text-align: center;\">Beispiele<\/h2>\n<\/div>\n<\/div>        <\/div>\n    <\/div>\n<\/section>\n","protected":false},"excerpt":{"rendered":"St\u00f6rer Helfen Sie Ihren Kunden die besten Angebote mit genialen Onlineshop Badges zu finden. Was sind St\u00f6rer? St\u00f6rer sind kleine Icons, die sich \u00fcber das Produkt in Produktlisten, auf Produktseiten, im Warenkorb legen - ganz einfach \u00fcberall, wo das Produkt angezeigt wird. Mit einem St\u00f6rer wird das Produkt als spezielles Produkt markiert, z.B. f\u00fcr einen","protected":false},"author":1,"featured_media":0,"parent":6308,"menu_order":0,"comment_status":"closed","ping_status":"closed","template":"","meta":[],"tags":[],"_links":{"self":[{"href":"https:\/\/www.recolize.com\/de\/wp-json\/wp\/v2\/pages\/6784"}],"collection":[{"href":"https:\/\/www.recolize.com\/de\/wp-json\/wp\/v2\/pages"}],"about":[{"href":"https:\/\/www.recolize.com\/de\/wp-json\/wp\/v2\/types\/page"}],"author":[{"embeddable":true,"href":"https:\/\/www.recolize.com\/de\/wp-json\/wp\/v2\/users\/1"}],"replies":[{"embeddable":true,"href":"https:\/\/www.recolize.com\/de\/wp-json\/wp\/v2\/comments?post=6784"}],"version-history":[{"count":6,"href":"https:\/\/www.recolize.com\/de\/wp-json\/wp\/v2\/pages\/6784\/revisions"}],"predecessor-version":[{"id":6799,"href":"https:\/\/www.recolize.com\/de\/wp-json\/wp\/v2\/pages\/6784\/revisions\/6799"}],"up":[{"embeddable":true,"href":"https:\/\/www.recolize.com\/de\/wp-json\/wp\/v2\/pages\/6308"}],"wp:attachment":[{"href":"https:\/\/www.recolize.com\/de\/wp-json\/wp\/v2\/media?parent=6784"}],"wp:term":[{"taxonomy":"post_tag","embeddable":true,"href":"https:\/\/www.recolize.com\/de\/wp-json\/wp\/v2\/tags?post=6784"}],"curies":[{"name":"wp","href":"https:\/\/api.w.org\/{rel}","templated":true}]}}