{"id":7035,"date":"2019-11-21T15:48:06","date_gmt":"2019-11-21T14:48:06","guid":{"rendered":"https:\/\/www.recolize.com\/features\/cookie-consent\/"},"modified":"2019-11-21T16:23:42","modified_gmt":"2019-11-21T15:23:42","slug":"cookie-consent","status":"publish","type":"page","link":"https:\/\/www.recolize.com\/de\/features\/cookie-consent\/","title":{"rendered":"Cookie Consent"},"content":{"rendered":"<section class=\"section  text-normal section-text-no-shadow section-inner-no-shadow section-normal section-opaque\"  id=\"pageHeader\" >\n    \n    <div class=\"background-overlay grid-overlay-0 \" style=\"background-color: rgba(0,130,160,1);\"><\/div>\n\n    <div class=\"container-fullwidth container-vertical-default\">\n        <div class=\"row vertical-default\">\n            <div class=\"col-md-12     text-center small-screen-default\"  ><div class=\"col-text-1 text-normal  element-top-0 element-bottom-0\" data-os-animation=\"none\" data-os-animation-delay=\"0s\">\n    <h1>Cookie Consent<\/h1>\n<p>DSGVO und das\u00a0<a href=\"https:\/\/www.e-recht24.de\/artikel\/datenschutz\/11517-eugh-urteil-like-button-cookies.html\" target=\"_blank\" rel=\"noopener\">neueste Urteil<\/a>\u00a0des Europ\u00e4ischen Gerichtshofs:<br \/>\nein Cookie Consent Layer wird bald verpflichtend.<\/p>\n<\/div>\n<div class=\"row \"><div class=\"col-md-3     text-default small-screen-default\"  ><\/div><div class=\"col-md-6     text-default small-screen-default\"  ><div class=\"col-text-1 text-normal  element-top-0 element-bottom-0\" data-os-animation=\"none\" data-os-animation-delay=\"0s\">\n    <div class=\"dm-stacked\">\n<div class=\"dm-device dm-scroll\" data-device=\"macbook\" data-orientation=\"\" data-color=\"white\">\n<div class=\"device\">\n<div class=\"screen\">\n<img decoding=\"async\" loading=\"lazy\" class=\"badgeIcons desktop alignnone size-full wp-image-4604\" style=\"margin-top: -760px;\" src=\"https:\/\/www.recolize.com\/wp-content\/uploads\/cookie-consent-desktop.png\" alt=\"Genius Online Shop Cookie Consent Desktop\" width=\"1200\" height=\"1600\" \/>\n<\/div><!-- \/.screen -->\n<\/div><!-- \/.device -->\n<\/div><!-- \/.dm-device -->\n<br \/>\n<div class=\" dm-stacked-left iphone6 \">\n<div class=\"dm-device dm-scroll\" data-device=\"iphone6\" data-orientation=\"\" data-color=\"\">\n<div class=\"device\">\n<div class=\"screen\">\n<img decoding=\"async\" loading=\"lazy\" class=\"alignnone size-full wp-image-4606\" src=\"https:\/\/www.recolize.com\/wp-content\/uploads\/cookie-consent-mobile.png\" alt=\"Genius Online Shop Cookie Consent Mobile\" width=\"187\" height=\"1520\" \/>\n<\/div><!-- \/.screen -->\n<\/div><!-- \/.device -->\n<\/div><!-- \/.dm-device -->\n<\/div><!-- \/.dm-stacked- -->\n<\/div><!-- \/.dm-stacked -->\n<\/p>\n<\/div>\n<\/div><div class=\"col-md-3     text-default small-screen-default\"  ><\/div><\/div><\/div>        <\/div>\n    <\/div>\n<\/section>\n<section class=\"section whatSection text-normal section-text-no-shadow section-inner-no-shadow section-normal section-opaque\"  >\n    \n    <div class=\"background-overlay grid-overlay-0 \" style=\"background-color: rgba(0,0,0,0);\"><\/div>\n\n    <div class=\"container container-vertical-default\">\n        <div class=\"row vertical-default\">\n            <div class=\"col-md-12     text-center small-screen-default\"  ><div class=\"row \"><div class=\"col-md-6     text-default small-screen-default\"  ><div class=\"col-text-1 text-normal  element-top-0 element-bottom-0\" data-os-animation=\"none\" data-os-animation-delay=\"0s\">\n    <h2>Was ist Cookie Consent?<\/h2>\n<p>Der Cookie Consent ist ein Layer, welcher verpflichtend f\u00fcr jede europ\u00e4ische Website wird. Jeder Website-Betreiber muss eine Information mit\u00a0<strong>optionalen <\/strong>und nicht vorausgew\u00e4hlten Checkboxen zur Verf\u00fcgung stellen, \u00fcber die nicht notwendige Cookies vom Website-Besucher deaktiviert werden k\u00f6nnen. Die einzigen erlaubten Cookies sind wirklich notwendige Cookies f\u00fcr z.B. die Funktion einer Website (z.B. um einen Warenkorb anzubieten) oder Cookies um die Cookie Consent Antwort eines Benutzers zu speichern.<\/p>\n<\/div>\n<\/div><div class=\"col-md-6     text-default small-screen-default\"  ><div class=\"col-text-1 text-normal  element-top-0 element-bottom-0\" data-os-animation=\"none\" data-os-animation-delay=\"0s\">\n    <h2>Was ist Recolize Cookie Consent?<\/h2>\n<p>Mit unserer Cookie Consent L\u00f6sung k\u00f6nnen sie Ihren Cookie Consent Layer f\u00fcr alle notwendigen und nicht notwendigen Services erstellen, welche Cookies in Ihrem Onlineshop erzeugen. Recolize Cookie Consent wird dann das Speichern von allen nicht gewollten Cookies des Website-Besuchers verhindern. Und nat\u00fcrlich k\u00f6nnen sie die Position, das Design, die Texte und die Links frei in unserem Tool konfigurieren. Wartungsfrei aus der Recolize Cloud.<\/p>\n<\/div>\n<\/div><\/div><div class=\"row \"><div class=\"col-md-12     text-default small-screen-default\"  ><div class=\"col-text-1 text-normal  element-top-50 element-bottom-0\" data-os-animation=\"none\" data-os-animation-delay=\"0s\">\n    <h2>Cookie Beispiele<\/h2>\n<\/div>\n<ul class=\"fa-ul examplesIconList text-normal element-top-20 element-bottom-20\" data-os-animation=\"none\" data-os-animation-delay=\"0s\">\n    <li class=\"\">\n            <i class=\"fa-li fa fa-arrow-right\">\n        <\/i>\n        Usertracking Cookies<\/li><li class=\"\">\n            <i class=\"fa-li fa fa-arrow-right\">\n        <\/i>\n        Cookies zur Personalisierung<\/li><li class=\"\">\n            <i class=\"fa-li fa fa-arrow-right\">\n        <\/i>\n        Remarketing Cookies<\/li><li class=\"\">\n            <i class=\"fa-li fa fa-arrow-right\">\n        <\/i>\n        Performance Marketing Cookies<\/li><li class=\"\">\n            <i class=\"fa-li fa fa-arrow-right\">\n        <\/i>\n        Notwendige Onlineshop Cookies<\/li><\/ul><\/div><\/div><\/div>        <\/div>\n    <\/div>\n<\/section>\n<section class=\"section  text-normal section-text-no-shadow section-inner-no-shadow section-normal section-opaque\"  >\n    \n    <div class=\"background-overlay grid-overlay-0 \" style=\"background-color: rgba(0,0,0,0);\"><\/div>\n\n    <div class=\"container container-vertical-default\">\n        <div class=\"row vertical-default\">\n            <div class=\"col-md-12     text-default small-screen-default\"  ><h2 class=\"text-left  element-top-0 element-bottom-0 text-normal normal default\" data-os-animation=\"none\" data-os-animation-delay=\"0s\" >\n    Cookie Consent Features<\/h2><div class=\"row \"><div class=\"col-md-6     text-default small-screen-default\"  ><ul class=\"features-list  text-normal element-top-20 element-bottom-20\" data-os-animation=\"none\" data-os-animation-delay=\"0s\">\n    <li class=\" element-top-0 element-bottom-0\"  data-os-animation=\"none\" data-os-animation-delay=\"0s\">\n            <div class=\"features-list-icon box-animate\" data-animation=\" \">\n            <i class=\"fa fa-star\" style=\"color:#0082a0;\"><\/i>\n        <\/div>\n        <h3>\n        Entscheidung ob vorausgew\u00e4hlt    <\/h3>\n    <p>\n        W\u00e4hlen Sie pro Cookie Consent Element aus, ob die Checkbox vorausgew\u00e4hlt angezeigt werden soll.    <\/p>\n<\/li><li class=\" element-top-0 element-bottom-0\"  data-os-animation=\"none\" data-os-animation-delay=\"0s\">\n            <div class=\"features-list-icon box-animate\" data-animation=\" \">\n            <i class=\"fa fa-star\" style=\"color:#0082a0;\"><\/i>\n        <\/div>\n        <h3>\n        Freie Layer-Positionierung    <\/h3>\n    <p>\n        Zeigen Sie den Layer an wo Sie wollen: Oben, unten, rechts, links oder als frei positionierter Layer z.B. in der Mitte des Bildschirms.    <\/p>\n<\/li><li class=\" element-top-20 element-bottom-20\"  data-os-animation=\"none\" data-os-animation-delay=\"0s\">\n            <div class=\"features-list-icon box-animate\" data-animation=\" \">\n            <i class=\"fa fa-braille\"><\/i>\n        <\/div>\n        <h3>\n        Individuelles Design    <\/h3>\n    <p>\n        Das komplette Design des Cookie Consent Layers ist frei konfigurierbar: Farben, Schriftarten, Buttons etc. k\u00f6nnen nach Ihrer Corporate Identity gestyled werden.    <\/p>\n<\/li><li class=\" element-top-20 element-bottom-20\"  data-os-animation=\"none\" data-os-animation-delay=\"0s\">\n            <div class=\"features-list-icon box-animate\" data-animation=\" \">\n            <i class=\"fa fa-star\" style=\"color:#0082a0;\"><\/i>\n        <\/div>\n        <h3>\n        Consent G\u00fcltigkeitsdauer    <\/h3>\n    <p>\n        Konfigurieren Sie die G\u00fcltigkeitsdauer der Cookie Consent Entscheidungen des Onlineshop-Besuchers.    <\/p>\n<\/li><\/ul><\/div><div class=\"col-md-6     text-default small-screen-default\"  ><ul class=\"features-list  text-normal element-top-20 element-bottom-20\" data-os-animation=\"none\" data-os-animation-delay=\"0s\">\n    <li class=\" element-top-20 element-bottom-20\"  data-os-animation=\"none\" data-os-animation-delay=\"0s\">\n            <div class=\"features-list-icon box-animate\" data-animation=\" \">\n            <i class=\"fa fa-arrows\"><\/i>\n        <\/div>\n        <h3>\n        Neue Services automatisch ausschlie\u00dfen    <\/h3>\n    <p>\n        Wenn ein neuer Service zu Ihrem Onlineshop hinzugef\u00fcgt wird, dann bemerkt Recolize Cookie Consent diesen Service und schlie\u00dft die Cookies dieses Services automatisch aus.    <\/p>\n<\/li><li class=\" element-top-20 element-bottom-20\"  data-os-animation=\"none\" data-os-animation-delay=\"0s\">\n            <div class=\"features-list-icon box-animate\" data-animation=\" \">\n            <i class=\"icon-bag\"><\/i>\n        <\/div>\n        <h3>\n        Service-Gruppen    <\/h3>\n    <p>\n        Gruppieren Sie verschiedene Arten von Services wie z.B. Marketing- und Usertracking-Services im Layer, um es f\u00fcr den Onlineshop-Besucher einfacher zu machen diese Services zu verstehen.    <\/p>\n<\/li><li class=\" element-top-20 element-bottom-20\"  data-os-animation=\"none\" data-os-animation-delay=\"0s\">\n            <div class=\"features-list-icon box-animate\" data-animation=\" \">\n            <i class=\"fa fa-star\" style=\"color:#0082a0;\"><\/i>\n        <\/div>\n        <h3>\n        Consent-Entscheidungen invalidieren    <\/h3>\n    <p>\n        Wenn Sie Ihren Cookie Consent Layer aktualisieren m\u00fcssen, dann k\u00f6nnen Sie alle vorherigen Consent-Entscheidungen Ihrer Website-Besucher invalidieren.    <\/p>\n<\/li><li class=\" element-top-20 element-bottom-20\"  data-os-animation=\"none\" data-os-animation-delay=\"0s\">\n            <div class=\"features-list-icon box-animate\" data-animation=\" \">\n            <i class=\"fa fa-stop\"><\/i>\n        <\/div>\n        <h3>\n        Keine Wartungskosten    <\/h3>\n    <p>\n        Recolize f\u00fcgt Aktualisierungen wie neue Funktionalit\u00e4ten automatisch zu Ihrem Cookie Consent Layer hinzu ohne Aufwand auf Ihrer Seite.    <\/p>\n<\/li><\/ul><\/div><\/div><\/div>        <\/div>\n    <\/div>\n<\/section>\n<section class=\"section  text-normal section-text-no-shadow section-inner-no-shadow section-normal section-opaque\"  >\n    \n    <div class=\"background-overlay grid-overlay-0 \" style=\"background-color: rgba(0,0,0,0);\"><\/div>\n\n    <div class=\"container container-vertical-default\">\n        <div class=\"row vertical-default\">\n            <div class=\"col-md-12     text-default small-screen-default\"  ><div class=\"row \"><div class=\"col-md-12     text-default small-screen-default\"  ><div class=\"col-text-1 text-normal  element-top-20 element-bottom-20\" data-os-animation=\"none\" data-os-animation-delay=\"0s\">\n    <h2>Wie funktioniert es?<\/h2>\n<p>Nur 1 Klick klingt wirklich gro\u00dfartig. Aber wie funktioniert es?<\/p>\n<\/div>\n<\/div><\/div><div class=\"row \"><div class=\"col-md-6     text-default small-screen-default\"  ><div class=\"col-text-1 text-normal  element-top-0 element-bottom-0\" data-os-animation=\"none\" data-os-animation-delay=\"0s\">\n    <h3>Sie konfigurieren einfach<\/h3>\n<ol>\n<li>Ihre Domain in unserem Tool, f\u00fcgen das JavaScript Snippet zu Ihrem Onlineshop hinzu,<\/li>\n<li>kontaktieren uns mit einer Liste Ihrer Tools und Cookienamen<\/li>\n<li>und sagen uns, welche Cookies notwendig sind f\u00fcr die Funktionalit\u00e4t Ihres Onlineshops.<\/li>\n<\/ol>\n<\/div>\n<\/div><div class=\"col-md-6     text-default small-screen-default\"  ><div class=\"col-text-1 text-normal howToSecondList element-top-20 element-bottom-20\" data-os-animation=\"none\" data-os-animation-delay=\"0s\">\n    <h3>Und<\/h3>\n<ol>\n<li>legen Farben, Form und Anzeigeart fest.<\/li>\n<li>Wir konfigurieren den Cookie Consent Layer f\u00fcr Sie<\/li>\n<li>und dieser wird dann angezeigt und ist f\u00fcr den Einsatz in Ihrem Onlineshop bereit.<\/li>\n<\/ol>\n<\/div>\n<\/div><\/div><\/div>        <\/div>\n    <\/div>\n<\/section>\n<section class=\"section  hidden-lg hidden-md hidden-sm hidden-xs text-normal section-text-no-shadow section-inner-no-shadow section-normal section-opaque\"  >\n    \n    <div class=\"background-overlay grid-overlay-0 \" style=\"background-color: rgba(0,0,0,0);\"><\/div>\n\n    <div class=\"container container-vertical-default\">\n        <div class=\"row vertical-default\">\n            <div class=\"col-md-12     text-default small-screen-default\"  ><div class=\"col-text-1 text-normal  element-top-20 element-bottom-20\" data-os-animation=\"none\" data-os-animation-delay=\"0s\">\n    <h2 style=\"text-align: center;\">Examples<\/h2>\n<\/div>\n<\/div>        <\/div>\n    <\/div>\n<\/section>\n","protected":false},"excerpt":{"rendered":"Cookie Consent DSGVO und das\u00a0neueste Urteil\u00a0des Europ\u00e4ischen Gerichtshofs: ein Cookie Consent Layer wird bald verpflichtend. Was ist Cookie Consent? Der Cookie Consent ist ein Layer, welcher verpflichtend f\u00fcr jede europ\u00e4ische Website wird. Jeder Website-Betreiber muss eine Information mit\u00a0optionalen und nicht vorausgew\u00e4hlten Checkboxen zur Verf\u00fcgung stellen, \u00fcber die nicht notwendige Cookies vom Website-Besucher deaktiviert werden k\u00f6nnen.","protected":false},"author":1,"featured_media":0,"parent":6308,"menu_order":4,"comment_status":"closed","ping_status":"closed","template":"","meta":[],"tags":[],"_links":{"self":[{"href":"https:\/\/www.recolize.com\/de\/wp-json\/wp\/v2\/pages\/7035"}],"collection":[{"href":"https:\/\/www.recolize.com\/de\/wp-json\/wp\/v2\/pages"}],"about":[{"href":"https:\/\/www.recolize.com\/de\/wp-json\/wp\/v2\/types\/page"}],"author":[{"embeddable":true,"href":"https:\/\/www.recolize.com\/de\/wp-json\/wp\/v2\/users\/1"}],"replies":[{"embeddable":true,"href":"https:\/\/www.recolize.com\/de\/wp-json\/wp\/v2\/comments?post=7035"}],"version-history":[{"count":4,"href":"https:\/\/www.recolize.com\/de\/wp-json\/wp\/v2\/pages\/7035\/revisions"}],"predecessor-version":[{"id":7043,"href":"https:\/\/www.recolize.com\/de\/wp-json\/wp\/v2\/pages\/7035\/revisions\/7043"}],"up":[{"embeddable":true,"href":"https:\/\/www.recolize.com\/de\/wp-json\/wp\/v2\/pages\/6308"}],"wp:attachment":[{"href":"https:\/\/www.recolize.com\/de\/wp-json\/wp\/v2\/media?parent=7035"}],"wp:term":[{"taxonomy":"post_tag","embeddable":true,"href":"https:\/\/www.recolize.com\/de\/wp-json\/wp\/v2\/tags?post=7035"}],"curies":[{"name":"wp","href":"https:\/\/api.w.org\/{rel}","templated":true}]}}