{"id":8079,"date":"2023-03-22T12:10:51","date_gmt":"2023-03-22T11:10:51","guid":{"rendered":"https:\/\/www.recolize.com\/?page_id=8079"},"modified":"2023-04-05T12:00:32","modified_gmt":"2023-04-05T10:00:32","slug":"web-development","status":"publish","type":"page","link":"https:\/\/www.recolize.com\/de\/","title":{"rendered":"Web-Development by Profis"},"content":{"rendered":"<section class=\"section  text-normal section-text-no-shadow section-inner-no-shadow section-normal section-transparent\"  id=\"pageHeader\" >\n    \n    <div class=\"background-overlay grid-overlay-0 \" style=\"background-color: rgba(142,224,230,1);\"><\/div>\n\n    <div class=\"container container-vertical-default\">\n        <div class=\"row vertical-default\">\n            <div class=\"col-md-12     text-center small-screen-default\"  ><div class=\"col-text-1 text-normal  element-top-0 element-bottom-0\" data-os-animation=\"none\" data-os-animation-delay=\"0s\">\n    <h1 style=\"text-align: center;\">Web-Development by Profis<\/h1>\n<\/div>\n<div class=\"col-text-1 text-normal  element-top-20 element-bottom-20\" data-os-animation=\"none\" data-os-animation-delay=\"0s\">\n    <p>Wir sind ein <strong>perfekt eingespieltes Team<\/strong> aus zwei erfahrenen Software-Architekten<br \/>\nmit <strong>jahrzehntelanger Erfahrung<\/strong> und eigenem Produkt.<\/p>\n<\/div>\n<div class=\"row \"><div class=\"col-md-12     text-default small-screen-default\"  >[vc_raw_html]JTNDZGl2JTIwY2xhc3MlM0QlMjJnZy1jbG91ZCUyMiUzRSUzQyUyRmRpdiUzRSUwQSUzQ3AlMjBjbGFzcyUzRCUyMnRhZy1jbG91ZCUyMiUzRSUwQSUyMCUyMCUzQ3NwYW4lMjBzdHlsZSUzRCUyMi0tdGFnLW11bHRpcGxpZXIlM0ElMjAxJTNCJTIyJTNFJTNDYSUyMGhyZWYlM0QlMjIlMjMlMjIlM0UlMjNEYXRhRG9nJTNDJTJGYSUzRSUzQyUyRnNwYW4lM0UlMEElMjAlMjAlM0NzcGFuJTIwc3R5bGUlM0QlMjItLXRhZy1tdWx0aXBsaWVyJTNBJTIwMiUzQiUyMiUzRSUzQ2ElMjBocmVmJTNEJTIyJTIzJTIyJTNFJTIzQVdTJTNDJTJGYSUzRSUzQyUyRnNwYW4lM0UlMEElMjAlMjAlM0NzcGFuJTIwc3R5bGUlM0QlMjItLXRhZy1tdWx0aXBsaWVyJTNBJTIwMS41JTNCJTIyJTNFJTNDYSUyMGhyZWYlM0QlMjIlMjMlMjIlM0UlMjNkZXZvcHMlM0MlMkZhJTNFJTNDJTJGc3BhbiUzRSUwQSUyMCUyMCUzQ3NwYW4lMjBzdHlsZSUzRCUyMi0tdGFnLW11bHRpcGxpZXIlM0ElMjAxLjUlM0IlMjIlM0UlM0NhJTIwaHJlZiUzRCUyMiUyMyUyMiUzRSUyM2RlcGxveW1lbnQlM0MlMkZhJTNFJTNDJTJGc3BhbiUzRSUwQSUyMCUyMCUzQ3NwYW4lMjBzdHlsZSUzRCUyMi0tdGFnLW11bHRpcGxpZXIlM0ElMjAxJTNCJTIyJTNFJTNDYSUyMGhyZWYlM0QlMjIlMjMlMjIlM0UlMjNQeXRob24lM0MlMkZhJTNFJTNDJTJGc3BhbiUzRSUwQSUyMCUyMCUzQ3NwYW4lMjBzdHlsZSUzRCUyMi0tdGFnLW11bHRpcGxpZXIlM0ElMjAyJTNCJTIyJTNFJTNDYSUyMGhyZWYlM0QlMjIlMjMlMjIlM0UlMjNNYWdlbnRvJTNDJTJGYSUzRSUzQyUyRnNwYW4lM0UlMEElMjAlMjAlM0NzcGFuJTIwc3R5bGUlM0QlMjItLXRhZy1tdWx0aXBsaWVyJTNBJTIwMiUzQiUyMiUzRSUzQ2ElMjBocmVmJTNEJTIyJTIzJTIyJTNFJTIzRWxhc3RpY3NlYXJjaCUzQyUyRmElM0UlM0MlMkZzcGFuJTNFJTBBJTIwJTIwJTNDc3BhbiUyMHN0eWxlJTNEJTIyLS10YWctbXVsdGlwbGllciUzQSUyMDIuNSUzQiUyMiUzRSUzQ2ElMjBocmVmJTNEJTIyJTIzJTIyJTNFJTIzUEhQJTNDJTJGYSUzRSUzQyUyRnNwYW4lM0UlMEElMjAlMjAlM0NzcGFuJTIwc3R5bGUlM0QlMjItLXRhZy1tdWx0aXBsaWVyJTNBJTIwMSUzQiUyMiUzRSUzQ2ElMjBocmVmJTNEJTIyJTIzJTIyJTNFJTIzcGVyZm9ybWFuY2UlM0MlMkZhJTNFJTNDJTJGc3BhbiUzRSUwQSUyMCUyMCUzQ3NwYW4lMjBzdHlsZSUzRCUyMi0tdGFnLW11bHRpcGxpZXIlM0ElMjAxLjUlM0IlMjIlM0UlM0NhJTIwaHJlZiUzRCUyMiUyMyUyMiUzRSUyM1JlYWN0SnMlM0MlMkZhJTNFJTNDJTJGc3BhbiUzRSUwQSUzQyUyRnAlM0U=[\/vc_raw_html]<\/div><\/div><\/div>        <\/div>\n    <\/div>\n<\/section>\n<section class=\"section mainArgumentRow text-normal section-text-no-shadow section-inner-no-shadow section-normal section-opaque\"  >\n    \n    <div class=\"background-overlay grid-overlay-0 \" style=\"background-color: rgba(0,0,0,0);\"><\/div>\n\n    <div class=\"container container-vertical-default\">\n        <div class=\"row vertical-default\">\n            <div class=\"col-md-12     text-default small-screen-default\"  ><div class=\"col-text-1 text-normal  element-top-0 element-bottom-0\" data-os-animation=\"none\" data-os-animation-delay=\"0s\">\n    <h2 style=\"text-align: center;\">Unsere Story<\/h2>\n<\/div>\n<\/div><div class=\"col-md-1     text-right small-screen-default\"  ><\/div><div class=\"col-md-2     text-default small-screen-default\"  ><div class=\"figure element-top-20 element-bottom-0  logoIconImage\" data-os-animation=\"none\" data-os-animation-delay=\"0s\">\n            <span class=\"figure-image\">\n        <img width=\"584\" height=\"580\" src=\"https:\/\/www.recolize.com\/wp-content\/uploads\/2016\/06\/recolize-icon.png\" class=\"attachment-full size-full\" alt=\"\" decoding=\"async\" loading=\"lazy\" srcset=\"https:\/\/www.recolize.com\/wp-content\/uploads\/2016\/06\/recolize-icon.png 584w, https:\/\/www.recolize.com\/wp-content\/uploads\/2016\/06\/recolize-icon-150x150.png 150w, https:\/\/www.recolize.com\/wp-content\/uploads\/2016\/06\/recolize-icon-300x298.png 300w\" sizes=\"(max-width: 584px) 100vw, 584px\" \/>            <\/span>\n    <\/div>\n<\/div><div class=\"col-md-8     text-default small-screen-default\"  ><blockquote class=\" text-left text-normal element-top-20 element-bottom-20\" data-os-animation=\"none\" data-os-animation-delay=\"0s\">\n    <p>Wir haben jahrzehntelange Erfahrung als technische Projektleiter \u2013 dem Kit zwischen Product Ownern und Entwicklern \u2013 und sind bei unz\u00e4hligen Projekten immer wieder auf die gleichen Probleme gesto\u00dfen:<br \/>\n<mark>untersch\u00e4tzte Aufw\u00e4nde<\/mark> und <mark>mangelhafte Umsetzung<\/mark>.<br \/>\nDas Ergebnis: alle Parteien sind unzufrieden.<\/p>\n<p>Genau das wollen wir mit unserer Dienstleistung \u00e4ndern!<br \/>\n<\/p>\n            <footer>Chris und Michael<\/footer>\n    <\/blockquote><\/div><div class=\"col-md-1     text-default small-screen-default\"  ><\/div><div class=\"col-md-12     text-center small-screen-default\"  ><a href=\"\/de\/ueber-uns\" class=\"btn btn-primary btn-lg  text-normal   element-left-0 element-right-0 element-top-0 element-bottom-0\" target=\"_self\"   data-os-animation=\"none\" data-os-animation-delay=\"0s\">\n\t    Mehr \u00dcber Uns     <\/a><\/div>        <\/div>\n    <\/div>\n<\/section>\n<section class=\"section threeAdvantagesSection text-normal section-text-no-shadow section-inner-no-shadow section-normal section-opaque\"  >\n    \n    <div class=\"background-overlay grid-overlay-0 \" style=\"background-color: rgba(0,0,0,0);\"><\/div>\n\n    <div class=\"container-fullwidth container-vertical-default\">\n        <div class=\"row vertical-default\">\n            <div class=\"col-md-12     text-center small-screen-default\"  ><div class=\"col-text-1 text-normal  element-top-0 element-bottom-0\" data-os-animation=\"none\" data-os-animation-delay=\"0s\">\n    <h2 class=\"c-type-headline-primary\">Sie befinden sich in bester Gesellschaft<\/h2>\n<\/div>\n<div class=\"portfolio-container  element-top-20 element-bottom-20 text-normal\"><div class=\"row\">\r\n    <div class=\"col-md-12\">\r\n        <div class=\"portfolio-header clearfix\">\r\n                        <div class=\"portfolio-filters pull-right\">\r\n                                                            <\/div>\r\n        <\/div>\r\n    <\/div>\r\n<\/div>\r\n<div class=\"portfolio masonry no-transition\" data-padding=\"30\" data-col-xs=\"1\" data-col-sm=\"2\" data-col-md=\"3\" data-col-lg=\"5\" data-layout=\"fitRows\">\n    <\/div>\n<\/div><a href=\"\/de\/referenzen\/\" class=\"btn btn-primary btn-lg  text-normal   element-left-0 element-right-0 element-top-30 element-bottom-0\" target=\"_self\"   data-os-animation=\"none\" data-os-animation-delay=\"0s\">\n\t    Alle Referenzen ansehen     <\/a><\/div>        <\/div>\n    <\/div>\n<\/section>\n<section class=\"section whatYouCanDoRow text-normal section-text-no-shadow section-inner-no-shadow section-normal section-opaque\"  >\n    \n    <div class=\"background-overlay grid-overlay-0 \" style=\"background-color: rgba(0,0,0,0);\"><\/div>\n\n    <div class=\"container container-vertical-default\">\n        <div class=\"row vertical-default\">\n            <div class=\"col-md-12     text-default small-screen-default\"  ><div class=\"row \"><div class=\"col-md-12     text-center small-screen-default\"  ><div class=\"col-text-1 text-normal  element-top-0 element-bottom-30\" data-os-animation=\"none\" data-os-animation-delay=\"0s\">\n    <h2 id=\"NewHome9\/2017-MaximizeRevenue\">Unsere Vorteile<\/h2>\n<\/div>\n<\/div><\/div><div class=\"row \"><div class=\"col-md-4     text-center small-screen-default\"  ><i class=\"fa fa-group text-normal \" style=\"font-size:48px\"><\/i><div class=\"col-text-1 text-normal  element-top-0 element-bottom-0\" data-os-animation=\"none\" data-os-animation-delay=\"0s\">\n    <h3>1+1 = 10x<\/h3>\n<p>Wir sind seit 10 Jahren ein perfekt eingespieltes Team &#8211; ohne langwierige Abstimmungen und Urlaubsausf\u00e4lle.<\/p>\n<\/div>\n<\/div><div class=\"col-md-4     text-center small-screen-default\"  ><i class=\"fa fa-code text-normal \" style=\"font-size:48px\"><\/i><div class=\"col-text-1 text-normal  element-top-0 element-bottom-0\" data-os-animation=\"none\" data-os-animation-delay=\"0s\">\n    <h3>Qualit\u00e4t aus M\u00fcnchen<\/h3>\n<p>Der Anspruch an unsere eigene Arbeit und unseren Code ist riesig und wir sind durch Weiterbildung und Peer-Reviews laufend dran, diesen weiter zu verbessern.<\/p>\n<\/div>\n<\/div><div class=\"col-md-4     text-center small-screen-default\"  ><i class=\"fa fa-sitemap text-normal \" style=\"font-size:48px\"><\/i><div class=\"col-text-1 text-normal  element-top-0 element-bottom-0\" data-os-animation=\"none\" data-os-animation-delay=\"0s\">\n    <h3>Shops &gt; 100 Mio.<\/h3>\n<p>E-Commerce-Projekte von winzig bis riesengro\u00df: wir haben alle bereits betreut und kennen uns mit den unterschiedlichen Anforderungen aus.<\/p>\n<\/div>\n<\/div><\/div><div class=\"row \"><div class=\"col-md-6     text-center small-screen-default\"  ><i class=\"fa fa-building text-normal \" style=\"font-size:48px\"><\/i><div class=\"col-text-1 text-normal  element-top-0 element-bottom-0\" data-os-animation=\"none\" data-os-animation-delay=\"0s\">\n    <h3>Unternehmer<\/h3>\n<p>Wir sind selbst Unternehmer mit eigenem Produkt und unternehmen in Ihrem Projekt auf jeden Fall etwas!<\/p>\n<\/div>\n<\/div><div class=\"col-md-6     text-center small-screen-default\"  ><i class=\"fa fa-rocket text-normal \" style=\"font-size:48px\"><\/i><div class=\"col-text-1 text-normal  element-top-0 element-bottom-0\" data-os-animation=\"none\" data-os-animation-delay=\"0s\">\n    <h3>Sofort Startklar<\/h3>\n<p>Wir sind extrem schnell einsatzbereit, um dort zu unterst\u00fctzen, wo unsere Expertise am meisten hilft.<\/p>\n<\/div>\n<\/div><\/div><\/div>        <\/div>\n    <\/div>\n<\/section>\n<section class=\"section mainArgumentRow text-normal section-text-no-shadow section-inner-no-shadow section-normal section-opaque\"  >\n    \n    <div class=\"background-overlay grid-overlay-0 \" style=\"background-color: rgba(0,0,0,0);\"><\/div>\n\n    <div class=\"container container-vertical-default\">\n        <div class=\"row vertical-default\">\n            <div class=\"col-md-7    col-md-push-5 text-center small-screen-default\"  ><div class=\"figure element-top-40 element-bottom-0  \" data-os-animation=\"none\" data-os-animation-delay=\"0s\">\n            <span class=\"figure-image\">\n        <img width=\"2530\" height=\"640\" src=\"https:\/\/www.recolize.com\/wp-content\/uploads\/self-service-features-de.png\" class=\"attachment-full size-full\" alt=\"\" decoding=\"async\" loading=\"lazy\" srcset=\"https:\/\/www.recolize.com\/wp-content\/uploads\/self-service-features-de.png 2530w, https:\/\/www.recolize.com\/wp-content\/uploads\/self-service-features-de-300x76.png 300w, https:\/\/www.recolize.com\/wp-content\/uploads\/self-service-features-de-768x194.png 768w, https:\/\/www.recolize.com\/wp-content\/uploads\/self-service-features-de-1024x259.png 1024w\" sizes=\"(max-width: 2530px) 100vw, 2530px\" \/>            <\/span>\n    <\/div>\n<\/div><div class=\"col-md-5    col-md-pull-7 text-default small-screen-default\"  ><div class=\"col-text-1 text-normal  element-top-40 element-bottom-0\" data-os-animation=\"none\" data-os-animation-delay=\"0s\">\n    <h2 id=\"NewHome9\/2017-MaximizeRevenue\">Unsere Dienstleistung<\/h2>\n<p>Wir unterst\u00fctzen Ihr Projekt bei <strong>Projektleitung<\/strong> und <strong>Software-Entwicklung<\/strong>, z.B. in PHP, JavaScript oder Python<strong>.<\/strong><\/p>\n<p>Transparentes und nachvollziehbares Time-Tracking und proaktives Vorgehen ist dabei selbstverst\u00e4ndlich.<\/p>\n<\/div>\n<a href=\"\/de\/features\/\" class=\"btn btn-primary btn-lg  text-normal   hidden-lg hidden-md hidden-sm hidden-xs element-left-0 element-right-0 element-top-30 element-bottom-0\" target=\"_self\"   data-os-animation=\"none\" data-os-animation-delay=\"0s\">\n\t    Mehr Dienstleistung     <\/a><\/div>        <\/div>\n    <\/div>\n<\/section>\n<section class=\"section mainArgumentRow text-normal section-text-no-shadow section-inner-no-shadow section-normal section-opaque\"  >\n    \n    <div class=\"background-overlay grid-overlay-0 \" style=\"background-color: rgba(0,0,0,0);\"><\/div>\n\n    <div class=\"container container-vertical-default\">\n        <div class=\"row vertical-default\">\n            <div class=\"col-md-7     text-center small-screen-default\"  ><div class=\"figure element-top-50 element-bottom-0  howItWorksImage\" data-os-animation=\"none\" data-os-animation-delay=\"0s\">\n            <a href=\"\/de\/features\/personalisierung\" class=\"figure-image \" target=\"_self\">\n        <img width=\"1918\" height=\"730\" src=\"https:\/\/www.recolize.com\/wp-content\/uploads\/how-it-works.png\" class=\"attachment-full size-full\" alt=\"\" decoding=\"async\" loading=\"lazy\" srcset=\"https:\/\/www.recolize.com\/wp-content\/uploads\/how-it-works.png 1918w, https:\/\/www.recolize.com\/wp-content\/uploads\/how-it-works-300x114.png 300w, https:\/\/www.recolize.com\/wp-content\/uploads\/how-it-works-768x292.png 768w, https:\/\/www.recolize.com\/wp-content\/uploads\/how-it-works-1024x390.png 1024w\" sizes=\"(max-width: 1918px) 100vw, 1918px\" \/>            <\/a>\n    <\/div>\n<\/div><div class=\"col-md-5     text-default small-screen-default\"  ><div class=\"col-text-1 text-normal  element-top-40 element-bottom-0\" data-os-animation=\"none\" data-os-animation-delay=\"0s\">\n    <h2 id=\"NewFeaturePage9\/2017-PersonalizationEverywhere\">Unser Produkt<\/h2>\n<p>Mit unserer ausgezeichneten Software <strong>Recolize Recommendations<\/strong> integrieren Sie personalisierte Produktempfehlungen in jeden Shop auf allen Seiten mit nur 1 Klick.<\/p>\n<p>Egal ob Magento, PrestaShop, Shopify oder WordPress: nutzen Sie das Potential, um Ihre Kunden individuell nach deren W\u00fcnschen anzusprechen.<\/p>\n<\/div>\n<a href=\"\/de\/recommendations\/\" class=\"btn btn-primary btn-lg  text-normal   element-left-0 element-right-0 element-top-30 element-bottom-0\" target=\"_self\"   data-os-animation=\"none\" data-os-animation-delay=\"0s\">\n\t    Mehr Produkt     <\/a><\/div>        <\/div>\n    <\/div>\n<\/section>\n","protected":false},"excerpt":{"rendered":"Web-Development by Profis Wir sind ein perfekt eingespieltes Team aus zwei erfahrenen Software-Architekten mit jahrzehntelanger Erfahrung und eigenem Produkt. [vc_raw_html]JTNDZGl2JTIwY2xhc3MlM0QlMjJnZy1jbG91ZCUyMiUzRSUzQyUyRmRpdiUzRSUwQSUzQ3AlMjBjbGFzcyUzRCUyMnRhZy1jbG91ZCUyMiUzRSUwQSUyMCUyMCUzQ3NwYW4lMjBzdHlsZSUzRCUyMi0tdGFnLW11bHRpcGxpZXIlM0ElMjAxJTNCJTIyJTNFJTNDYSUyMGhyZWYlM0QlMjIlMjMlMjIlM0UlMjNEYXRhRG9nJTNDJTJGYSUzRSUzQyUyRnNwYW4lM0UlMEElMjAlMjAlM0NzcGFuJTIwc3R5bGUlM0QlMjItLXRhZy1tdWx0aXBsaWVyJTNBJTIwMiUzQiUyMiUzRSUzQ2ElMjBocmVmJTNEJTIyJTIzJTIyJTNFJTIzQVdTJTNDJTJGYSUzRSUzQyUyRnNwYW4lM0UlMEElMjAlMjAlM0NzcGFuJTIwc3R5bGUlM0QlMjItLXRhZy1tdWx0aXBsaWVyJTNBJTIwMS41JTNCJTIyJTNFJTNDYSUyMGhyZWYlM0QlMjIlMjMlMjIlM0UlMjNkZXZvcHMlM0MlMkZhJTNFJTNDJTJGc3BhbiUzRSUwQSUyMCUyMCUzQ3NwYW4lMjBzdHlsZSUzRCUyMi0tdGFnLW11bHRpcGxpZXIlM0ElMjAxLjUlM0IlMjIlM0UlM0NhJTIwaHJlZiUzRCUyMiUyMyUyMiUzRSUyM2RlcGxveW1lbnQlM0MlMkZhJTNFJTNDJTJGc3BhbiUzRSUwQSUyMCUyMCUzQ3NwYW4lMjBzdHlsZSUzRCUyMi0tdGFnLW11bHRpcGxpZXIlM0ElMjAxJTNCJTIyJTNFJTNDYSUyMGhyZWYlM0QlMjIlMjMlMjIlM0UlMjNQeXRob24lM0MlMkZhJTNFJTNDJTJGc3BhbiUzRSUwQSUyMCUyMCUzQ3NwYW4lMjBzdHlsZSUzRCUyMi0tdGFnLW11bHRpcGxpZXIlM0ElMjAyJTNCJTIyJTNFJTNDYSUyMGhyZWYlM0QlMjIlMjMlMjIlM0UlMjNNYWdlbnRvJTNDJTJGYSUzRSUzQyUyRnNwYW4lM0UlMEElMjAlMjAlM0NzcGFuJTIwc3R5bGUlM0QlMjItLXRhZy1tdWx0aXBsaWVyJTNBJTIwMiUzQiUyMiUzRSUzQ2ElMjBocmVmJTNEJTIyJTIzJTIyJTNFJTIzRWxhc3RpY3NlYXJjaCUzQyUyRmElM0UlM0MlMkZzcGFuJTNFJTBBJTIwJTIwJTNDc3BhbiUyMHN0eWxlJTNEJTIyLS10YWctbXVsdGlwbGllciUzQSUyMDIuNSUzQiUyMiUzRSUzQ2ElMjBocmVmJTNEJTIyJTIzJTIyJTNFJTIzUEhQJTNDJTJGYSUzRSUzQyUyRnNwYW4lM0UlMEElMjAlMjAlM0NzcGFuJTIwc3R5bGUlM0QlMjItLXRhZy1tdWx0aXBsaWVyJTNBJTIwMSUzQiUyMiUzRSUzQ2ElMjBocmVmJTNEJTIyJTIzJTIyJTNFJTIzcGVyZm9ybWFuY2UlM0MlMkZhJTNFJTNDJTJGc3BhbiUzRSUwQSUyMCUyMCUzQ3NwYW4lMjBzdHlsZSUzRCUyMi0tdGFnLW11bHRpcGxpZXIlM0ElMjAxLjUlM0IlMjIlM0UlM0NhJTIwaHJlZiUzRCUyMiUyMyUyMiUzRSUyM1JlYWN0SnMlM0MlMkZhJTNFJTNDJTJGc3BhbiUzRSUwQSUzQyUyRnAlM0U=[\/vc_raw_html] Unsere Story Wir haben jahrzehntelange Erfahrung als technische Projektleiter \u2013 dem Kit zwischen Product Ownern und Entwicklern \u2013 und sind bei unz\u00e4hligen Projekten immer wieder auf die gleichen Probleme gesto\u00dfen: untersch\u00e4tzte Aufw\u00e4nde und mangelhafte Umsetzung.","protected":false},"author":3,"featured_media":0,"parent":0,"menu_order":0,"comment_status":"closed","ping_status":"closed","template":"","meta":[],"tags":[],"_links":{"self":[{"href":"https:\/\/www.recolize.com\/de\/wp-json\/wp\/v2\/pages\/8079"}],"collection":[{"href":"https:\/\/www.recolize.com\/de\/wp-json\/wp\/v2\/pages"}],"about":[{"href":"https:\/\/www.recolize.com\/de\/wp-json\/wp\/v2\/types\/page"}],"author":[{"embeddable":true,"href":"https:\/\/www.recolize.com\/de\/wp-json\/wp\/v2\/users\/3"}],"replies":[{"embeddable":true,"href":"https:\/\/www.recolize.com\/de\/wp-json\/wp\/v2\/comments?post=8079"}],"version-history":[{"count":84,"href":"https:\/\/www.recolize.com\/de\/wp-json\/wp\/v2\/pages\/8079\/revisions"}],"predecessor-version":[{"id":8295,"href":"https:\/\/www.recolize.com\/de\/wp-json\/wp\/v2\/pages\/8079\/revisions\/8295"}],"wp:attachment":[{"href":"https:\/\/www.recolize.com\/de\/wp-json\/wp\/v2\/media?parent=8079"}],"wp:term":[{"taxonomy":"post_tag","embeddable":true,"href":"https:\/\/www.recolize.com\/de\/wp-json\/wp\/v2\/tags?post=8079"}],"curies":[{"name":"wp","href":"https:\/\/api.w.org\/{rel}","templated":true}]}}