{"id":8152,"date":"2023-03-22T12:12:51","date_gmt":"2023-03-22T11:12:51","guid":{"rendered":"https:\/\/www.recolize.com\/?page_id=8152"},"modified":"2025-07-18T10:45:30","modified_gmt":"2025-07-18T08:45:30","slug":"ueber-uns","status":"publish","type":"page","link":"https:\/\/www.recolize.com\/de\/ueber-uns\/","title":{"rendered":"\u00dcber Uns"},"content":{"rendered":"<section class=\"section  text-normal section-text-no-shadow section-inner-no-shadow section-normal section-opaque\"  id=\"pageHeader\" >\n    \n    <div class=\"background-overlay grid-overlay-0 \" style=\"background-color: rgba(0,130,160,1);\"><\/div>\n\n    <div class=\"container-fullwidth container-vertical-default\">\n        <div class=\"row vertical-default\">\n            <div class=\"col-md-12     text-center small-screen-default\"  ><div class=\"col-text-1 text-normal  element-top-0 element-bottom-20\" data-os-animation=\"none\" data-os-animation-delay=\"0s\">\n    <h1>\u00dcber Uns<\/h1>\n<p>Weil wir Ihre Software auf das n\u00e4chste Level heben.<\/p>\n<\/div>\n<\/div>        <\/div>\n    <\/div>\n<\/section>\n<section class=\"section mainArgumentRow text-normal section-text-no-shadow section-inner-no-shadow section-normal section-opaque\"  >\n    \n    <div class=\"background-overlay grid-overlay-0 \" style=\"background-color: rgba(0,0,0,0);\"><\/div>\n\n    <div class=\"container container-vertical-default\">\n        <div class=\"row vertical-default\">\n            <div class=\"col-md-1     text-right small-screen-default\"  ><\/div><div class=\"col-md-2     text-default small-screen-default\"  ><div class=\"figure element-top-20 element-bottom-0  logoIconImage\" data-os-animation=\"none\" data-os-animation-delay=\"0s\">\n            <span class=\"figure-image\">\n        <img width=\"584\" height=\"580\" src=\"https:\/\/www.recolize.com\/wp-content\/uploads\/2016\/06\/recolize-icon.png\" class=\"attachment-full size-full\" alt=\"\" decoding=\"async\" loading=\"lazy\" srcset=\"https:\/\/www.recolize.com\/wp-content\/uploads\/2016\/06\/recolize-icon.png 584w, https:\/\/www.recolize.com\/wp-content\/uploads\/2016\/06\/recolize-icon-150x150.png 150w, https:\/\/www.recolize.com\/wp-content\/uploads\/2016\/06\/recolize-icon-300x298.png 300w\" sizes=\"(max-width: 584px) 100vw, 584px\" \/>            <\/span>\n    <\/div>\n<\/div><div class=\"col-md-8     text-default small-screen-default\"  ><div class=\"col-text-1 text-normal  element-top-20 element-bottom-20\" data-os-animation=\"none\" data-os-animation-delay=\"0s\">\n    <h2>Unsere Idee<\/h2>\n<\/div>\n<blockquote class=\" text-left text-normal element-top-20 element-bottom-20\" data-os-animation=\"none\" data-os-animation-delay=\"0s\">\n    <p>Die Idee zur Gr\u00fcndung von Recolize hatte Michi, der durch seine Erfahrungen als Teamleiter bei maxdome und CTO von ePetWorld erkannt hat, dass komplexe technische Produkte f\u00fcr einen erfolgreichen Einsatz auch von technischen Laien direkt verstanden werden m\u00fcssen. Kombiniert mit Chris, der sich seit der ersten Magento Version 2008 mit der Online-Shopsoftware besch\u00e4ftigt, haben wir die\u00a0Recolize Recommendation Engine\u00a0konzipiert und als unser erstes Produkt erfolgreich vermarktet.<\/p>\n<p>Bei unserer Arbeit stehen f\u00fcr uns eine professionelle Herangehensweise und ein extrem hoher Qualit\u00e4tsstandard, sowie eine konsequente Sichtweise auf die Bed\u00fcrfnisse des Nutzers im Vordergrund.<br \/>\nSo entwickelten wir\u00a0Recolize\u00a0zu einem Dienstleister weiter, um unser Software-Knowhow allen Kunden anbieten zu k\u00f6nnen.<br \/>\n<\/p>\n            <footer>Chris und Michael<\/footer>\n    <\/blockquote><\/div><div class=\"col-md-1     text-default small-screen-default\"  ><\/div>        <\/div>\n    <\/div>\n<\/section>\n<section class=\"section threeAdvantagesSection text-normal section-text-no-shadow section-inner-no-shadow section-normal section-opaque\"  >\n    \n    <div class=\"background-overlay grid-overlay-0 \" style=\"background-color: rgba(0,0,0,0);\"><\/div>\n\n    <div class=\"container-fullwidth container-vertical-default\">\n        <div class=\"row vertical-default\">\n            <div class=\"col-md-12     text-center small-screen-default\"  ><div class=\"col-text-1 text-normal  element-top-20 element-bottom-20\" data-os-animation=\"none\" data-os-animation-delay=\"0s\">\n    <h2>Unser Versprechen<\/h2>\n<\/div>\n<div class=\"row threeAdvantagesRow mainArgumentRow\"><div class=\"col-md-4     text-default small-screen-default\"  style=\"background:#ebe168;\"><div class=\"col-text-1 text-normal  element-top-20 element-bottom-20\" data-os-animation=\"none\" data-os-animation-delay=\"0s\">\n    <h2 style=\"font-size: 100px; display: block;\">1<\/h2>\n<h2>Vertrauen<\/h2>\n<p>Pers\u00f6nlicher Kontakt und die Beziehung zu unseren Kunden sind das Wichtigste f\u00fcr uns.<\/p>\n<\/div>\n<\/div><div class=\"col-md-4     text-default small-screen-default\"  style=\"background:#96ffa3;\"><div class=\"col-text-1 text-normal  element-top-20 element-bottom-20\" data-os-animation=\"none\" data-os-animation-delay=\"0s\">\n    <h2 style=\"font-size: 100px;\">2<\/h2>\n<h2>Erfahrung<\/h2>\n<p>\u00dcber 25 Jahre Erfahrung im E-Commerce-Bereich &#8211; als technische Projektleiter und Entwickler.<\/p>\n<\/div>\n<\/div><div class=\"col-md-4     text-default small-screen-default\"  style=\"background:#ffc8b0;\"><div class=\"col-text-1 text-normal  element-top-20 element-bottom-20\" data-os-animation=\"none\" data-os-animation-delay=\"0s\">\n    <h2 style=\"font-size: 100px;\">3<\/h2>\n<h2>Qualit\u00e4t<\/h2>\n<p>100 % in M\u00fcnchen entwickelt.<br \/>\nAusgeliefert von Servern in Deutschland.<\/p>\n<\/div>\n<\/div><\/div><\/div>        <\/div>\n    <\/div>\n<\/section>\n<section class=\"section mainArgumentRow text-normal section-text-no-shadow section-inner-no-shadow section-normal section-opaque\"  >\n    \n    <div class=\"background-overlay grid-overlay-0 \" style=\"background-color: rgba(0,0,0,0);\"><\/div>\n\n    <div class=\"container container-vertical-default\">\n        <div class=\"row vertical-default\">\n            <div class=\"col-md-7    col-md-push-5 text-center small-screen-default\"  ><div class=\"figure element-top-0 element-bottom-0  \" data-os-animation=\"none\" data-os-animation-delay=\"0s\">\n            <span class=\"figure-image\">\n        <img width=\"350\" height=\"527\" src=\"https:\/\/www.recolize.com\/wp-content\/uploads\/2016\/08\/michael-stork.jpg\" class=\"attachment-full size-full\" alt=\"\" decoding=\"async\" loading=\"lazy\" srcset=\"https:\/\/www.recolize.com\/wp-content\/uploads\/2016\/08\/michael-stork.jpg 350w, https:\/\/www.recolize.com\/wp-content\/uploads\/2016\/08\/michael-stork-199x300.jpg 199w\" sizes=\"(max-width: 350px) 100vw, 350px\" \/>            <\/span>\n    <\/div>\n<\/div><div class=\"col-md-5    col-md-pull-7 text-default small-screen-default\"  ><div class=\"col-text-1 text-normal  element-top-40 element-bottom-0\" data-os-animation=\"none\" data-os-animation-delay=\"0s\">\n    <h2>Michael Stork<\/h2>\n<p>Mit \u00fcber 16 Jahren Berufserfahrung in der Entwicklung und der Leitung von Web-Projekten mit unter anderen mehr als 5.000 Entwicklertagen pro Projekt, liegt eine ereignis- und erfahrungsreiche Zeit hinter Michael Stork. Die F\u00fchrung von Softwareentwicklungsteams und die Entwicklung von trafficstarken und performanten Webapplikation auf Basis von Magento sind Teil seiner t\u00e4glichen Aufgaben als Software Consultant. Bei der Entwicklung einer innovativen und einzigarten Personalisierungssoftware setzt er dieses gesammelte Wissen f\u00fcr ein exzellentes Ergebnis f\u00fcr die Kunden von Recolize ein.<\/p>\n<\/div>\n<div class=\"element-top-20 element-bottom-20\" data-os-animation=\"none\" data-os-animation-delay=\"0s\">\n        <ul class=\"social-icons text-light social-lg social-simple social-circle \">                <li>\n                    <a href=\"https:\/\/github.com\/hafual\" target=\"_self\" style=\"background-color:#82c9ed;\" data-iconcolor=\"#4183c4\">\n                        <i class=\"fa fa-github\"><\/i>\n                    <\/a>\n                <\/li>                <li>\n                    <a href=\"https:\/\/www.linkedin.com\/in\/michael-stork-b6b8b956\/\" target=\"_self\" style=\"background-color:#82c9ed;\" data-iconcolor=\"#5FB0D5\">\n                        <i class=\"fa fa-linkedin\"><\/i>\n                    <\/a>\n                <\/li>    <\/ul>\n<\/div><\/div>        <\/div>\n    <\/div>\n<\/section>\n<section class=\"section mainArgumentRow text-normal section-text-no-shadow section-inner-no-shadow section-normal section-opaque\"  >\n    \n    <div class=\"background-overlay grid-overlay-0 \" style=\"background-color: rgba(0,0,0,0);\"><\/div>\n\n    <div class=\"container container-vertical-default\">\n        <div class=\"row vertical-default\">\n            <div class=\"col-md-7     text-center small-screen-default\"  ><div class=\"figure element-top-50 element-bottom-0  \" data-os-animation=\"none\" data-os-animation-delay=\"0s\">\n            <span class=\"figure-image\">\n        <img width=\"350\" height=\"527\" src=\"https:\/\/www.recolize.com\/wp-content\/uploads\/2016\/08\/christoph-massmann.jpg\" class=\"attachment-full size-full\" alt=\"\" decoding=\"async\" loading=\"lazy\" srcset=\"https:\/\/www.recolize.com\/wp-content\/uploads\/2016\/08\/christoph-massmann.jpg 350w, https:\/\/www.recolize.com\/wp-content\/uploads\/2016\/08\/christoph-massmann-199x300.jpg 199w\" sizes=\"(max-width: 350px) 100vw, 350px\" \/>            <\/span>\n    <\/div>\n<\/div><div class=\"col-md-5     text-default small-screen-default\"  ><div class=\"col-text-1 text-normal  element-top-40 element-bottom-0\" data-os-animation=\"none\" data-os-animation-delay=\"0s\">\n    <h2>Christoph Ma\u00dfmann<\/h2>\n<p>Seit der Ver\u00f6ffentlichung der ersten Magento-Version im Jahr 2008 besch\u00e4ftigte sich Christoph Ma\u00dfmann mit Leidenschaft als freiberuflicher Software-Entwickler und \u2013Berater mit allen Themen rund um E-Commerce-L\u00f6sungen.<br \/>\nAls Diplom-Ingenieur in der Informationstechnik und mit dem Know-How als Magento Certified Developer und Zend Certified Engineer konnte er in \u00fcber 100 Web-Projekten praxisnahe L\u00f6sungen sowie mehrere kommerzielle Magento-Extensions entwickeln. Auf Basis dieser Erfahrung entsteht mit Recolize eine herausragende Personalisierungssoftware \u2013 nat\u00fcrlich auch f\u00fcr Magento.<\/p>\n<\/div>\n<div class=\"element-top-20 element-bottom-20\" data-os-animation=\"none\" data-os-animation-delay=\"0s\">\n        <ul class=\"social-icons text-light social-lg social-simple social-circle \">                <li>\n                    <a href=\"https:\/\/github.com\/ma4nn\" target=\"_blank\" style=\"background-color:#82c9ed;\" data-iconcolor=\"#4183c4\">\n                        <i class=\"fa fa-github\"><\/i>\n                    <\/a>\n                <\/li>                <li>\n                    <a href=\"https:\/\/linkedin.com\/in\/christophmassmann\" target=\"_blank\" style=\"background-color:#82c9ed;\" data-iconcolor=\"#5FB0D5\">\n                        <i class=\"fa fa-linkedin\"><\/i>\n                    <\/a>\n                <\/li>                <li>\n                    <a href=\"http:\/\/christophmassmann\" target=\"_blank\" style=\"background-color:#82c9ed;\" data-iconcolor=\"#00aff0\">\n                        <i class=\"fa fa-skype\"><\/i>\n                    <\/a>\n                <\/li>    <\/ul>\n<\/div><\/div>        <\/div>\n    <\/div>\n<\/section>\n<section class=\"section referenceRow text-normal section-text-no-shadow section-inner-no-shadow section-normal section-opaque\"  >\n    \n    <div class=\"background-overlay grid-overlay-0 \" style=\"background-color: rgba(0,0,0,0);\"><\/div>\n\n    <div class=\"container container-vertical-default\">\n        <div class=\"row vertical-default\">\n            <div class=\"col-md-12     text-center small-screen-default\"  ><div class=\"col-text-1 text-normal  element-top-0 element-bottom-0\" data-os-animation=\"none\" data-os-animation-delay=\"0s\">\n    <h2 class=\"c-type-headline-primary\">Recolize in Aktion<\/h2>\n<\/div>\n<div class=\"portfolio-container  element-top-20 element-bottom-20 text-normal\"><div class=\"row\">\r\n    <div class=\"col-md-12\">\r\n        <div class=\"portfolio-header clearfix\">\r\n                        <div class=\"portfolio-filters pull-right\">\r\n                                                            <\/div>\r\n        <\/div>\r\n    <\/div>\r\n<\/div>\r\n<div class=\"portfolio masonry no-transition\" data-padding=\"30\" data-col-xs=\"1\" data-col-sm=\"2\" data-col-md=\"3\" data-col-lg=\"5\" data-layout=\"fitRows\">\n    <\/div>\n<\/div><a href=\"\/de\/referenzen\/\" class=\"btn btn-primary btn-lg  text-normal   element-left-0 element-right-0 element-top-30 element-bottom-0\" target=\"_self\"   data-os-animation=\"none\" data-os-animation-delay=\"0s\">\n\t    Alle Referenzen ansehen     <\/a><\/div>        <\/div>\n    <\/div>\n<\/section>\n","protected":false},"excerpt":{"rendered":"\u00dcber Uns Weil wir Ihre Software auf das n\u00e4chste Level heben. Unsere Idee Die Idee zur Gr\u00fcndung von Recolize hatte Michi, der durch seine Erfahrungen als Teamleiter bei maxdome und CTO von ePetWorld erkannt hat, dass komplexe technische Produkte f\u00fcr einen erfolgreichen Einsatz auch von technischen Laien direkt verstanden werden m\u00fcssen. Kombiniert mit Chris, der","protected":false},"author":3,"featured_media":0,"parent":0,"menu_order":0,"comment_status":"closed","ping_status":"closed","template":"","meta":[],"tags":[],"_links":{"self":[{"href":"https:\/\/www.recolize.com\/de\/wp-json\/wp\/v2\/pages\/8152"}],"collection":[{"href":"https:\/\/www.recolize.com\/de\/wp-json\/wp\/v2\/pages"}],"about":[{"href":"https:\/\/www.recolize.com\/de\/wp-json\/wp\/v2\/types\/page"}],"author":[{"embeddable":true,"href":"https:\/\/www.recolize.com\/de\/wp-json\/wp\/v2\/users\/3"}],"replies":[{"embeddable":true,"href":"https:\/\/www.recolize.com\/de\/wp-json\/wp\/v2\/comments?post=8152"}],"version-history":[{"count":29,"href":"https:\/\/www.recolize.com\/de\/wp-json\/wp\/v2\/pages\/8152\/revisions"}],"predecessor-version":[{"id":8352,"href":"https:\/\/www.recolize.com\/de\/wp-json\/wp\/v2\/pages\/8152\/revisions\/8352"}],"wp:attachment":[{"href":"https:\/\/www.recolize.com\/de\/wp-json\/wp\/v2\/media?parent=8152"}],"wp:term":[{"taxonomy":"post_tag","embeddable":true,"href":"https:\/\/www.recolize.com\/de\/wp-json\/wp\/v2\/tags?post=8152"}],"curies":[{"name":"wp","href":"https:\/\/api.w.org\/{rel}","templated":true}]}}