{"id":1237,"date":"2016-08-12T18:38:51","date_gmt":"2016-08-12T16:38:51","guid":{"rendered":"https:\/\/www.recolize.com\/en\/?page_id=1237"},"modified":"2021-08-06T14:14:17","modified_gmt":"2021-08-06T12:14:17","slug":"legal-notice","status":"publish","type":"page","link":"https:\/\/www.recolize.com\/en\/legal-notice\/","title":{"rendered":"Legal Notice"},"content":{"rendered":"<section class=\"section  text-normal section-text-no-shadow section-inner-no-shadow section-normal section-opaque\"  >\n    \n    <div class=\"background-overlay grid-overlay-0 \" style=\"background-color: rgba(0,0,0,0);\"><\/div>\n\n    <div class=\"container container-vertical-default\">\n        <div class=\"row vertical-default\">\n            <div class=\"col-md-8     text-default small-screen-default\"  ><div class=\"col-text-1 text-normal  element-top-0 element-bottom-0\" data-os-animation=\"none\" data-os-animation-delay=\"0s\">\n    <address>\n<h3>Recolize GmbH<\/h3>\n<p>Gr\u00fcnwalder Weg 32<br \/>\n82041 Oberhaching<br \/>\nDeutschland<\/p>\n<\/address>\n<p>Tel.: +49 89 1222373 20<br \/>\nE-Mail: <a href=\"mailto:service@recolize.com\">service@recolize.com<\/a><\/p>\n<p>Gesch\u00e4ftsf\u00fchrer: Michael Stork, Christoph Ma\u00dfmann<\/p>\n<p>Registergericht: Amtsgericht M\u00fcnchen<br \/>\nRegisternummer: HRB 218811<br \/>\nUSt-IdNr.: DE300638009<\/p>\n<p>&nbsp;<\/p>\n<h4>Information regarding our payment methods<\/h4>\n<p>Die Abrechnung der Webseite via Kreditkarte<br \/>\nerfolgt durch:<\/p>\n<p>HUELLEMANN &amp; STRAUSS ONLINESERVICES S.\u00e0 r.l.<br \/>\n1, Place du March\u00e9<br \/>\nL-6755 Grevenmacher<br \/>\nR.C.S. Luxembourg B 144133<br \/>\nE-Mail: info @ hso-services.com<\/p>\n<p>Gesch\u00e4ftsf\u00fchrer:<br \/>\nDipl. Vw. Mirko H\u00fcllemann<br \/>\nHeiko Strau\u00df<\/p>\n<\/div>\n<\/div><div class=\"col-md-4     text-default small-screen-default\"  ><\/div>        <\/div>\n    <\/div>\n<\/section>\n\n","protected":false},"excerpt":{"rendered":"Recolize GmbH Gr\u00fcnwalder Weg 32 82041 Oberhaching Deutschland Tel.: +49 89 1222373 20 E-Mail: service@recolize.com Gesch\u00e4ftsf\u00fchrer: Michael Stork, Christoph Ma\u00dfmann Registergericht: Amtsgericht M\u00fcnchen Registernummer: HRB 218811 USt-IdNr.: DE300638009 &nbsp; Information regarding our payment methods Die Abrechnung der Webseite via Kreditkarte erfolgt durch: HUELLEMANN &amp; STRAUSS ONLINESERVICES S.\u00e0 r.l. 1, Place du March\u00e9 L-6755 Grevenmacher R.C.S.","protected":false},"author":1,"featured_media":0,"parent":0,"menu_order":0,"comment_status":"closed","ping_status":"closed","template":"","meta":[],"tags":[],"_links":{"self":[{"href":"https:\/\/www.recolize.com\/en\/wp-json\/wp\/v2\/pages\/1237"}],"collection":[{"href":"https:\/\/www.recolize.com\/en\/wp-json\/wp\/v2\/pages"}],"about":[{"href":"https:\/\/www.recolize.com\/en\/wp-json\/wp\/v2\/types\/page"}],"author":[{"embeddable":true,"href":"https:\/\/www.recolize.com\/en\/wp-json\/wp\/v2\/users\/1"}],"replies":[{"embeddable":true,"href":"https:\/\/www.recolize.com\/en\/wp-json\/wp\/v2\/comments?post=1237"}],"version-history":[{"count":6,"href":"https:\/\/www.recolize.com\/en\/wp-json\/wp\/v2\/pages\/1237\/revisions"}],"predecessor-version":[{"id":8031,"href":"https:\/\/www.recolize.com\/en\/wp-json\/wp\/v2\/pages\/1237\/revisions\/8031"}],"wp:attachment":[{"href":"https:\/\/www.recolize.com\/en\/wp-json\/wp\/v2\/media?parent=1237"}],"wp:term":[{"taxonomy":"post_tag","embeddable":true,"href":"https:\/\/www.recolize.com\/en\/wp-json\/wp\/v2\/tags?post=1237"}],"curies":[{"name":"wp","href":"https:\/\/api.w.org\/{rel}","templated":true}]}}